{"id":225,"date":"2024-05-13T07:29:39","date_gmt":"2024-05-13T06:29:39","guid":{"rendered":"http:\/\/40.113.51.165\/?page_id=225"},"modified":"2024-08-30T08:31:57","modified_gmt":"2024-08-30T07:31:57","slug":"news","status":"publish","type":"page","link":"https:\/\/www.emvico.se\/en\/news\/","title":{"rendered":"News"},"content":{"rendered":"\n[et_pb_section admin_label=&#8221;section&#8221;]\n\t\t\t[et_pb_row admin_label=&#8221;row&#8221;]\n\t\t\t\t[et_pb_column type=&#8221;4_4&#8243;][et_pb_text admin_label=&#8221;Text&#8221;][\/et_pb_text][\/et_pb_column]\n\t\t\t[\/et_pb_row]\n\t\t[\/et_pb_section]\n","protected":false},"excerpt":{"rendered":"","protected":false},"author":2,"featured_media":0,"parent":0,"menu_order":0,"comment_status":"closed","ping_status":"closed","template":"","meta":{"_et_pb_use_builder":"on","_et_pb_old_content":"<!-- wp:divi\/placeholder \/-->","_et_gb_content_width":"","inline_featured_image":false,"footnotes":""},"class_list":["post-225","page","type-page","status-publish","hentry"],"yoast_head":"<!-- This site is optimized with the Yoast SEO plugin v27.0 - https:\/\/yoast.com\/product\/yoast-seo-wordpress\/ -->\n<title>Emvico Nyheter: Senaste uppdateringar och framsteg<\/title>\n<meta name=\"description\" content=\"H\u00e5ll dig uppdaterad med Emvico\u2019s senaste nyheter. L\u00e4s om v\u00e5ra senaste framsteg, innovationer och viktiga h\u00e4ndelser inom IT och digitala l\u00f6sningar.\" \/>\n<meta name=\"robots\" content=\"index, follow, max-snippet:-1, max-image-preview:large, max-video-preview:-1\" \/>\n<link rel=\"canonical\" href=\"https:\/\/www.emvico.se\/en\/news\/\" \/>\n<meta property=\"og:locale\" content=\"en_US\" \/>\n<meta property=\"og:type\" content=\"article\" \/>\n<meta property=\"og:title\" content=\"Emvico Nyheter: Senaste uppdateringar och framsteg\" \/>\n<meta property=\"og:description\" content=\"H\u00e5ll dig uppdaterad med Emvico\u2019s senaste nyheter. L\u00e4s om v\u00e5ra senaste framsteg, innovationer och viktiga h\u00e4ndelser inom IT och digitala l\u00f6sningar.\" \/>\n<meta property=\"og:url\" content=\"https:\/\/www.emvico.se\/en\/news\/\" \/>\n<meta property=\"article:modified_time\" content=\"2024-08-30T07:31:57+00:00\" \/>\n<meta property=\"og:image\" content=\"https:\/\/www.emvico.se\/wp-content\/uploads\/2025\/08\/open-graph-default-image.jpg\" \/>\n\t<meta property=\"og:image:width\" content=\"1200\" \/>\n\t<meta property=\"og:image:height\" content=\"675\" \/>\n\t<meta property=\"og:image:type\" content=\"image\/jpeg\" \/>\n<script type=\"application\/ld+json\" class=\"yoast-schema-graph\">{\"@context\":\"https:\/\/schema.org\",\"@graph\":[{\"@type\":\"WebPage\",\"@id\":\"https:\/\/www.emvico.se\/news\/\",\"url\":\"https:\/\/www.emvico.se\/news\/\",\"name\":\"Emvico Nyheter: Senaste uppdateringar och framsteg\",\"isPartOf\":{\"@id\":\"https:\/\/www.emvico.se\/#website\"},\"datePublished\":\"2024-05-13T06:29:39+00:00\",\"dateModified\":\"2024-08-30T07:31:57+00:00\",\"description\":\"H\u00e5ll dig uppdaterad med Emvico\u2019s senaste nyheter. L\u00e4s om v\u00e5ra senaste framsteg, innovationer och viktiga h\u00e4ndelser inom IT och digitala l\u00f6sningar.\",\"breadcrumb\":{\"@id\":\"https:\/\/www.emvico.se\/news\/#breadcrumb\"},\"inLanguage\":\"en-US\",\"potentialAction\":[{\"@type\":\"ReadAction\",\"target\":[\"https:\/\/www.emvico.se\/news\/\"]}]},{\"@type\":\"BreadcrumbList\",\"@id\":\"https:\/\/www.emvico.se\/news\/#breadcrumb\",\"itemListElement\":[{\"@type\":\"ListItem\",\"position\":1,\"name\":\"Home\",\"item\":\"https:\/\/www.emvico.se\/\"},{\"@type\":\"ListItem\",\"position\":2,\"name\":\"News\"}]},{\"@type\":\"WebSite\",\"@id\":\"https:\/\/www.emvico.se\/#website\",\"url\":\"https:\/\/www.emvico.se\/\",\"name\":\"Emvico.se\",\"description\":\"When it is important\",\"publisher\":{\"@id\":\"https:\/\/www.emvico.se\/#organization\"},\"alternateName\":\"Emvico\",\"potentialAction\":[{\"@type\":\"SearchAction\",\"target\":{\"@type\":\"EntryPoint\",\"urlTemplate\":\"https:\/\/www.emvico.se\/?s={search_term_string}\"},\"query-input\":{\"@type\":\"PropertyValueSpecification\",\"valueRequired\":true,\"valueName\":\"search_term_string\"}}],\"inLanguage\":\"en-US\"},{\"@type\":\"Organization\",\"@id\":\"https:\/\/www.emvico.se\/#organization\",\"name\":\"Emvico AB\",\"alternateName\":\"Emvico\",\"url\":\"https:\/\/www.emvico.se\/\",\"logo\":{\"@type\":\"ImageObject\",\"inLanguage\":\"en-US\",\"@id\":\"https:\/\/www.emvico.se\/#\/schema\/logo\/image\/\",\"url\":\"https:\/\/www.emvico.se\/wp-content\/uploads\/2024\/05\/emvico_logo_black.svg\",\"contentUrl\":\"https:\/\/www.emvico.se\/wp-content\/uploads\/2024\/05\/emvico_logo_black.svg\",\"width\":200,\"height\":48,\"caption\":\"Emvico AB\"},\"image\":{\"@id\":\"https:\/\/www.emvico.se\/#\/schema\/logo\/image\/\"},\"sameAs\":[\"https:\/\/www.linkedin.com\/company\/emvico-ab\/\"]}]}<\/script>\n<!-- \/ Yoast SEO plugin. -->","yoast_head_json":{"title":"Emvico Nyheter: Senaste uppdateringar och framsteg","description":"H\u00e5ll dig uppdaterad med Emvico\u2019s senaste nyheter. L\u00e4s om v\u00e5ra senaste framsteg, innovationer och viktiga h\u00e4ndelser inom IT och digitala l\u00f6sningar.","robots":{"index":"index","follow":"follow","max-snippet":"max-snippet:-1","max-image-preview":"max-image-preview:large","max-video-preview":"max-video-preview:-1"},"canonical":"https:\/\/www.emvico.se\/en\/news\/","og_locale":"en_US","og_type":"article","og_title":"Emvico Nyheter: Senaste uppdateringar och framsteg","og_description":"H\u00e5ll dig uppdaterad med Emvico\u2019s senaste nyheter. L\u00e4s om v\u00e5ra senaste framsteg, innovationer och viktiga h\u00e4ndelser inom IT och digitala l\u00f6sningar.","og_url":"https:\/\/www.emvico.se\/en\/news\/","article_modified_time":"2024-08-30T07:31:57+00:00","og_image":[{"width":1200,"height":675,"url":"https:\/\/www.emvico.se\/wp-content\/uploads\/2025\/08\/open-graph-default-image.jpg","type":"image\/jpeg"}],"schema":{"@context":"https:\/\/schema.org","@graph":[{"@type":"WebPage","@id":"https:\/\/www.emvico.se\/news\/","url":"https:\/\/www.emvico.se\/news\/","name":"Emvico Nyheter: Senaste uppdateringar och framsteg","isPartOf":{"@id":"https:\/\/www.emvico.se\/#website"},"datePublished":"2024-05-13T06:29:39+00:00","dateModified":"2024-08-30T07:31:57+00:00","description":"H\u00e5ll dig uppdaterad med Emvico\u2019s senaste nyheter. L\u00e4s om v\u00e5ra senaste framsteg, innovationer och viktiga h\u00e4ndelser inom IT och digitala l\u00f6sningar.","breadcrumb":{"@id":"https:\/\/www.emvico.se\/news\/#breadcrumb"},"inLanguage":"en-US","potentialAction":[{"@type":"ReadAction","target":["https:\/\/www.emvico.se\/news\/"]}]},{"@type":"BreadcrumbList","@id":"https:\/\/www.emvico.se\/news\/#breadcrumb","itemListElement":[{"@type":"ListItem","position":1,"name":"Home","item":"https:\/\/www.emvico.se\/"},{"@type":"ListItem","position":2,"name":"News"}]},{"@type":"WebSite","@id":"https:\/\/www.emvico.se\/#website","url":"https:\/\/www.emvico.se\/","name":"Emvico.se","description":"When it is important","publisher":{"@id":"https:\/\/www.emvico.se\/#organization"},"alternateName":"Emvico","potentialAction":[{"@type":"SearchAction","target":{"@type":"EntryPoint","urlTemplate":"https:\/\/www.emvico.se\/?s={search_term_string}"},"query-input":{"@type":"PropertyValueSpecification","valueRequired":true,"valueName":"search_term_string"}}],"inLanguage":"en-US"},{"@type":"Organization","@id":"https:\/\/www.emvico.se\/#organization","name":"Emvico AB","alternateName":"Emvico","url":"https:\/\/www.emvico.se\/","logo":{"@type":"ImageObject","inLanguage":"en-US","@id":"https:\/\/www.emvico.se\/#\/schema\/logo\/image\/","url":"https:\/\/www.emvico.se\/wp-content\/uploads\/2024\/05\/emvico_logo_black.svg","contentUrl":"https:\/\/www.emvico.se\/wp-content\/uploads\/2024\/05\/emvico_logo_black.svg","width":200,"height":48,"caption":"Emvico AB"},"image":{"@id":"https:\/\/www.emvico.se\/#\/schema\/logo\/image\/"},"sameAs":["https:\/\/www.linkedin.com\/company\/emvico-ab\/"]}]}},"_links":{"self":[{"href":"https:\/\/www.emvico.se\/en\/wp-json\/wp\/v2\/pages\/225","targetHints":{"allow":["GET"]}}],"collection":[{"href":"https:\/\/www.emvico.se\/en\/wp-json\/wp\/v2\/pages"}],"about":[{"href":"https:\/\/www.emvico.se\/en\/wp-json\/wp\/v2\/types\/page"}],"author":[{"embeddable":true,"href":"https:\/\/www.emvico.se\/en\/wp-json\/wp\/v2\/users\/2"}],"replies":[{"embeddable":true,"href":"https:\/\/www.emvico.se\/en\/wp-json\/wp\/v2\/comments?post=225"}],"version-history":[{"count":5,"href":"https:\/\/www.emvico.se\/en\/wp-json\/wp\/v2\/pages\/225\/revisions"}],"predecessor-version":[{"id":5194,"href":"https:\/\/www.emvico.se\/en\/wp-json\/wp\/v2\/pages\/225\/revisions\/5194"}],"wp:attachment":[{"href":"https:\/\/www.emvico.se\/en\/wp-json\/wp\/v2\/media?parent=225"}],"curies":[{"name":"wp","href":"https:\/\/api.w.org\/{rel}","templated":true}]}}