{"id":5389,"date":"2024-09-06T15:05:03","date_gmt":"2024-09-06T14:05:03","guid":{"rendered":"https:\/\/www.emvico.se\/?page_id=5389"},"modified":"2025-09-12T09:13:28","modified_gmt":"2025-09-12T08:13:28","slug":"team-sourcing","status":"publish","type":"page","link":"https:\/\/www.emvico.se\/en\/it-partner\/team-sourcing\/","title":{"rendered":"Team sourcing"},"content":{"rendered":"<p>[et_pb_section fb_built=&#8221;1&#8243; admin_label=&#8221;Section&#8221; module_id=&#8221;em-solutions&#8221; module_class=&#8221;em-solutions-section&#8221; _builder_version=&#8221;4.27.2&#8243; _module_preset=&#8221;default&#8221; background_color=&#8221;#ffffff&#8221; custom_margin=&#8221;0px|0px|0px|0px|false|false&#8221; custom_padding=&#8221;0px|0px|0px|0px|false|false&#8221; global_colors_info=&#8221;{}&#8221;][et_pb_row admin_label=&#8221;Intro&#8221; module_class=&#8221;em-solutions-row-header&#8221; _builder_version=&#8221;4.27.2&#8243; _module_preset=&#8221;default&#8221; background_image=&#8221;https:\/\/www.emvico.se\/wp-content\/uploads\/2024\/10\/dna-strand.jpg&#8221; custom_padding=&#8221;||||false|false&#8221; border_radii=&#8221;on|40px|40px|40px|40px&#8221; locked=&#8221;off&#8221; global_colors_info=&#8221;{}&#8221;][et_pb_column type=&#8221;4_4&#8243; module_class=&#8221;em-solutions-column-header&#8221; _builder_version=&#8221;4.27.2&#8243; _module_preset=&#8221;default&#8221; custom_padding=&#8221;|400px||400px|false|true&#8221; custom_padding_tablet=&#8221;|4rem||4rem|false|true&#8221; custom_padding_phone=&#8221;|4rem||4rem|false|true&#8221; custom_padding_last_edited=&#8221;on|tablet&#8221; global_colors_info=&#8221;{}&#8221;][et_pb_heading title=&#8221;Kompletta team f\u00f6r din mjukvaruutveckling&#8221; _builder_version=&#8221;4.27.0&#8243; _module_preset=&#8221;default&#8221; title_level=&#8221;h1&#8243; title_font=&#8221;|700|||||||&#8221; title_text_color=&#8221;#ffffff&#8221; title_font_size=&#8221;2.5rem&#8221; title_line_height=&#8221;3rem&#8221; global_colors_info=&#8221;{}&#8221;][\/et_pb_heading][et_pb_text module_class=&#8221;em-fleethub-column-text&#8221; _builder_version=&#8221;4.27.2&#8243; _module_preset=&#8221;default&#8221; text_text_color=&#8221;#ffffff&#8221; text_font_size=&#8221;1.25rem&#8221; global_colors_info=&#8221;{}&#8221;]<\/p>\n<p>Emvico \u00e4r en bepr\u00f6vad partner f\u00f6r att s\u00e4tta upp effektiva team med alla de roller som kr\u00e4vs f\u00f6r mjukvaruutveckling. V\u00e5ra resurser finns i Stockholm, Warschau, Lviv och Budapest. P\u00e5 kort varsel kan vi s\u00e4tta ihop kompletta mjukvaruutvecklingsteam just f\u00f6r er.<\/p>\n<p>[\/et_pb_text][et_pb_button button_url=&#8221;\/contact\/&#8221; button_text=&#8221;Kontakta oss idag&#8221; button_alignment=&#8221;left&#8221; module_class=&#8221;em-button&#8221; _builder_version=&#8221;4.27.3&#8243; _module_preset=&#8221;74c203bb-f696-45df-b3d5-54707c846cec&#8221; custom_margin=&#8221;0px|0px|0px|0px|false|false&#8221; custom_padding=&#8221;0.5rem|3.4rem|0.5rem|2rem|false|false&#8221; locked=&#8221;off&#8221; global_colors_info=&#8221;{}&#8221;][\/et_pb_button][\/et_pb_column][\/et_pb_row][et_pb_row column_structure=&#8221;1_4,1_4,1_4,1_4&#8243; admin_label=&#8221;USP&#8221; module_class=&#8221;em-solutions-row-usp&#8221; _builder_version=&#8221;4.27.2&#8243; _module_preset=&#8221;default&#8221; global_colors_info=&#8221;{}&#8221;][et_pb_column type=&#8221;1_4&#8243; module_class=&#8221;em-usp-card&#8221; admin_label=&#8221;Card&#8221; _builder_version=&#8221;4.27.2&#8243; _module_preset=&#8221;default&#8221; global_colors_info=&#8221;{}&#8221;][et_pb_image src=&#8221;https:\/\/www.emvico.se\/wp-content\/uploads\/2024\/09\/stop_watch.svg&#8221; title_text=&#8221;Stop watch&#8221; module_class=&#8221;em-usp-card-img&#8221; _builder_version=&#8221;4.27.0&#8243; _module_preset=&#8221;default&#8221; height=&#8221;5rem&#8221; global_colors_info=&#8221;{}&#8221;][\/et_pb_image][et_pb_heading title=&#8221;Snabb utplacering av team&#8221; module_class=&#8221;em-usp-card-header&#8221; _builder_version=&#8221;4.27.0&#8243; _module_preset=&#8221;default&#8221; global_colors_info=&#8221;{}&#8221;][\/et_pb_heading][et_pb_text module_class=&#8221;em-usp-card-text&#8221; _builder_version=&#8221;4.27.0&#8243; _module_preset=&#8221;default&#8221; global_colors_info=&#8221;{}&#8221;]<\/p>\n<p>Sm\u00e5, medelstora eller stora tekniska team redo att utplaceras inom 3 &#8211; 6 veckor.<\/p>\n<p>[\/et_pb_text][\/et_pb_column][et_pb_column type=&#8221;1_4&#8243; module_class=&#8221;em-usp-card&#8221; admin_label=&#8221;Card&#8221; _builder_version=&#8221;4.27.0&#8243; _module_preset=&#8221;default&#8221; global_colors_info=&#8221;{}&#8221;][et_pb_image src=&#8221;https:\/\/www.emvico.se\/wp-content\/uploads\/2024\/09\/ribbon.svg&#8221; title_text=&#8221;Ribbon&#8221; module_class=&#8221;em-usp-card-img&#8221; _builder_version=&#8221;4.27.0&#8243; _module_preset=&#8221;default&#8221; height=&#8221;5rem&#8221; global_colors_info=&#8221;{}&#8221;][\/et_pb_image][et_pb_heading title=&#8221;Kompetensgaranti&#8221; module_class=&#8221;em-usp-card-header&#8221; _builder_version=&#8221;4.27.0&#8243; _module_preset=&#8221;default&#8221; global_colors_info=&#8221;{}&#8221;][\/et_pb_heading][et_pb_text module_class=&#8221;em-usp-card-text&#8221; _builder_version=&#8221;4.27.0&#8243; _module_preset=&#8221;default&#8221; global_colors_info=&#8221;{}&#8221;]<\/p>\n<p>Tv\u00e5 veckors testperiod och om en resurs inte fungerar kommer den att ers\u00e4ttas, utan kostnad under de f\u00f6rsta tv\u00e5 veckorna.<\/p>\n<p>[\/et_pb_text][\/et_pb_column][et_pb_column type=&#8221;1_4&#8243; module_class=&#8221;em-usp-card&#8221; admin_label=&#8221;Card&#8221; _builder_version=&#8221;4.27.0&#8243; _module_preset=&#8221;default&#8221; global_colors_info=&#8221;{}&#8221;][et_pb_image src=&#8221;https:\/\/www.emvico.se\/wp-content\/uploads\/2024\/09\/team_of_two.svg&#8221; title_text=&#8221;A team of two developers&#8221; module_class=&#8221;em-usp-card-img&#8221; _builder_version=&#8221;4.27.0&#8243; _module_preset=&#8221;default&#8221; height=&#8221;5rem&#8221; global_colors_info=&#8221;{}&#8221;][\/et_pb_image][et_pb_heading title=&#8221;Komplett team med utvecklare + QA + DevOps&#8221; module_class=&#8221;em-usp-card-header&#8221; _builder_version=&#8221;4.27.0&#8243; _module_preset=&#8221;default&#8221; global_colors_info=&#8221;{}&#8221;][\/et_pb_heading][et_pb_text module_class=&#8221;em-usp-card-text&#8221; _builder_version=&#8221;4.27.0&#8243; _module_preset=&#8221;default&#8221; global_colors_info=&#8221;{}&#8221;]<\/p>\n<p>Vi kan tillhandah\u00e5lla fullstack-utvecklare (junior, middle, senior) s\u00e5v\u00e4l som backend- eller frontend-utvecklare samt apputvecklare, QA-ingenj\u00f6rer och Devops-ingenj\u00f6rer.<\/p>\n<p>[\/et_pb_text][\/et_pb_column][et_pb_column type=&#8221;1_4&#8243; module_class=&#8221;em-usp-card&#8221; admin_label=&#8221;Card&#8221; _builder_version=&#8221;4.27.0&#8243; _module_preset=&#8221;default&#8221; global_colors_info=&#8221;{}&#8221;][et_pb_image src=&#8221;https:\/\/www.emvico.se\/wp-content\/uploads\/2024\/09\/security_shield.svg&#8221; title_text=&#8221;Security shield&#8221; module_class=&#8221;em-usp-card-img&#8221; _builder_version=&#8221;4.27.0&#8243; _module_preset=&#8221;default&#8221; height=&#8221;5rem&#8221; global_colors_info=&#8221;{}&#8221;][\/et_pb_image][et_pb_heading title=&#8221;S\u00e4kerhetsintervjuer &#038; certifikat&#8221; module_class=&#8221;em-usp-card-header&#8221; _builder_version=&#8221;4.27.0&#8243; _module_preset=&#8221;default&#8221; global_colors_info=&#8221;{}&#8221;][\/et_pb_heading][et_pb_text module_class=&#8221;em-usp-card-text&#8221; _builder_version=&#8221;4.27.0&#8243; _module_preset=&#8221;default&#8221; global_colors_info=&#8221;{}&#8221;]<\/p>\n<p>F\u00f6r att garantera din trygghet som kund har alla v\u00e5ra medarbetare genomg\u00e5tt s\u00e4kerhetsintervjuer och bakgrundskontroller.<\/p>\n<p>[\/et_pb_text][\/et_pb_column][\/et_pb_row][et_pb_row column_structure=&#8221;1_2,1_2&#8243; admin_label=&#8221;Text&#8221; module_class=&#8221;em-solutions-section-text&#8221; _builder_version=&#8221;4.27.2&#8243; _module_preset=&#8221;default&#8221; background_color=&#8221;RGBA(255,255,255,0)&#8221; global_colors_info=&#8221;{}&#8221;][et_pb_column type=&#8221;1_2&#8243; module_class=&#8221;em-solutions-column-text&#8221; _builder_version=&#8221;4.27.2&#8243; _module_preset=&#8221;default&#8221; custom_padding_tablet=&#8221;|2rem||2rem|false|false&#8221; custom_padding_phone=&#8221;|2rem||2rem|false|false&#8221; custom_padding_last_edited=&#8221;on|tablet&#8221; global_colors_info=&#8221;{}&#8221;][et_pb_text admin_label=&#8221;Header&#8221; module_class=&#8221;em-solutions-column-text-header&#8221; _builder_version=&#8221;4.27.2&#8243; _module_preset=&#8221;default&#8221; global_colors_info=&#8221;{}&#8221;]<\/p>\n<h2 class=\"et_pb_module_heading et-fb-editable-element et-fb-editable-element__editing\" data-shortcode-id=\"1.1.0.0-1725546922762\" data-quickaccess-id=\"title\" contenteditable=\"true\">Emvico Software Development Team Sourcing<\/h2>\n<p><em>Komplett och kompetent mjukvaruutvecklingsteam redo inom n\u00e5gra veckor!<\/em><\/p>\n<p>[\/et_pb_text][et_pb_text _builder_version=&#8221;4.27.2&#8243; _module_preset=&#8221;default&#8221; global_colors_info=&#8221;{}&#8221;]<\/p>\n<p><strong>Snabb implementering av ett f\u00e4rdigt mjukvaruutvecklingsteam<\/strong><\/p>\n<ul>\n<li>Ett litet tekniskt team (4-5 personer) redo att s\u00e4ttas in om 3 veckor.<\/li>\n<li>Ett medelstort tekniskt team (6-8 personer) redo att s\u00e4ttas in om 5 veckor.<\/li>\n<li>Ett stort tekniskt team (10-12 personer) redo att s\u00e4ttas in om 6 veckor.<\/li>\n<\/ul>\n<p><strong>Komplett team \u2013 alla n\u00f6dv\u00e4ndiga roller<\/strong><\/p>\n<ul>\n<li>Vi kan tillhandah\u00e5lla fullstack-utvecklare (junior, middle, senior) s\u00e5v\u00e4l som backend- eller frontend-utvecklare samt apputvecklare, QA-ingenj\u00f6rer och Devops-ingenj\u00f6rer.<\/li>\n<li>Vi har m\u00f6jlighet att erbjuda rollen som produkt\u00e4gare och\/eller Scrum Master om s\u00e5 \u00f6nskas.<\/li>\n<\/ul>\n<p><strong>Kompetensgaranti<\/strong><\/p>\n<ul>\n<li>Under tv\u00e5 veckor har ni m\u00f6jlighet att testa och \u00e4ndra upps\u00e4ttningen av teamet f\u00f6r att passa era behov p\u00e5 b\u00e4sta t\u00e4nkbara s\u00e4tt.<\/li>\n<\/ul>\n<p><strong>S\u00e4kerhetscertifikat \u2013 s\u00e4kerhetskontroller p\u00e5 k\u00e4rnkraftverksniv\u00e5<\/strong><\/p>\n<ul>\n<li>F\u00f6r att garantera din trygghet som kund har alla v\u00e5ra medarbetare genomg\u00e5tt s\u00e4kerhetsintervjuer och bakgrundskontroller.<\/li>\n<\/ul>\n<p><strong>Flexibilitet och kostnadskontroll<\/strong><\/p>\n<ul>\n<li>Alla resurser och team har en l\u00f6pande upps\u00e4gningstid p\u00e5 fyra veckor f\u00f6r att kostnaderna ska kunna minskas inom fyra veckor fr\u00e5n beslut.<\/li>\n<\/ul>\n<p>[\/et_pb_text][et_pb_button button_url=&#8221;\/contact\/&#8221; button_text=&#8221;Kontakta oss&#8221; button_alignment=&#8221;right&#8221; module_class=&#8221;em-button&#8221; _builder_version=&#8221;4.27.0&#8243; _module_preset=&#8221;74c203bb-f696-45df-b3d5-54707c846cec&#8221; custom_margin=&#8221;0px|0px|0px|0px|false|false&#8221; custom_padding=&#8221;0.5rem|3.4rem|0.5rem|2rem|false|false&#8221; locked=&#8221;off&#8221; global_colors_info=&#8221;{}&#8221;][\/et_pb_button][\/et_pb_column][et_pb_column type=&#8221;1_2&#8243; module_class=&#8221;em-solutions-column-img&#8221; _builder_version=&#8221;4.27.2&#8243; _module_preset=&#8221;default&#8221; global_colors_info=&#8221;{}&#8221;][et_pb_image src=&#8221;https:\/\/www.emvico.se\/wp-content\/uploads\/2025\/09\/outsourcing-side.jpg&#8221; alt=&#8221;Image of the World with nodes and lines, representing network&#8221; title_text=&#8221;Outsourcing side image&#8221; disabled_on=&#8221;on|off|off&#8221; _builder_version=&#8221;4.27.4&#8243; _module_preset=&#8221;default&#8221; max_width=&#8221;20rem&#8221; hover_enabled=&#8221;0&#8243; global_colors_info=&#8221;{}&#8221; sticky_enabled=&#8221;0&#8243;][\/et_pb_image][\/et_pb_column][\/et_pb_row][\/et_pb_section]<\/p>\n","protected":false},"excerpt":{"rendered":"<p>Emvico \u00e4r en bepr\u00f6vad partner f\u00f6r att s\u00e4tta upp effektiva team med alla de roller som kr\u00e4vs f\u00f6r mjukvaruutveckling. V\u00e5ra resurser finns i Stockholm, Warschau, Lviv och Budapest. P\u00e5 kort varsel kan vi s\u00e4tta ihop kompletta mjukvaruutvecklingsteam just f\u00f6r er.Sm\u00e5, medelstora eller stora tekniska team redo att utplaceras inom 3 &#8211; 6 veckor.Tv\u00e5 veckors testperiod [&hellip;]<\/p>\n","protected":false},"author":2,"featured_media":0,"parent":6814,"menu_order":0,"comment_status":"closed","ping_status":"closed","template":"","meta":{"_et_pb_use_builder":"on","_et_pb_old_content":"","_et_gb_content_width":"","inline_featured_image":false,"footnotes":""},"class_list":["post-5389","page","type-page","status-publish","hentry"],"yoast_head":"<!-- This site is optimized with the Yoast SEO plugin v27.3 - https:\/\/yoast.com\/product\/yoast-seo-wordpress\/ -->\n<title>Kompletta team f\u00f6r din mjukvaruutveckling<\/title>\n<meta name=\"description\" content=\"Kompletta team f\u00f6r mjukvaruutveckling redo att b\u00f6rja inom 3-6 veckor. Med resurser i Sverige, Polen &amp; Ukraina.\" \/>\n<meta name=\"robots\" content=\"index, follow, max-snippet:-1, max-image-preview:large, max-video-preview:-1\" \/>\n<link rel=\"canonical\" href=\"https:\/\/www.emvico.se\/en\/it-partner\/team-sourcing\/\" \/>\n<meta property=\"og:locale\" content=\"en_US\" \/>\n<meta property=\"og:type\" content=\"article\" \/>\n<meta property=\"og:title\" content=\"Kompletta team f\u00f6r din mjukvaruutveckling\" \/>\n<meta property=\"og:description\" content=\"Kompletta team f\u00f6r mjukvaruutveckling redo att b\u00f6rja inom 3-6 veckor. Med resurser i Sverige, Polen &amp; Ukraina.\" \/>\n<meta property=\"og:url\" content=\"https:\/\/www.emvico.se\/en\/it-partner\/team-sourcing\/\" \/>\n<meta property=\"article:modified_time\" content=\"2025-09-12T08:13:28+00:00\" \/>\n<meta property=\"og:image\" content=\"https:\/\/www.emvico.se\/wp-content\/uploads\/2025\/08\/open-graph-default-image.jpg\" \/>\n\t<meta property=\"og:image:width\" content=\"1200\" \/>\n\t<meta property=\"og:image:height\" content=\"675\" \/>\n\t<meta property=\"og:image:type\" content=\"image\/jpeg\" \/>\n<script type=\"application\/ld+json\" class=\"yoast-schema-graph\">{\"@context\":\"https:\\\/\\\/schema.org\",\"@graph\":[{\"@type\":\"WebPage\",\"@id\":\"https:\\\/\\\/www.emvico.se\\\/it-partner\\\/team-sourcing\\\/\",\"url\":\"https:\\\/\\\/www.emvico.se\\\/it-partner\\\/team-sourcing\\\/\",\"name\":\"Kompletta team f\u00f6r din mjukvaruutveckling\",\"isPartOf\":{\"@id\":\"https:\\\/\\\/www.emvico.se\\\/#website\"},\"datePublished\":\"2024-09-06T14:05:03+00:00\",\"dateModified\":\"2025-09-12T08:13:28+00:00\",\"description\":\"Kompletta team f\u00f6r mjukvaruutveckling redo att b\u00f6rja inom 3-6 veckor. Med resurser i Sverige, Polen & Ukraina.\",\"breadcrumb\":{\"@id\":\"https:\\\/\\\/www.emvico.se\\\/it-partner\\\/team-sourcing\\\/#breadcrumb\"},\"inLanguage\":\"en-US\",\"potentialAction\":[{\"@type\":\"ReadAction\",\"target\":[\"https:\\\/\\\/www.emvico.se\\\/it-partner\\\/team-sourcing\\\/\"]}]},{\"@type\":\"BreadcrumbList\",\"@id\":\"https:\\\/\\\/www.emvico.se\\\/it-partner\\\/team-sourcing\\\/#breadcrumb\",\"itemListElement\":[{\"@type\":\"ListItem\",\"position\":1,\"name\":\"Home\",\"item\":\"https:\\\/\\\/www.emvico.se\\\/\"},{\"@type\":\"ListItem\",\"position\":2,\"name\":\"IT-partner\",\"item\":\"https:\\\/\\\/www.emvico.se\\\/it-partner\\\/\"},{\"@type\":\"ListItem\",\"position\":3,\"name\":\"Team sourcing\"}]},{\"@type\":\"WebSite\",\"@id\":\"https:\\\/\\\/www.emvico.se\\\/#website\",\"url\":\"https:\\\/\\\/www.emvico.se\\\/\",\"name\":\"Emvico.se\",\"description\":\"When it is important\",\"publisher\":{\"@id\":\"https:\\\/\\\/www.emvico.se\\\/#organization\"},\"alternateName\":\"Emvico\",\"potentialAction\":[{\"@type\":\"SearchAction\",\"target\":{\"@type\":\"EntryPoint\",\"urlTemplate\":\"https:\\\/\\\/www.emvico.se\\\/?s={search_term_string}\"},\"query-input\":{\"@type\":\"PropertyValueSpecification\",\"valueRequired\":true,\"valueName\":\"search_term_string\"}}],\"inLanguage\":\"en-US\"},{\"@type\":\"Organization\",\"@id\":\"https:\\\/\\\/www.emvico.se\\\/#organization\",\"name\":\"Emvico AB\",\"alternateName\":\"Emvico\",\"url\":\"https:\\\/\\\/www.emvico.se\\\/\",\"logo\":{\"@type\":\"ImageObject\",\"inLanguage\":\"en-US\",\"@id\":\"https:\\\/\\\/www.emvico.se\\\/#\\\/schema\\\/logo\\\/image\\\/\",\"url\":\"https:\\\/\\\/www.emvico.se\\\/wp-content\\\/uploads\\\/2024\\\/05\\\/emvico_logo_black.svg\",\"contentUrl\":\"https:\\\/\\\/www.emvico.se\\\/wp-content\\\/uploads\\\/2024\\\/05\\\/emvico_logo_black.svg\",\"width\":200,\"height\":48,\"caption\":\"Emvico AB\"},\"image\":{\"@id\":\"https:\\\/\\\/www.emvico.se\\\/#\\\/schema\\\/logo\\\/image\\\/\"},\"sameAs\":[\"https:\\\/\\\/www.linkedin.com\\\/company\\\/emvico-ab\\\/\"]}]}<\/script>\n<!-- \/ Yoast SEO plugin. -->","yoast_head_json":{"title":"Complete teams for your software development","description":"Kompletta team f\u00f6r mjukvaruutveckling redo att b\u00f6rja inom 3-6 veckor. Med resurser i Sverige, Polen & Ukraina.","robots":{"index":"index","follow":"follow","max-snippet":"max-snippet:-1","max-image-preview":"max-image-preview:large","max-video-preview":"max-video-preview:-1"},"canonical":"https:\/\/www.emvico.se\/en\/it-partner\/team-sourcing\/","og_locale":"en_US","og_type":"article","og_title":"Kompletta team f\u00f6r din mjukvaruutveckling","og_description":"Kompletta team f\u00f6r mjukvaruutveckling redo att b\u00f6rja inom 3-6 veckor. Med resurser i Sverige, Polen & Ukraina.","og_url":"https:\/\/www.emvico.se\/en\/it-partner\/team-sourcing\/","article_modified_time":"2025-09-12T08:13:28+00:00","og_image":[{"width":1200,"height":675,"url":"https:\/\/www.emvico.se\/wp-content\/uploads\/2025\/08\/open-graph-default-image.jpg","type":"image\/jpeg"}],"schema":{"@context":"https:\/\/schema.org","@graph":[{"@type":"WebPage","@id":"https:\/\/www.emvico.se\/it-partner\/team-sourcing\/","url":"https:\/\/www.emvico.se\/it-partner\/team-sourcing\/","name":"Complete teams for your software development","isPartOf":{"@id":"https:\/\/www.emvico.se\/#website"},"datePublished":"2024-09-06T14:05:03+00:00","dateModified":"2025-09-12T08:13:28+00:00","description":"Kompletta team f\u00f6r mjukvaruutveckling redo att b\u00f6rja inom 3-6 veckor. Med resurser i Sverige, Polen & Ukraina.","breadcrumb":{"@id":"https:\/\/www.emvico.se\/it-partner\/team-sourcing\/#breadcrumb"},"inLanguage":"en-US","potentialAction":[{"@type":"ReadAction","target":["https:\/\/www.emvico.se\/it-partner\/team-sourcing\/"]}]},{"@type":"BreadcrumbList","@id":"https:\/\/www.emvico.se\/it-partner\/team-sourcing\/#breadcrumb","itemListElement":[{"@type":"ListItem","position":1,"name":"Home","item":"https:\/\/www.emvico.se\/"},{"@type":"ListItem","position":2,"name":"IT-partner","item":"https:\/\/www.emvico.se\/it-partner\/"},{"@type":"ListItem","position":3,"name":"Team sourcing"}]},{"@type":"WebSite","@id":"https:\/\/www.emvico.se\/#website","url":"https:\/\/www.emvico.se\/","name":"Emvico.se","description":"When it is important","publisher":{"@id":"https:\/\/www.emvico.se\/#organization"},"alternateName":"Emvico","potentialAction":[{"@type":"SearchAction","target":{"@type":"EntryPoint","urlTemplate":"https:\/\/www.emvico.se\/?s={search_term_string}"},"query-input":{"@type":"PropertyValueSpecification","valueRequired":true,"valueName":"search_term_string"}}],"inLanguage":"en-US"},{"@type":"Organization","@id":"https:\/\/www.emvico.se\/#organization","name":"Emvico AB","alternateName":"Emvico","url":"https:\/\/www.emvico.se\/","logo":{"@type":"ImageObject","inLanguage":"en-US","@id":"https:\/\/www.emvico.se\/#\/schema\/logo\/image\/","url":"https:\/\/www.emvico.se\/wp-content\/uploads\/2024\/05\/emvico_logo_black.svg","contentUrl":"https:\/\/www.emvico.se\/wp-content\/uploads\/2024\/05\/emvico_logo_black.svg","width":200,"height":48,"caption":"Emvico AB"},"image":{"@id":"https:\/\/www.emvico.se\/#\/schema\/logo\/image\/"},"sameAs":["https:\/\/www.linkedin.com\/company\/emvico-ab\/"]}]}},"_links":{"self":[{"href":"https:\/\/www.emvico.se\/en\/wp-json\/wp\/v2\/pages\/5389","targetHints":{"allow":["GET"]}}],"collection":[{"href":"https:\/\/www.emvico.se\/en\/wp-json\/wp\/v2\/pages"}],"about":[{"href":"https:\/\/www.emvico.se\/en\/wp-json\/wp\/v2\/types\/page"}],"author":[{"embeddable":true,"href":"https:\/\/www.emvico.se\/en\/wp-json\/wp\/v2\/users\/2"}],"replies":[{"embeddable":true,"href":"https:\/\/www.emvico.se\/en\/wp-json\/wp\/v2\/comments?post=5389"}],"version-history":[{"count":51,"href":"https:\/\/www.emvico.se\/en\/wp-json\/wp\/v2\/pages\/5389\/revisions"}],"predecessor-version":[{"id":6902,"href":"https:\/\/www.emvico.se\/en\/wp-json\/wp\/v2\/pages\/5389\/revisions\/6902"}],"up":[{"embeddable":true,"href":"https:\/\/www.emvico.se\/en\/wp-json\/wp\/v2\/pages\/6814"}],"wp:attachment":[{"href":"https:\/\/www.emvico.se\/en\/wp-json\/wp\/v2\/media?parent=5389"}],"curies":[{"name":"wp","href":"https:\/\/api.w.org\/{rel}","templated":true}]}}