{"id":5715,"date":"2024-11-01T08:39:55","date_gmt":"2024-11-01T07:39:55","guid":{"rendered":"https:\/\/www.emvico.se\/?page_id=5715"},"modified":"2024-11-21T16:06:51","modified_gmt":"2024-11-21T15:06:51","slug":"fleethub","status":"publish","type":"page","link":"https:\/\/www.emvico.se\/en\/solutions\/fleethub\/","title":{"rendered":"Fleethub"},"content":{"rendered":"<p>[et_pb_section fb_built=&#8221;1&#8243; admin_label=&#8221;Section&#8221; module_id=&#8221;em-solutions&#8221; module_class=&#8221;em-solutions-section&#8221; _builder_version=&#8221;4.27.2&#8243; _module_preset=&#8221;default&#8221; background_color=&#8221;#ffffff&#8221; custom_margin=&#8221;0px|0px|0px|0px|false|false&#8221; custom_padding=&#8221;0px|0px|0px|0px|false|false&#8221; global_colors_info=&#8221;{}&#8221;][et_pb_row admin_label=&#8221;Intro&#8221; module_class=&#8221;em-solutions-row-header&#8221; _builder_version=&#8221;4.27.2&#8243; _module_preset=&#8221;default&#8221; background_image=&#8221;https:\/\/www.emvico.se\/wp-content\/uploads\/2024\/10\/spare-parts-1.jpg&#8221; custom_padding=&#8221;||||false|false&#8221; border_radii=&#8221;on|40px|40px|40px|40px&#8221; locked=&#8221;off&#8221; global_colors_info=&#8221;{}&#8221;][et_pb_column type=&#8221;4_4&#8243; module_class=&#8221;em-solutions-column-header&#8221; _builder_version=&#8221;4.27.2&#8243; _module_preset=&#8221;default&#8221; custom_padding=&#8221;|400px||400px|false|true&#8221; custom_padding_tablet=&#8221;|4rem||4rem|false|true&#8221; custom_padding_phone=&#8221;|4rem||4rem|false|true&#8221; custom_padding_last_edited=&#8221;on|tablet&#8221; global_colors_info=&#8221;{}&#8221;][et_pb_heading title=&#8221;Optimera eftermarknaden med Fleethub&#8221; _builder_version=&#8221;4.27.2&#8243; _module_preset=&#8221;default&#8221; title_level=&#8221;h1&#8243; title_font=&#8221;|700|||||||&#8221; title_text_color=&#8221;#ffffff&#8221; title_font_size=&#8221;2.5rem&#8221; title_line_height=&#8221;3rem&#8221; global_colors_info=&#8221;{}&#8221;][\/et_pb_heading][et_pb_text module_class=&#8221;em-fleethub-column-text&#8221; _builder_version=&#8221;4.27.2&#8243; _module_preset=&#8221;default&#8221; text_text_color=&#8221;#ffffff&#8221; text_font_size=&#8221;1.5rem&#8221; global_colors_info=&#8221;{}&#8221;]<\/p>\n<p>Fleethub \u00e4r en plattform utformad f\u00f6r att hj\u00e4lpa tillverkande f\u00f6retag att f\u00e5 full kontroll \u00f6ver sin installerade bas och sina eftermarknadsaktiviteter. Genom att samla all information om servicebehov och reservdelar p\u00e5 ett st\u00e4lle, kan ni agera b\u00e5de snabbt och proaktivt, vilket minskar stillest\u00e5ndstider och f\u00f6rb\u00e4ttrar kundupplevelsen.<\/p>\n<p>Med Fleethub f\u00e5r ni inte bara en teknisk l\u00f6sning, utan ett verktyg som hj\u00e4lper er att bygga l\u00e5ngsiktiga relationer med era kunder. Plattformen ger b\u00e5de intern- och f\u00e4ltpersonal enkel tillg\u00e5ng till uppdaterad data, vilket g\u00f6r det m\u00f6jligt att erbjuda r\u00e4tt service vid r\u00e4tt tidpunkt. Oavsett om ni arbetar med reaktivt underh\u00e5ll eller planerar proaktiva insatser, ger Fleet Hub den flexibilitet och \u00f6versikt som kr\u00e4vs f\u00f6r att m\u00f6ta kundernas behov och f\u00f6rv\u00e4ntningar.<\/p>\n<p>[\/et_pb_text][et_pb_button button_url=&#8221;\/contact\/&#8221; button_text=&#8221;Kom ig\u00e5ng&#8221; button_alignment=&#8221;left&#8221; module_class=&#8221;em-button&#8221; _builder_version=&#8221;4.27.3&#8243; _module_preset=&#8221;74c203bb-f696-45df-b3d5-54707c846cec&#8221; custom_margin=&#8221;0px|0px|0px|0px|false|false&#8221; custom_padding=&#8221;0.5rem|3.4rem|0.5rem|2rem|false|false&#8221; hover_enabled=&#8221;0&#8243; locked=&#8221;off&#8221; global_colors_info=&#8221;{}&#8221; sticky_enabled=&#8221;0&#8243;][\/et_pb_button][\/et_pb_column][\/et_pb_row][et_pb_row column_structure=&#8221;1_4,1_4,1_4,1_4&#8243; admin_label=&#8221;USP&#8221; module_class=&#8221;em-solutions-row-usp&#8221; _builder_version=&#8221;4.27.2&#8243; _module_preset=&#8221;default&#8221; global_colors_info=&#8221;{}&#8221;][et_pb_column type=&#8221;1_4&#8243; module_class=&#8221;em-usp-card&#8221; admin_label=&#8221;Card&#8221; _builder_version=&#8221;4.27.0&#8243; _module_preset=&#8221;default&#8221; global_colors_info=&#8221;{}&#8221;][et_pb_image src=&#8221;https:\/\/www.emvico.se\/wp-content\/uploads\/2024\/10\/alert.svg&#8221; title_text=&#8221;alert&#8221; module_class=&#8221;em-usp-card-img&#8221; _builder_version=&#8221;4.27.2&#8243; _module_preset=&#8221;default&#8221; max_width=&#8221;5rem&#8221; height=&#8221;5rem&#8221; global_colors_info=&#8221;{}&#8221;][\/et_pb_image][et_pb_heading title=&#8221;Proaktivt underh\u00e5ll&#8221; module_class=&#8221;em-usp-card-header&#8221; _builder_version=&#8221;4.27.2&#8243; _module_preset=&#8221;default&#8221; global_colors_info=&#8221;{}&#8221;][\/et_pb_heading][et_pb_text module_class=&#8221;em-usp-card-text&#8221; _builder_version=&#8221;4.27.2&#8243; _module_preset=&#8221;default&#8221; global_colors_info=&#8221;{}&#8221;]<\/p>\n<p>Agera innan problem uppst\u00e5r genom att ha full insyn i n\u00e4r och vilken service som beh\u00f6vs.<\/p>\n<p>[\/et_pb_text][\/et_pb_column][et_pb_column type=&#8221;1_4&#8243; module_class=&#8221;em-usp-card&#8221; admin_label=&#8221;Card&#8221; _builder_version=&#8221;4.27.2&#8243; _module_preset=&#8221;default&#8221; global_colors_info=&#8221;{}&#8221;][et_pb_image src=&#8221;https:\/\/www.emvico.se\/wp-content\/uploads\/2024\/10\/stack-of-coins.svg&#8221; alt=&#8221;Illustration of a stack of coins&#8221; title_text=&#8221;Stack of coins&#8221; module_class=&#8221;em-usp-card-img&#8221; _builder_version=&#8221;4.27.2&#8243; _module_preset=&#8221;default&#8221; max_width=&#8221;5rem&#8221; height=&#8221;5rem&#8221; global_colors_info=&#8221;{}&#8221;][\/et_pb_image][et_pb_heading title=&#8221;Effektiv reservdelsf\u00f6rs\u00e4ljning&#8221; module_class=&#8221;em-usp-card-header&#8221; _builder_version=&#8221;4.27.2&#8243; _module_preset=&#8221;default&#8221; global_colors_info=&#8221;{}&#8221;][\/et_pb_heading][et_pb_text module_class=&#8221;em-usp-card-text&#8221; _builder_version=&#8221;4.27.0&#8243; _module_preset=&#8221;default&#8221; global_colors_info=&#8221;{}&#8221;]<\/p>\n<p>Se till att r\u00e4tt delar finns tillg\u00e4ngliga vid r\u00e4tt tillf\u00e4lle, vilket \u00f6kar b\u00e5de kundn\u00f6jdheten och er f\u00f6rs\u00e4ljning.<\/p>\n<p>[\/et_pb_text][\/et_pb_column][et_pb_column type=&#8221;1_4&#8243; module_class=&#8221;em-usp-card&#8221; admin_label=&#8221;Card&#8221; _builder_version=&#8221;4.27.2&#8243; _module_preset=&#8221;default&#8221; global_colors_info=&#8221;{}&#8221;][et_pb_image src=&#8221;https:\/\/www.emvico.se\/wp-content\/uploads\/2024\/10\/woman-with-tablet.svg&#8221; alt=&#8221;Illustration of a woman holding a tablet&#8221; title_text=&#8221;Woman holding a tablet&#8221; module_class=&#8221;em-usp-card-img&#8221; _builder_version=&#8221;4.27.2&#8243; _module_preset=&#8221;default&#8221; max_width=&#8221;5rem&#8221; height=&#8221;5rem&#8221; global_colors_info=&#8221;{}&#8221;][\/et_pb_image][et_pb_heading title=&#8221;St\u00f6d f\u00f6r f\u00e4ltpersonal&#8221; module_class=&#8221;em-usp-card-header&#8221; _builder_version=&#8221;4.27.2&#8243; _module_preset=&#8221;default&#8221; global_colors_info=&#8221;{}&#8221;][\/et_pb_heading][et_pb_text module_class=&#8221;em-usp-card-text&#8221; _builder_version=&#8221;4.27.0&#8243; _module_preset=&#8221;default&#8221; global_colors_info=&#8221;{}&#8221;]<\/p>\n<p>Ge era tekniker och mekaniker verktygen de beh\u00f6ver f\u00f6r att utf\u00f6ra arbetet snabbt och effektivt.<\/p>\n<p>[\/et_pb_text][\/et_pb_column][et_pb_column type=&#8221;1_4&#8243; module_class=&#8221;em-usp-card&#8221; admin_label=&#8221;Card&#8221; _builder_version=&#8221;4.27.0&#8243; _module_preset=&#8221;default&#8221; global_colors_info=&#8221;{}&#8221;][et_pb_image src=&#8221;https:\/\/www.emvico.se\/wp-content\/uploads\/2024\/10\/graph.svg&#8221; alt=&#8221;Illustration of a multi colored graph&#8221; title_text=&#8221;Graph&#8221; module_class=&#8221;em-usp-card-img&#8221; _builder_version=&#8221;4.27.2&#8243; _module_preset=&#8221;default&#8221; max_width=&#8221;5rem&#8221; height=&#8221;5rem&#8221; global_colors_info=&#8221;{}&#8221;][\/et_pb_image][et_pb_heading title=&#8221;Datadriven kontroll&#8221; module_class=&#8221;em-usp-card-header&#8221; _builder_version=&#8221;4.27.2&#8243; _module_preset=&#8221;default&#8221; global_colors_info=&#8221;{}&#8221;][\/et_pb_heading][et_pb_text module_class=&#8221;em-usp-card-text&#8221; _builder_version=&#8221;4.27.0&#8243; _module_preset=&#8221;default&#8221; global_colors_info=&#8221;{}&#8221;]<\/p>\n<p>Samla och anv\u00e4nd data f\u00f6r att ta b\u00e4ttre beslut, optimera era processer och \u00f6ka er l\u00f6nsamhet.<\/p>\n<p>[\/et_pb_text][\/et_pb_column][\/et_pb_row][et_pb_row column_structure=&#8221;1_2,1_2&#8243; admin_label=&#8221;Text&#8221; module_class=&#8221;em-solutions-section-text&#8221; _builder_version=&#8221;4.27.2&#8243; _module_preset=&#8221;default&#8221; background_color=&#8221;RGBA(255,255,255,0)&#8221; global_colors_info=&#8221;{}&#8221;][et_pb_column type=&#8221;1_2&#8243; module_class=&#8221;em-solutions-column-text&#8221; _builder_version=&#8221;4.27.2&#8243; _module_preset=&#8221;default&#8221; custom_padding_tablet=&#8221;|2rem||2rem|false|false&#8221; custom_padding_phone=&#8221;|2rem||2rem|false|false&#8221; custom_padding_last_edited=&#8221;on|tablet&#8221; global_colors_info=&#8221;{}&#8221;][et_pb_text admin_label=&#8221;Header&#8221; module_class=&#8221;em-solutions-column-text-header&#8221; _builder_version=&#8221;4.27.2&#8243; _module_preset=&#8221;default&#8221; global_colors_info=&#8221;{}&#8221;]<\/p>\n<h2 class=\"et_pb_module_heading et-fb-editable-element et-fb-editable-element__editing\" data-shortcode-id=\"1.1.0.0-1725546922762\" data-quickaccess-id=\"title\" contenteditable=\"true\">Vanliga utmaningar inom eftermarknaden<\/h2>\n<p>[\/et_pb_text][et_pb_text _builder_version=&#8221;4.27.2&#8243; _module_preset=&#8221;default&#8221; global_colors_info=&#8221;{}&#8221;]<\/p>\n<p>M\u00e5nga f\u00f6retag har sv\u00e5rt att ha full kontroll \u00f6ver produktdata per kund, vilket g\u00f6r eftermarknaden sv\u00e5rhanterlig. M\u00e5nga arbetar fortfarande med analoga eller d\u00e5ligt uppdaterade system, vilket leder till att reaktivt underh\u00e5ll ofta blir beroende av individer hos kunden eller tj\u00e4nsteleverant\u00f6ren. Utan en \u00f6versikt \u00f6ver produkters status och servicescheman kan detta skapa problem, och ofta visar sig \u00e4ldre ERP-system vara otillr\u00e4ckliga f\u00f6r att hantera eftermarknadens behov. Resultatet blir att en stor del av den potentiella eftermarknadsf\u00f6rs\u00e4ljningen aldrig realiseras.<\/p>\n<p>Fleethub har utvecklats f\u00f6r f\u00f6retag som vill ta sin eftermarknad till n\u00e4sta niv\u00e5 och s\u00e4kerst\u00e4lla att de b\u00e5de bibeh\u00e5ller och \u00f6kar sin konkurrenskraft. Genom att kombinera modern teknik och djup f\u00f6rst\u00e5else f\u00f6r industrins behov, erbjuder Fleethub en h\u00e5llbar och framtidss\u00e4ker l\u00f6sning f\u00f6r tillverkande f\u00f6retag som vill maximera sitt eftermarknadspotential.<\/p>\n<p>[\/et_pb_text][et_pb_text admin_label=&#8221;Header&#8221; module_class=&#8221;em-solutions-column-text-header&#8221; _builder_version=&#8221;4.27.2&#8243; _module_preset=&#8221;default&#8221; global_colors_info=&#8221;{}&#8221;]<\/p>\n<h2 class=\"et_pb_module_heading et-fb-editable-element et-fb-editable-element__editing\" data-shortcode-id=\"1.1.0.0-1725546922762\" data-quickaccess-id=\"title\" contenteditable=\"true\">Vilka f\u00f6retag drar mest nytta av Fleethub?<\/h2>\n<p>[\/et_pb_text][et_pb_text _builder_version=&#8221;4.27.2&#8243; _module_preset=&#8221;default&#8221; global_colors_info=&#8221;{}&#8221;]<\/p>\n<p>Fleethub \u00e4r idealisk f\u00f6r tillverkande f\u00f6retag som erbjuder produkter med l\u00e5ng livscykel och ett l\u00f6pande behov av service och underh\u00e5ll. Har ni ett behov av att h\u00e5lla koll p\u00e5 er installerade bas, inklusive servicescheman och uppdaterade reservdelslistor? D\u00e5 \u00e4r Fleethub en l\u00f6sning som hj\u00e4lper b\u00e5de intern personal och f\u00e4ltpersonal att hantera b\u00e5de reaktivt och proaktivt underh\u00e5ll p\u00e5 ett effektivt s\u00e4tt. Plattformen underl\u00e4ttar f\u00f6r mekaniker i f\u00e4lt genom att tillhandah\u00e5lla checklistor och reservdelshantering direkt p\u00e5 plats. Har ni dessutom en ut\u00f6kad serviceorganisation eller servicepartners? Fleethub ser till att de har samma tillg\u00e5ng till systemet f\u00f6r att kunna ge kunderna den service de beh\u00f6ver.<\/p>\n<p>Fleethub har utvecklats i samarbete med Marine Jet Power (<a href=\"https:\/\/marinejetpower.com\/\" target=\"_blank\" rel=\"noopener\">www.marinejetpower.com<\/a>), en v\u00e4rldsledande tillverkare av vattenjetmotorer.<\/p>\n<p>[\/et_pb_text][et_pb_button button_url=&#8221;\/contact\/&#8221; button_text=&#8221;Kontakta oss&#8221; button_alignment=&#8221;right&#8221; module_class=&#8221;em-button&#8221; _builder_version=&#8221;4.27.0&#8243; _module_preset=&#8221;74c203bb-f696-45df-b3d5-54707c846cec&#8221; custom_margin=&#8221;0px|0px|0px|0px|false|false&#8221; custom_padding=&#8221;0.5rem|3.4rem|0.5rem|2rem|false|false&#8221; locked=&#8221;off&#8221; global_colors_info=&#8221;{}&#8221;][\/et_pb_button][\/et_pb_column][et_pb_column type=&#8221;1_2&#8243; module_class=&#8221;em-solutions-column-img&#8221; _builder_version=&#8221;4.27.2&#8243; _module_preset=&#8221;default&#8221; global_colors_info=&#8221;{}&#8221;][et_pb_image src=&#8221;https:\/\/www.emvico.se\/wp-content\/uploads\/2024\/10\/platform-fleethub.jpg&#8221; alt=&#8221;Screenshot of the fleethub platform&#8221; title_text=&#8221;Fleethub platform&#8221; disabled_on=&#8221;on|off|off&#8221; _builder_version=&#8221;4.27.2&#8243; _module_preset=&#8221;default&#8221; max_width=&#8221;20rem&#8221; global_colors_info=&#8221;{}&#8221;][\/et_pb_image][\/et_pb_column][\/et_pb_row][\/et_pb_section]<\/p>\n","protected":false},"excerpt":{"rendered":"<p>Fleethub \u00e4r en plattform utformad f\u00f6r att hj\u00e4lpa tillverkande f\u00f6retag att f\u00e5 full kontroll \u00f6ver sin installerade bas och sina eftermarknadsaktiviteter. Genom att samla all information om servicebehov och reservdelar p\u00e5 ett st\u00e4lle, kan ni agera b\u00e5de snabbt och proaktivt, vilket minskar stillest\u00e5ndstider och f\u00f6rb\u00e4ttrar kundupplevelsen. Med Fleethub f\u00e5r ni inte bara en teknisk l\u00f6sning, [&hellip;]<\/p>\n","protected":false},"author":2,"featured_media":0,"parent":223,"menu_order":0,"comment_status":"closed","ping_status":"closed","template":"","meta":{"_et_pb_use_builder":"on","_et_pb_old_content":"","_et_gb_content_width":"","inline_featured_image":false,"footnotes":""},"class_list":["post-5715","page","type-page","status-publish","hentry"],"yoast_head":"<!-- This site is optimized with the Yoast SEO plugin v27.5 - https:\/\/yoast.com\/product\/yoast-seo-wordpress\/ -->\n<title>Fleethub \u2013 Optimera er eftermarknad och \u00f6ka l\u00f6nsamheten<\/title>\n<meta name=\"description\" content=\"Fleethub hj\u00e4lper er hantera service och reservdelar, f\u00f6rb\u00e4ttra kundn\u00f6jdhet och maximera eftermarknadens potential.\" \/>\n<meta name=\"robots\" content=\"index, follow, max-snippet:-1, max-image-preview:large, max-video-preview:-1\" \/>\n<link rel=\"canonical\" href=\"https:\/\/www.emvico.se\/en\/solutions\/fleethub\/\" \/>\n<meta property=\"og:locale\" content=\"en_US\" \/>\n<meta property=\"og:type\" content=\"article\" \/>\n<meta property=\"og:title\" content=\"Fleethub \u2013 Optimera er eftermarknad och \u00f6ka l\u00f6nsamheten\" \/>\n<meta property=\"og:description\" content=\"Fleethub hj\u00e4lper er hantera service och reservdelar, f\u00f6rb\u00e4ttra kundn\u00f6jdhet och maximera eftermarknadens potential.\" \/>\n<meta property=\"og:url\" content=\"https:\/\/www.emvico.se\/en\/solutions\/fleethub\/\" \/>\n<meta property=\"article:modified_time\" content=\"2024-11-21T15:06:51+00:00\" \/>\n<meta property=\"og:image\" content=\"https:\/\/www.emvico.se\/wp-content\/uploads\/2025\/08\/open-graph-default-image.jpg\" \/>\n\t<meta property=\"og:image:width\" content=\"1200\" \/>\n\t<meta property=\"og:image:height\" content=\"675\" \/>\n\t<meta property=\"og:image:type\" content=\"image\/jpeg\" \/>\n<script type=\"application\/ld+json\" class=\"yoast-schema-graph\">{\"@context\":\"https:\\\/\\\/schema.org\",\"@graph\":[{\"@type\":\"WebPage\",\"@id\":\"https:\\\/\\\/www.emvico.se\\\/solutions\\\/fleethub\\\/\",\"url\":\"https:\\\/\\\/www.emvico.se\\\/solutions\\\/fleethub\\\/\",\"name\":\"Fleethub \u2013 Optimera er eftermarknad och \u00f6ka l\u00f6nsamheten\",\"isPartOf\":{\"@id\":\"https:\\\/\\\/www.emvico.se\\\/#website\"},\"datePublished\":\"2024-11-01T07:39:55+00:00\",\"dateModified\":\"2024-11-21T15:06:51+00:00\",\"description\":\"Fleethub hj\u00e4lper er hantera service och reservdelar, f\u00f6rb\u00e4ttra kundn\u00f6jdhet och maximera eftermarknadens potential.\",\"breadcrumb\":{\"@id\":\"https:\\\/\\\/www.emvico.se\\\/solutions\\\/fleethub\\\/#breadcrumb\"},\"inLanguage\":\"en-US\",\"potentialAction\":[{\"@type\":\"ReadAction\",\"target\":[\"https:\\\/\\\/www.emvico.se\\\/solutions\\\/fleethub\\\/\"]}]},{\"@type\":\"BreadcrumbList\",\"@id\":\"https:\\\/\\\/www.emvico.se\\\/solutions\\\/fleethub\\\/#breadcrumb\",\"itemListElement\":[{\"@type\":\"ListItem\",\"position\":1,\"name\":\"Home\",\"item\":\"https:\\\/\\\/www.emvico.se\\\/\"},{\"@type\":\"ListItem\",\"position\":2,\"name\":\"Solutions\",\"item\":\"https:\\\/\\\/www.emvico.se\\\/solutions\\\/\"},{\"@type\":\"ListItem\",\"position\":3,\"name\":\"Fleethub\"}]},{\"@type\":\"WebSite\",\"@id\":\"https:\\\/\\\/www.emvico.se\\\/#website\",\"url\":\"https:\\\/\\\/www.emvico.se\\\/\",\"name\":\"Emvico.se\",\"description\":\"When it is important\",\"publisher\":{\"@id\":\"https:\\\/\\\/www.emvico.se\\\/#organization\"},\"alternateName\":\"Emvico\",\"potentialAction\":[{\"@type\":\"SearchAction\",\"target\":{\"@type\":\"EntryPoint\",\"urlTemplate\":\"https:\\\/\\\/www.emvico.se\\\/?s={search_term_string}\"},\"query-input\":{\"@type\":\"PropertyValueSpecification\",\"valueRequired\":true,\"valueName\":\"search_term_string\"}}],\"inLanguage\":\"en-US\"},{\"@type\":\"Organization\",\"@id\":\"https:\\\/\\\/www.emvico.se\\\/#organization\",\"name\":\"Emvico AB\",\"alternateName\":\"Emvico\",\"url\":\"https:\\\/\\\/www.emvico.se\\\/\",\"logo\":{\"@type\":\"ImageObject\",\"inLanguage\":\"en-US\",\"@id\":\"https:\\\/\\\/www.emvico.se\\\/#\\\/schema\\\/logo\\\/image\\\/\",\"url\":\"https:\\\/\\\/www.emvico.se\\\/wp-content\\\/uploads\\\/2024\\\/05\\\/emvico_logo_black.svg\",\"contentUrl\":\"https:\\\/\\\/www.emvico.se\\\/wp-content\\\/uploads\\\/2024\\\/05\\\/emvico_logo_black.svg\",\"width\":200,\"height\":48,\"caption\":\"Emvico AB\"},\"image\":{\"@id\":\"https:\\\/\\\/www.emvico.se\\\/#\\\/schema\\\/logo\\\/image\\\/\"},\"sameAs\":[\"https:\\\/\\\/www.linkedin.com\\\/company\\\/emvico-ab\\\/\"]}]}<\/script>\n<!-- \/ Yoast SEO plugin. -->","yoast_head_json":{"title":"Fleethub \u2013 Optimera er eftermarknad och \u00f6ka l\u00f6nsamheten","description":"Fleethub hj\u00e4lper er hantera service och reservdelar, f\u00f6rb\u00e4ttra kundn\u00f6jdhet och maximera eftermarknadens potential.","robots":{"index":"index","follow":"follow","max-snippet":"max-snippet:-1","max-image-preview":"max-image-preview:large","max-video-preview":"max-video-preview:-1"},"canonical":"https:\/\/www.emvico.se\/en\/solutions\/fleethub\/","og_locale":"en_US","og_type":"article","og_title":"Fleethub \u2013 Optimera er eftermarknad och \u00f6ka l\u00f6nsamheten","og_description":"Fleethub hj\u00e4lper er hantera service och reservdelar, f\u00f6rb\u00e4ttra kundn\u00f6jdhet och maximera eftermarknadens potential.","og_url":"https:\/\/www.emvico.se\/en\/solutions\/fleethub\/","article_modified_time":"2024-11-21T15:06:51+00:00","og_image":[{"width":1200,"height":675,"url":"https:\/\/www.emvico.se\/wp-content\/uploads\/2025\/08\/open-graph-default-image.jpg","type":"image\/jpeg"}],"schema":{"@context":"https:\/\/schema.org","@graph":[{"@type":"WebPage","@id":"https:\/\/www.emvico.se\/solutions\/fleethub\/","url":"https:\/\/www.emvico.se\/solutions\/fleethub\/","name":"Fleethub \u2013 Optimera er eftermarknad och \u00f6ka l\u00f6nsamheten","isPartOf":{"@id":"https:\/\/www.emvico.se\/#website"},"datePublished":"2024-11-01T07:39:55+00:00","dateModified":"2024-11-21T15:06:51+00:00","description":"Fleethub hj\u00e4lper er hantera service och reservdelar, f\u00f6rb\u00e4ttra kundn\u00f6jdhet och maximera eftermarknadens potential.","breadcrumb":{"@id":"https:\/\/www.emvico.se\/solutions\/fleethub\/#breadcrumb"},"inLanguage":"en-US","potentialAction":[{"@type":"ReadAction","target":["https:\/\/www.emvico.se\/solutions\/fleethub\/"]}]},{"@type":"BreadcrumbList","@id":"https:\/\/www.emvico.se\/solutions\/fleethub\/#breadcrumb","itemListElement":[{"@type":"ListItem","position":1,"name":"Home","item":"https:\/\/www.emvico.se\/"},{"@type":"ListItem","position":2,"name":"Solutions","item":"https:\/\/www.emvico.se\/solutions\/"},{"@type":"ListItem","position":3,"name":"Fleethub"}]},{"@type":"WebSite","@id":"https:\/\/www.emvico.se\/#website","url":"https:\/\/www.emvico.se\/","name":"Emvico.se","description":"When it is important","publisher":{"@id":"https:\/\/www.emvico.se\/#organization"},"alternateName":"Emvico","potentialAction":[{"@type":"SearchAction","target":{"@type":"EntryPoint","urlTemplate":"https:\/\/www.emvico.se\/?s={search_term_string}"},"query-input":{"@type":"PropertyValueSpecification","valueRequired":true,"valueName":"search_term_string"}}],"inLanguage":"en-US"},{"@type":"Organization","@id":"https:\/\/www.emvico.se\/#organization","name":"Emvico AB","alternateName":"Emvico","url":"https:\/\/www.emvico.se\/","logo":{"@type":"ImageObject","inLanguage":"en-US","@id":"https:\/\/www.emvico.se\/#\/schema\/logo\/image\/","url":"https:\/\/www.emvico.se\/wp-content\/uploads\/2024\/05\/emvico_logo_black.svg","contentUrl":"https:\/\/www.emvico.se\/wp-content\/uploads\/2024\/05\/emvico_logo_black.svg","width":200,"height":48,"caption":"Emvico AB"},"image":{"@id":"https:\/\/www.emvico.se\/#\/schema\/logo\/image\/"},"sameAs":["https:\/\/www.linkedin.com\/company\/emvico-ab\/"]}]}},"_links":{"self":[{"href":"https:\/\/www.emvico.se\/en\/wp-json\/wp\/v2\/pages\/5715","targetHints":{"allow":["GET"]}}],"collection":[{"href":"https:\/\/www.emvico.se\/en\/wp-json\/wp\/v2\/pages"}],"about":[{"href":"https:\/\/www.emvico.se\/en\/wp-json\/wp\/v2\/types\/page"}],"author":[{"embeddable":true,"href":"https:\/\/www.emvico.se\/en\/wp-json\/wp\/v2\/users\/2"}],"replies":[{"embeddable":true,"href":"https:\/\/www.emvico.se\/en\/wp-json\/wp\/v2\/comments?post=5715"}],"version-history":[{"count":26,"href":"https:\/\/www.emvico.se\/en\/wp-json\/wp\/v2\/pages\/5715\/revisions"}],"predecessor-version":[{"id":6120,"href":"https:\/\/www.emvico.se\/en\/wp-json\/wp\/v2\/pages\/5715\/revisions\/6120"}],"up":[{"embeddable":true,"href":"https:\/\/www.emvico.se\/en\/wp-json\/wp\/v2\/pages\/223"}],"wp:attachment":[{"href":"https:\/\/www.emvico.se\/en\/wp-json\/wp\/v2\/media?parent=5715"}],"curies":[{"name":"wp","href":"https:\/\/api.w.org\/{rel}","templated":true}]}}