{"id":5818,"date":"2024-11-01T11:22:12","date_gmt":"2024-11-01T10:22:12","guid":{"rendered":"https:\/\/www.emvico.se\/?page_id=5818"},"modified":"2024-11-21T16:12:37","modified_gmt":"2024-11-21T15:12:37","slug":"geztio","status":"publish","type":"page","link":"https:\/\/www.emvico.se\/en\/solutions\/geztio\/","title":{"rendered":"Geztio"},"content":{"rendered":"<p>[et_pb_section fb_built=&#8221;1&#8243; admin_label=&#8221;Section&#8221; module_id=&#8221;em-solutions&#8221; module_class=&#8221;em-solutions-section&#8221; _builder_version=&#8221;4.27.2&#8243; _module_preset=&#8221;default&#8221; background_color=&#8221;#ffffff&#8221; custom_margin=&#8221;0px|0px|0px|0px|false|false&#8221; custom_padding=&#8221;0px|0px|0px|0px|false|false&#8221; global_colors_info=&#8221;{}&#8221;][et_pb_row admin_label=&#8221;Intro&#8221; module_class=&#8221;em-solutions-row-header&#8221; _builder_version=&#8221;4.27.2&#8243; _module_preset=&#8221;default&#8221; background_image=&#8221;https:\/\/www.emvico.se\/wp-content\/uploads\/2024\/11\/map-with-marker.jpg&#8221; custom_padding=&#8221;||||false|false&#8221; border_radii=&#8221;on|40px|40px|40px|40px&#8221; locked=&#8221;off&#8221; global_colors_info=&#8221;{}&#8221;][et_pb_column type=&#8221;4_4&#8243; module_class=&#8221;em-solutions-column-header&#8221; _builder_version=&#8221;4.27.2&#8243; _module_preset=&#8221;default&#8221; custom_padding=&#8221;|400px||400px|false|true&#8221; custom_padding_tablet=&#8221;|4rem||4rem|false|true&#8221; custom_padding_phone=&#8221;|4rem||4rem|false|true&#8221; custom_padding_last_edited=&#8221;on|tablet&#8221; global_colors_info=&#8221;{}&#8221;][et_pb_heading title=&#8221;Geztio \u2013 Den kompletta digitala plattformen f\u00f6r evenemang och destinationer&#8221; _builder_version=&#8221;4.27.2&#8243; _module_preset=&#8221;default&#8221; title_level=&#8221;h1&#8243; title_font=&#8221;|700|||||||&#8221; title_text_color=&#8221;#ffffff&#8221; title_font_size=&#8221;2.5rem&#8221; title_line_height=&#8221;3rem&#8221; global_colors_info=&#8221;{}&#8221;][\/et_pb_heading][et_pb_text module_class=&#8221;em-fleethub-column-text&#8221; _builder_version=&#8221;4.27.2&#8243; _module_preset=&#8221;default&#8221; text_text_color=&#8221;#ffffff&#8221; text_font_size=&#8221;1.5rem&#8221; global_colors_info=&#8221;{}&#8221;]<\/p>\n<p><span style=\"font-weight: 400;\">Geztio \u00e4r en kraftfull digital plattform som \u00e4r speciellt utformad f\u00f6r att hj\u00e4lpa sportevenemang, m\u00e4ssor och turistdestinationer att erbjuda en s\u00f6ml\u00f6s kundupplevelse b\u00e5de online och via app. Oavsett om ni arrangerar \u00e5terkommande evenemang, driver en destination som attraherar bes\u00f6kare, eller hanterar ett enstaka, storskaligt event, s\u00e5 ger Geztio er verktygen f\u00f6r att effektivt hantera allt fr\u00e5n kommunikation till int\u00e4ktsgenerering.<\/span><\/p>\n<p><span style=\"font-weight: 400;\">Med <\/span><strong>Geztio CMS<\/strong><span style=\"font-weight: 400;\"> kan ni enkelt skapa och hantera inneh\u00e5ll som informerar och engagerar era bes\u00f6kare, medan <\/span><b>Geztio Marketplace<\/b><span style=\"font-weight: 400;\"> ger er m\u00f6jlighet att paketera tj\u00e4nster och erbjudanden f\u00f6r att maximera int\u00e4kterna. Genom att koppla samman bes\u00f6kare med lokala n\u00e4ringsidkare och sponsorer skapar ni merv\u00e4rde f\u00f6r alla inblandade och driver tillv\u00e4xt f\u00f6r b\u00e5de evenemanget och destinationen.<\/span><\/p>\n<p>[\/et_pb_text][et_pb_button button_url=&#8221;\/contact\/&#8221; button_text=&#8221;Boka ett m\u00f6te&#8221; button_alignment=&#8221;left&#8221; module_class=&#8221;em-button&#8221; _builder_version=&#8221;4.27.3&#8243; _module_preset=&#8221;74c203bb-f696-45df-b3d5-54707c846cec&#8221; custom_margin=&#8221;0px|0px|0px|0px|false|false&#8221; custom_padding=&#8221;0.5rem|3.4rem|0.5rem|2rem|false|false&#8221; hover_enabled=&#8221;0&#8243; locked=&#8221;off&#8221; global_colors_info=&#8221;{}&#8221; sticky_enabled=&#8221;0&#8243;][\/et_pb_button][\/et_pb_column][\/et_pb_row][et_pb_row column_structure=&#8221;1_2,1_2&#8243; admin_label=&#8221;Text&#8221; module_class=&#8221;em-solutions-section-text&#8221; _builder_version=&#8221;4.27.2&#8243; _module_preset=&#8221;default&#8221; background_color=&#8221;RGBA(255,255,255,0)&#8221; custom_margin=&#8221;6rem||||false|false&#8221; global_colors_info=&#8221;{}&#8221;][et_pb_column type=&#8221;1_2&#8243; module_class=&#8221;em-solutions-column-text&#8221; _builder_version=&#8221;4.27.2&#8243; _module_preset=&#8221;default&#8221; custom_padding_tablet=&#8221;|2rem||2rem|false|false&#8221; custom_padding_phone=&#8221;|2rem||2rem|false|false&#8221; custom_padding_last_edited=&#8221;on|tablet&#8221; global_colors_info=&#8221;{}&#8221;][et_pb_text admin_label=&#8221;Header&#8221; module_class=&#8221;em-solutions-column-text-header&#8221; _builder_version=&#8221;4.27.2&#8243; _module_preset=&#8221;default&#8221; global_colors_info=&#8221;{}&#8221;]<\/p>\n<h2 class=\"et_pb_module_heading et-fb-editable-element et-fb-editable-element__editing\" data-shortcode-id=\"1.1.0.0-1725546922762\" data-quickaccess-id=\"title\" contenteditable=\"true\">Vad Geztio erbjuder:<\/h2>\n<p>[\/et_pb_text][et_pb_text _builder_version=&#8221;4.27.2&#8243; _module_preset=&#8221;default&#8221; global_colors_info=&#8221;{}&#8221;]<\/p>\n<ul>\n<li><b>S\u00f6ml\u00f6s kundupplevelse<\/b><br \/>Ge era bes\u00f6kare tillg\u00e5ng till allt de beh\u00f6ver veta via en l\u00e4ttnavigerad webb och app<\/li>\n<li><b>Paketerbjudanden och \u00f6kade int\u00e4kter<\/b><br \/>Anv\u00e4nd Geztio Marketplace f\u00f6r att enkelt paketera och s\u00e4lja tj\u00e4nster, biljetter, produkter och specialerbjudanden fr\u00e5n b\u00e5de lokala akt\u00f6rer och sponsorer.<\/li>\n<li><b>Effektiv hantering av evenemang och destinationer<\/b><br \/>Samla all n\u00f6dv\u00e4ndig information, inklusive scheman, kartor, nyheter och specialerbjudanden, i en plattform som ger era bes\u00f6kare en upplevelse som flyter smidigt fr\u00e5n b\u00f6rjan till slut.<\/li>\n<li><b>F\u00f6renklar samarbeten med lokala akt\u00f6rer<\/b><br \/>Geztio underl\u00e4ttar f\u00f6r er att skapa partnerskap med lokala f\u00f6retag, f\u00f6reningar och sponsorer, vilket ger ett bredare utbud av erbjudanden och en st\u00f6rre attraktionskraft f\u00f6r era bes\u00f6kare.<\/li>\n<\/ul>\n<p>[\/et_pb_text][et_pb_text admin_label=&#8221;Header&#8221; module_class=&#8221;em-solutions-column-text-header&#8221; _builder_version=&#8221;4.27.2&#8243; _module_preset=&#8221;default&#8221; global_colors_info=&#8221;{}&#8221;]<\/p>\n<h2 class=\"et_pb_module_heading et-fb-editable-element et-fb-editable-element__editing\" data-shortcode-id=\"1.1.0.0-1725546922762\" data-quickaccess-id=\"title\" contenteditable=\"true\">Vem passar Geztio f\u00f6r?<\/h2>\n<p>[\/et_pb_text][et_pb_text _builder_version=&#8221;4.27.2&#8243; _module_preset=&#8221;default&#8221; global_colors_info=&#8221;{}&#8221;]<\/p>\n<p><span style=\"font-weight: 400;\">Geztio \u00e4r perfekt f\u00f6r kommuner, turistorganisationer, sportklubbar, eventarrang\u00f6rer och f\u00f6retag som vill skapa en stark n\u00e4rvaro online, samtidigt som de optimerar sina int\u00e4ktsstr\u00f6mmar. Oavsett om ni vill st\u00e4rka relationen med era bes\u00f6kare eller maximera int\u00e4kter genom paketerade erbjudanden, ger Geztio er alla verktyg ni beh\u00f6ver.<\/span><\/p>\n<p>[\/et_pb_text][et_pb_text admin_label=&#8221;Header&#8221; module_class=&#8221;em-solutions-column-text-header&#8221; _builder_version=&#8221;4.27.2&#8243; _module_preset=&#8221;default&#8221; global_colors_info=&#8221;{}&#8221;]<\/p>\n<h2 class=\"et_pb_module_heading et-fb-editable-element et-fb-editable-element__editing\" data-shortcode-id=\"1.1.0.0-1725546922762\" data-quickaccess-id=\"title\" contenteditable=\"true\">Skapa tillv\u00e4xt och l\u00f6nsamhet med Geztio<\/h2>\n<p>[\/et_pb_text][et_pb_text _builder_version=&#8221;4.27.2&#8243; _module_preset=&#8221;default&#8221; global_colors_info=&#8221;{}&#8221;]<\/p>\n<p><span style=\"font-weight: 400;\">Med Geztio f\u00e5r ni inte bara en plattform f\u00f6r att driva evenemang och destinationer, ni f\u00e5r ocks\u00e5 en l\u00f6sning som hj\u00e4lper er att v\u00e4xa och skapa l\u00e5ngsiktig l\u00f6nsamhet. Genom att erbjuda en smidig upplevelse f\u00f6r bes\u00f6kare, samtidigt som ni underl\u00e4ttar f\u00f6r samarbetspartners att n\u00e5 ut med sina erbjudanden, kan ni \u00f6ka b\u00e5de bes\u00f6ksn\u00f6jdhet och int\u00e4kter.<\/span><\/p>\n<p><span style=\"font-weight: 400;\">L\u00e4s mer p\u00e5 <\/span><a href=\"https:\/\/gezt.io\/\" target=\"_blank\" rel=\"noopener\"><span style=\"font-weight: 400;\">www.gezt.io<\/span><\/a>. <span style=\"font-weight: 400;\">Geztio drivs under bolaget Destination Technology Sweden AB.<\/span><\/p>\n<p><span style=\"font-weight: 400;\">Tillsammans med oss p\u00e5 denna resa, med missionen att skapa mer framg\u00e5ngsrika events och destinationer i Sverige, Norden och sedan v\u00e4rlden, \u00e4r Lars-B\u00f6rje \u201cBulan\u201d Eriksson, OS-bronsmedalj\u00f6r Super-G.<\/span><\/p>\n<p>[\/et_pb_text][et_pb_button button_url=&#8221;\/contact\/&#8221; button_text=&#8221;Kontakta oss&#8221; button_alignment=&#8221;right&#8221; module_class=&#8221;em-button&#8221; _builder_version=&#8221;4.27.0&#8243; _module_preset=&#8221;74c203bb-f696-45df-b3d5-54707c846cec&#8221; custom_margin=&#8221;0px|0px|0px|0px|false|false&#8221; custom_padding=&#8221;0.5rem|3.4rem|0.5rem|2rem|false|false&#8221; locked=&#8221;off&#8221; global_colors_info=&#8221;{}&#8221;][\/et_pb_button][\/et_pb_column][et_pb_column type=&#8221;1_2&#8243; module_class=&#8221;em-solutions-column-img&#8221; _builder_version=&#8221;4.27.2&#8243; _module_preset=&#8221;default&#8221; global_colors_info=&#8221;{}&#8221;][et_pb_image src=&#8221;https:\/\/www.emvico.se\/wp-content\/uploads\/2024\/11\/upplev-norduppland-app.jpg&#8221; alt=&#8221;Screenshot of the fleethub platform&#8221; title_text=&#8221;Upplev Norduppland app&#8221; disabled_on=&#8221;on|off|off&#8221; _builder_version=&#8221;4.27.2&#8243; _module_preset=&#8221;default&#8221; max_width=&#8221;20rem&#8221; custom_margin=&#8221;||2rem||false|false&#8221; global_colors_info=&#8221;{}&#8221;][\/et_pb_image][et_pb_image src=&#8221;https:\/\/www.emvico.se\/wp-content\/uploads\/2024\/08\/GS_20160406_Bulan_6442_v2_lowres.jpg&#8221; alt=&#8221;Screenshot of the fleethub platform&#8221; title_text=&#8221;Lars\u2013B\u00f6rje \u201dBulan\u201d Eriksson&#8221; disabled_on=&#8221;on|off|off&#8221; _builder_version=&#8221;4.27.2&#8243; _module_preset=&#8221;default&#8221; max_width=&#8221;20rem&#8221; custom_margin=&#8221;||2rem||false|false&#8221; global_colors_info=&#8221;{}&#8221;][\/et_pb_image][\/et_pb_column][\/et_pb_row][\/et_pb_section]<\/p>\n","protected":false},"excerpt":{"rendered":"<p>Geztio \u00e4r en kraftfull digital plattform som \u00e4r speciellt utformad f\u00f6r att hj\u00e4lpa sportevenemang, m\u00e4ssor och turistdestinationer att erbjuda en s\u00f6ml\u00f6s kundupplevelse b\u00e5de online och via app. Oavsett om ni arrangerar \u00e5terkommande evenemang, driver en destination som attraherar bes\u00f6kare, eller hanterar ett enstaka, storskaligt event, s\u00e5 ger Geztio er verktygen f\u00f6r att effektivt hantera allt [&hellip;]<\/p>\n","protected":false},"author":2,"featured_media":0,"parent":223,"menu_order":0,"comment_status":"closed","ping_status":"closed","template":"","meta":{"_et_pb_use_builder":"on","_et_pb_old_content":"","_et_gb_content_width":"","inline_featured_image":false,"footnotes":""},"class_list":["post-5818","page","type-page","status-publish","hentry"],"yoast_head":"<!-- This site is optimized with the Yoast SEO plugin v27.3 - https:\/\/yoast.com\/product\/yoast-seo-wordpress\/ -->\n<title>Geztio \u2013 Digital plattform f\u00f6r evenemang och destinationer<\/title>\n<meta name=\"description\" content=\"Geztio skapar en s\u00f6ml\u00f6s kundupplevelse f\u00f6r evenemang och turistdestinationer, med CMS och Marketplace f\u00f6r att optimera int\u00e4kter.\" \/>\n<meta name=\"robots\" content=\"index, follow, max-snippet:-1, max-image-preview:large, max-video-preview:-1\" \/>\n<link rel=\"canonical\" href=\"https:\/\/www.emvico.se\/en\/solutions\/geztio\/\" \/>\n<meta property=\"og:locale\" content=\"en_US\" \/>\n<meta property=\"og:type\" content=\"article\" \/>\n<meta property=\"og:title\" content=\"Geztio \u2013 Digital plattform f\u00f6r evenemang och destinationer\" \/>\n<meta property=\"og:description\" content=\"Geztio skapar en s\u00f6ml\u00f6s kundupplevelse f\u00f6r evenemang och turistdestinationer, med CMS och Marketplace f\u00f6r att optimera int\u00e4kter.\" \/>\n<meta property=\"og:url\" content=\"https:\/\/www.emvico.se\/en\/solutions\/geztio\/\" \/>\n<meta property=\"article:modified_time\" content=\"2024-11-21T15:12:37+00:00\" \/>\n<meta property=\"og:image\" content=\"https:\/\/www.emvico.se\/wp-content\/uploads\/2025\/08\/open-graph-default-image.jpg\" \/>\n\t<meta property=\"og:image:width\" content=\"1200\" \/>\n\t<meta property=\"og:image:height\" content=\"675\" \/>\n\t<meta property=\"og:image:type\" content=\"image\/jpeg\" \/>\n<script type=\"application\/ld+json\" class=\"yoast-schema-graph\">{\"@context\":\"https:\\\/\\\/schema.org\",\"@graph\":[{\"@type\":\"WebPage\",\"@id\":\"https:\\\/\\\/www.emvico.se\\\/solutions\\\/geztio\\\/\",\"url\":\"https:\\\/\\\/www.emvico.se\\\/solutions\\\/geztio\\\/\",\"name\":\"Geztio \u2013 Digital plattform f\u00f6r evenemang och destinationer\",\"isPartOf\":{\"@id\":\"https:\\\/\\\/www.emvico.se\\\/#website\"},\"datePublished\":\"2024-11-01T10:22:12+00:00\",\"dateModified\":\"2024-11-21T15:12:37+00:00\",\"description\":\"Geztio skapar en s\u00f6ml\u00f6s kundupplevelse f\u00f6r evenemang och turistdestinationer, med CMS och Marketplace f\u00f6r att optimera int\u00e4kter.\",\"breadcrumb\":{\"@id\":\"https:\\\/\\\/www.emvico.se\\\/solutions\\\/geztio\\\/#breadcrumb\"},\"inLanguage\":\"en-US\",\"potentialAction\":[{\"@type\":\"ReadAction\",\"target\":[\"https:\\\/\\\/www.emvico.se\\\/solutions\\\/geztio\\\/\"]}]},{\"@type\":\"BreadcrumbList\",\"@id\":\"https:\\\/\\\/www.emvico.se\\\/solutions\\\/geztio\\\/#breadcrumb\",\"itemListElement\":[{\"@type\":\"ListItem\",\"position\":1,\"name\":\"Home\",\"item\":\"https:\\\/\\\/www.emvico.se\\\/\"},{\"@type\":\"ListItem\",\"position\":2,\"name\":\"Solutions\",\"item\":\"https:\\\/\\\/www.emvico.se\\\/solutions\\\/\"},{\"@type\":\"ListItem\",\"position\":3,\"name\":\"Geztio\"}]},{\"@type\":\"WebSite\",\"@id\":\"https:\\\/\\\/www.emvico.se\\\/#website\",\"url\":\"https:\\\/\\\/www.emvico.se\\\/\",\"name\":\"Emvico.se\",\"description\":\"When it is important\",\"publisher\":{\"@id\":\"https:\\\/\\\/www.emvico.se\\\/#organization\"},\"alternateName\":\"Emvico\",\"potentialAction\":[{\"@type\":\"SearchAction\",\"target\":{\"@type\":\"EntryPoint\",\"urlTemplate\":\"https:\\\/\\\/www.emvico.se\\\/?s={search_term_string}\"},\"query-input\":{\"@type\":\"PropertyValueSpecification\",\"valueRequired\":true,\"valueName\":\"search_term_string\"}}],\"inLanguage\":\"en-US\"},{\"@type\":\"Organization\",\"@id\":\"https:\\\/\\\/www.emvico.se\\\/#organization\",\"name\":\"Emvico AB\",\"alternateName\":\"Emvico\",\"url\":\"https:\\\/\\\/www.emvico.se\\\/\",\"logo\":{\"@type\":\"ImageObject\",\"inLanguage\":\"en-US\",\"@id\":\"https:\\\/\\\/www.emvico.se\\\/#\\\/schema\\\/logo\\\/image\\\/\",\"url\":\"https:\\\/\\\/www.emvico.se\\\/wp-content\\\/uploads\\\/2024\\\/05\\\/emvico_logo_black.svg\",\"contentUrl\":\"https:\\\/\\\/www.emvico.se\\\/wp-content\\\/uploads\\\/2024\\\/05\\\/emvico_logo_black.svg\",\"width\":200,\"height\":48,\"caption\":\"Emvico AB\"},\"image\":{\"@id\":\"https:\\\/\\\/www.emvico.se\\\/#\\\/schema\\\/logo\\\/image\\\/\"},\"sameAs\":[\"https:\\\/\\\/www.linkedin.com\\\/company\\\/emvico-ab\\\/\"]}]}<\/script>\n<!-- \/ Yoast SEO plugin. -->","yoast_head_json":{"title":"Geztio - Digital platform for events and destinations","description":"Geztio skapar en s\u00f6ml\u00f6s kundupplevelse f\u00f6r evenemang och turistdestinationer, med CMS och Marketplace f\u00f6r att optimera int\u00e4kter.","robots":{"index":"index","follow":"follow","max-snippet":"max-snippet:-1","max-image-preview":"max-image-preview:large","max-video-preview":"max-video-preview:-1"},"canonical":"https:\/\/www.emvico.se\/en\/solutions\/geztio\/","og_locale":"en_US","og_type":"article","og_title":"Geztio \u2013 Digital plattform f\u00f6r evenemang och destinationer","og_description":"Geztio skapar en s\u00f6ml\u00f6s kundupplevelse f\u00f6r evenemang och turistdestinationer, med CMS och Marketplace f\u00f6r att optimera int\u00e4kter.","og_url":"https:\/\/www.emvico.se\/en\/solutions\/geztio\/","article_modified_time":"2024-11-21T15:12:37+00:00","og_image":[{"width":1200,"height":675,"url":"https:\/\/www.emvico.se\/wp-content\/uploads\/2025\/08\/open-graph-default-image.jpg","type":"image\/jpeg"}],"schema":{"@context":"https:\/\/schema.org","@graph":[{"@type":"WebPage","@id":"https:\/\/www.emvico.se\/solutions\/geztio\/","url":"https:\/\/www.emvico.se\/solutions\/geztio\/","name":"Geztio - Digital platform for events and destinations","isPartOf":{"@id":"https:\/\/www.emvico.se\/#website"},"datePublished":"2024-11-01T10:22:12+00:00","dateModified":"2024-11-21T15:12:37+00:00","description":"Geztio skapar en s\u00f6ml\u00f6s kundupplevelse f\u00f6r evenemang och turistdestinationer, med CMS och Marketplace f\u00f6r att optimera int\u00e4kter.","breadcrumb":{"@id":"https:\/\/www.emvico.se\/solutions\/geztio\/#breadcrumb"},"inLanguage":"en-US","potentialAction":[{"@type":"ReadAction","target":["https:\/\/www.emvico.se\/solutions\/geztio\/"]}]},{"@type":"BreadcrumbList","@id":"https:\/\/www.emvico.se\/solutions\/geztio\/#breadcrumb","itemListElement":[{"@type":"ListItem","position":1,"name":"Home","item":"https:\/\/www.emvico.se\/"},{"@type":"ListItem","position":2,"name":"Solutions","item":"https:\/\/www.emvico.se\/solutions\/"},{"@type":"ListItem","position":3,"name":"Geztio"}]},{"@type":"WebSite","@id":"https:\/\/www.emvico.se\/#website","url":"https:\/\/www.emvico.se\/","name":"Emvico.se","description":"When it is important","publisher":{"@id":"https:\/\/www.emvico.se\/#organization"},"alternateName":"Emvico","potentialAction":[{"@type":"SearchAction","target":{"@type":"EntryPoint","urlTemplate":"https:\/\/www.emvico.se\/?s={search_term_string}"},"query-input":{"@type":"PropertyValueSpecification","valueRequired":true,"valueName":"search_term_string"}}],"inLanguage":"en-US"},{"@type":"Organization","@id":"https:\/\/www.emvico.se\/#organization","name":"Emvico AB","alternateName":"Emvico","url":"https:\/\/www.emvico.se\/","logo":{"@type":"ImageObject","inLanguage":"en-US","@id":"https:\/\/www.emvico.se\/#\/schema\/logo\/image\/","url":"https:\/\/www.emvico.se\/wp-content\/uploads\/2024\/05\/emvico_logo_black.svg","contentUrl":"https:\/\/www.emvico.se\/wp-content\/uploads\/2024\/05\/emvico_logo_black.svg","width":200,"height":48,"caption":"Emvico AB"},"image":{"@id":"https:\/\/www.emvico.se\/#\/schema\/logo\/image\/"},"sameAs":["https:\/\/www.linkedin.com\/company\/emvico-ab\/"]}]}},"_links":{"self":[{"href":"https:\/\/www.emvico.se\/en\/wp-json\/wp\/v2\/pages\/5818","targetHints":{"allow":["GET"]}}],"collection":[{"href":"https:\/\/www.emvico.se\/en\/wp-json\/wp\/v2\/pages"}],"about":[{"href":"https:\/\/www.emvico.se\/en\/wp-json\/wp\/v2\/types\/page"}],"author":[{"embeddable":true,"href":"https:\/\/www.emvico.se\/en\/wp-json\/wp\/v2\/users\/2"}],"replies":[{"embeddable":true,"href":"https:\/\/www.emvico.se\/en\/wp-json\/wp\/v2\/comments?post=5818"}],"version-history":[{"count":20,"href":"https:\/\/www.emvico.se\/en\/wp-json\/wp\/v2\/pages\/5818\/revisions"}],"predecessor-version":[{"id":6123,"href":"https:\/\/www.emvico.se\/en\/wp-json\/wp\/v2\/pages\/5818\/revisions\/6123"}],"up":[{"embeddable":true,"href":"https:\/\/www.emvico.se\/en\/wp-json\/wp\/v2\/pages\/223"}],"wp:attachment":[{"href":"https:\/\/www.emvico.se\/en\/wp-json\/wp\/v2\/media?parent=5818"}],"curies":[{"name":"wp","href":"https:\/\/api.w.org\/{rel}","templated":true}]}}