{"id":5919,"date":"2024-11-06T16:39:23","date_gmt":"2024-11-06T15:39:23","guid":{"rendered":"https:\/\/www.emvico.se\/?page_id=5919"},"modified":"2025-08-19T15:10:50","modified_gmt":"2025-08-19T14:10:50","slug":"cost-effective-nearshore","status":"publish","type":"page","link":"https:\/\/www.emvico.se\/en\/it-partner\/cost-effective-nearshore\/","title":{"rendered":"Cost-effective nearshore"},"content":{"rendered":"<p>[et_pb_section fb_built=&#8221;1&#8243; admin_label=&#8221;Section&#8221; module_id=&#8221;em-solutions&#8221; module_class=&#8221;em-solutions-section&#8221; _builder_version=&#8221;4.27.2&#8243; _module_preset=&#8221;default&#8221; background_color=&#8221;#ffffff&#8221; custom_margin=&#8221;0px|0px|0px|0px|false|false&#8221; custom_padding=&#8221;0px|0px|0px|0px|false|false&#8221; global_colors_info=&#8221;{}&#8221;][et_pb_row admin_label=&#8221;Intro&#8221; module_class=&#8221;em-solutions-row-header&#8221; _builder_version=&#8221;4.27.2&#8243; _module_preset=&#8221;default&#8221; background_image=&#8221;https:\/\/www.emvico.se\/wp-content\/uploads\/2024\/11\/outsourcing.jpg&#8221; custom_padding=&#8221;||||false|false&#8221; border_radii=&#8221;on|40px|40px|40px|40px&#8221; locked=&#8221;off&#8221; global_colors_info=&#8221;{}&#8221;][et_pb_column type=&#8221;4_4&#8243; module_class=&#8221;em-solutions-column-header&#8221; _builder_version=&#8221;4.27.2&#8243; _module_preset=&#8221;default&#8221; custom_padding=&#8221;|400px||400px|false|true&#8221; custom_padding_tablet=&#8221;|4rem||4rem|false|true&#8221; custom_padding_phone=&#8221;|4rem||4rem|false|true&#8221; custom_padding_last_edited=&#8221;on|tablet&#8221; global_colors_info=&#8221;{}&#8221;][et_pb_heading title=&#8221;Kvalitativ och kostnadseffektiv nearshore med garanti&#8221; _builder_version=&#8221;4.27.2&#8243; _module_preset=&#8221;default&#8221; title_level=&#8221;h1&#8243; title_font=&#8221;|700|||||||&#8221; title_text_color=&#8221;#FFFFFF&#8221; title_font_size=&#8221;2.5rem&#8221; title_line_height=&#8221;3rem&#8221; global_colors_info=&#8221;{}&#8221;][\/et_pb_heading][et_pb_text module_class=&#8221;em-fleethub-column-text&#8221; _builder_version=&#8221;4.27.4&#8243; _module_preset=&#8221;default&#8221; text_text_color=&#8221;#FFFFFF&#8221; text_font_size=&#8221;1.5rem&#8221; hover_enabled=&#8221;0&#8243; global_colors_info=&#8221;{}&#8221; sticky_enabled=&#8221;0&#8243;]<\/p>\n<p>Vi har arbetat med nearshore i \u00f6ver 15 \u00e5r och har ett stort n\u00e4tverk i flera l\u00e4nder samt omfattande erfarenhet. Detta har gjort det m\u00f6jligt f\u00f6r oss att etablera v\u00e5ra egna hubbar i <span>Warszawa, Lviv och Budapest<\/span>.<\/p>\n<p>Vi fokuserar enbart p\u00e5 nearshore, eftersom tidszon, kultur och kvalitet har visat sig ge de absolut b\u00e4sta resultaten. Under \u00e5ren har vi finjusterat processen f\u00f6r att snabbt hitta r\u00e4tt kompetens, erbjuda garantier och samtidigt h\u00e5lla priset konkurrenskraftigt, \u00e4ven j\u00e4mf\u00f6rt med offshore-l\u00f6sningar.<\/p>\n<p>[\/et_pb_text][et_pb_button button_url=&#8221;\/contact\/&#8221; button_text=&#8221;Vi hj\u00e4lper g\u00e4rna dig&#8221; button_alignment=&#8221;left&#8221; module_class=&#8221;em-button&#8221; _builder_version=&#8221;4.27.3&#8243; _module_preset=&#8221;74c203bb-f696-45df-b3d5-54707c846cec&#8221; custom_margin=&#8221;0px|0px|0px|0px|false|false&#8221; custom_padding=&#8221;0.5rem|3.4rem|0.5rem|2rem|false|false&#8221; locked=&#8221;off&#8221; global_colors_info=&#8221;{}&#8221;][\/et_pb_button][\/et_pb_column][\/et_pb_row][et_pb_row column_structure=&#8221;1_2,1_2&#8243; admin_label=&#8221;Text&#8221; module_class=&#8221;em-solutions-section-text&#8221; _builder_version=&#8221;4.27.2&#8243; _module_preset=&#8221;default&#8221; background_color=&#8221;RGBA(255,255,255,0)&#8221; custom_margin=&#8221;6rem||||false|false&#8221; global_colors_info=&#8221;{}&#8221;][et_pb_column type=&#8221;1_2&#8243; module_class=&#8221;em-solutions-column-text&#8221; _builder_version=&#8221;4.27.2&#8243; _module_preset=&#8221;default&#8221; custom_padding_tablet=&#8221;|2rem||2rem|false|false&#8221; custom_padding_phone=&#8221;|2rem||2rem|false|false&#8221; custom_padding_last_edited=&#8221;on|tablet&#8221; global_colors_info=&#8221;{}&#8221;][et_pb_text admin_label=&#8221;Header&#8221; module_class=&#8221;em-solutions-column-text-header&#8221; _builder_version=&#8221;4.27.2&#8243; _module_preset=&#8221;default&#8221; global_colors_info=&#8221;{}&#8221;]<\/p>\n<h2 class=\"et_pb_module_heading et-fb-editable-element et-fb-editable-element__editing\" data-shortcode-id=\"1.1.0.0-1725546922762\" data-quickaccess-id=\"title\" contenteditable=\"true\">F\u00f6r er som beh\u00f6ver IT-kompetens erbjuder vi f\u00f6ljande:<\/h2>\n<p>[\/et_pb_text][et_pb_text _builder_version=&#8221;4.27.2&#8243; _module_preset=&#8221;default&#8221; global_colors_info=&#8221;{}&#8221;]<\/p>\n<ul>\n<li>Utvecklare, QA, och DevOps med r\u00e4tt profil tillg\u00e4ngliga f\u00f6r intervju inom tv\u00e5 veckor fr\u00e5n f\u00f6rfr\u00e5gan.<\/li>\n<li>Priser som \u00e4r konkurrenskraftiga med offshore-alternativ.<\/li>\n<li>Tv\u00e5 veckors provperiod \u2013 om ni inte \u00e4r n\u00f6jda ers\u00e4tter vi profilen utan extra kostnad.<\/li>\n<li>Fyra veckors l\u00f6pande upps\u00e4gningstid.<\/li>\n<li>S\u00e4kerhetsintervjuer och bakgrundskontroller ing\u00e5r alltid i v\u00e5r process.<\/li>\n<\/ul>\n<p>[\/et_pb_text][et_pb_text _builder_version=&#8221;4.27.2&#8243; _module_preset=&#8221;default&#8221; global_colors_info=&#8221;{}&#8221;]<\/p>\n<p>Kontakta oss f\u00f6r att diskutera era behov. Vi tar ansvar f\u00f6r att ni f\u00e5r r\u00e4tt personer som presterar, och med v\u00e5ra garantier har ni inget att f\u00f6rlora.<\/p>\n<p>[\/et_pb_text][et_pb_button button_url=&#8221;\/contact\/&#8221; button_text=&#8221;Kontakta oss&#8221; button_alignment=&#8221;right&#8221; module_class=&#8221;em-button&#8221; _builder_version=&#8221;4.27.0&#8243; _module_preset=&#8221;74c203bb-f696-45df-b3d5-54707c846cec&#8221; custom_margin=&#8221;0px|0px|0px|0px|false|false&#8221; custom_padding=&#8221;0.5rem|3.4rem|0.5rem|2rem|false|false&#8221; locked=&#8221;off&#8221; global_colors_info=&#8221;{}&#8221;][\/et_pb_button][\/et_pb_column][et_pb_column type=&#8221;1_2&#8243; module_class=&#8221;em-solutions-column-img&#8221; _builder_version=&#8221;4.27.2&#8243; _module_preset=&#8221;default&#8221; global_colors_info=&#8221;{}&#8221;][et_pb_image src=&#8221;https:\/\/www.emvico.se\/wp-content\/uploads\/2024\/11\/outsourcing-developers.jpg&#8221; alt=&#8221;Screenshot of the fleethub platform&#8221; title_text=&#8221;Outsourcing developers&#8221; disabled_on=&#8221;on|off|off&#8221; _builder_version=&#8221;4.27.2&#8243; _module_preset=&#8221;default&#8221; max_width=&#8221;20rem&#8221; custom_margin=&#8221;||2rem||false|false&#8221; global_colors_info=&#8221;{}&#8221;][\/et_pb_image][\/et_pb_column][\/et_pb_row][\/et_pb_section]<\/p>\n","protected":false},"excerpt":{"rendered":"<p>Vi har arbetat med nearshore i \u00f6ver 15 \u00e5r och har ett stort n\u00e4tverk i flera l\u00e4nder samt omfattande erfarenhet. Detta har gjort det m\u00f6jligt f\u00f6r oss att etablera v\u00e5ra egna hubbar i Warszawa, Lviv och Budapest. Vi fokuserar enbart p\u00e5 nearshore, eftersom tidszon, kultur och kvalitet har visat sig ge de absolut b\u00e4sta resultaten. [&hellip;]<\/p>\n","protected":false},"author":2,"featured_media":0,"parent":6814,"menu_order":0,"comment_status":"closed","ping_status":"closed","template":"","meta":{"_et_pb_use_builder":"on","_et_pb_old_content":"","_et_gb_content_width":"","inline_featured_image":false,"footnotes":""},"class_list":["post-5919","page","type-page","status-publish","hentry"],"yoast_head":"<!-- This site is optimized with the Yoast SEO plugin v27.3 - https:\/\/yoast.com\/product\/yoast-seo-wordpress\/ -->\n<title>Kvalitativ och kostnadseffektiv nearshore med garanti<\/title>\n<meta name=\"description\" content=\"Snabb tillg\u00e5ng till utvecklare, QA och DevOps via v\u00e5ra nearshore-hubbar i Kiev och Warszawa. Konkurrenskraftiga priser och tv\u00e5 veckors provperiod.\" \/>\n<meta name=\"robots\" content=\"index, follow, max-snippet:-1, max-image-preview:large, max-video-preview:-1\" \/>\n<link rel=\"canonical\" href=\"https:\/\/www.emvico.se\/en\/it-partner\/cost-effective-nearshore\/\" \/>\n<meta property=\"og:locale\" content=\"en_US\" \/>\n<meta property=\"og:type\" content=\"article\" \/>\n<meta property=\"og:title\" content=\"Kvalitativ och kostnadseffektiv nearshore med garanti\" \/>\n<meta property=\"og:description\" content=\"Snabb tillg\u00e5ng till utvecklare, QA och DevOps via v\u00e5ra nearshore-hubbar i Kiev och Warszawa. Konkurrenskraftiga priser och tv\u00e5 veckors provperiod.\" \/>\n<meta property=\"og:url\" content=\"https:\/\/www.emvico.se\/en\/it-partner\/cost-effective-nearshore\/\" \/>\n<meta property=\"article:modified_time\" content=\"2025-08-19T14:10:50+00:00\" \/>\n<meta property=\"og:image\" content=\"https:\/\/www.emvico.se\/wp-content\/uploads\/2025\/08\/open-graph-default-image.jpg\" \/>\n\t<meta property=\"og:image:width\" content=\"1200\" \/>\n\t<meta property=\"og:image:height\" content=\"675\" \/>\n\t<meta property=\"og:image:type\" content=\"image\/jpeg\" \/>\n<script type=\"application\/ld+json\" class=\"yoast-schema-graph\">{\"@context\":\"https:\\\/\\\/schema.org\",\"@graph\":[{\"@type\":\"WebPage\",\"@id\":\"https:\\\/\\\/www.emvico.se\\\/it-partner\\\/cost-effective-nearshore\\\/\",\"url\":\"https:\\\/\\\/www.emvico.se\\\/it-partner\\\/cost-effective-nearshore\\\/\",\"name\":\"Kvalitativ och kostnadseffektiv nearshore med garanti\",\"isPartOf\":{\"@id\":\"https:\\\/\\\/www.emvico.se\\\/#website\"},\"datePublished\":\"2024-11-06T15:39:23+00:00\",\"dateModified\":\"2025-08-19T14:10:50+00:00\",\"description\":\"Snabb tillg\u00e5ng till utvecklare, QA och DevOps via v\u00e5ra nearshore-hubbar i Kiev och Warszawa. Konkurrenskraftiga priser och tv\u00e5 veckors provperiod.\",\"breadcrumb\":{\"@id\":\"https:\\\/\\\/www.emvico.se\\\/it-partner\\\/cost-effective-nearshore\\\/#breadcrumb\"},\"inLanguage\":\"en-US\",\"potentialAction\":[{\"@type\":\"ReadAction\",\"target\":[\"https:\\\/\\\/www.emvico.se\\\/it-partner\\\/cost-effective-nearshore\\\/\"]}]},{\"@type\":\"BreadcrumbList\",\"@id\":\"https:\\\/\\\/www.emvico.se\\\/it-partner\\\/cost-effective-nearshore\\\/#breadcrumb\",\"itemListElement\":[{\"@type\":\"ListItem\",\"position\":1,\"name\":\"Home\",\"item\":\"https:\\\/\\\/www.emvico.se\\\/\"},{\"@type\":\"ListItem\",\"position\":2,\"name\":\"IT-partner\",\"item\":\"https:\\\/\\\/www.emvico.se\\\/it-partner\\\/\"},{\"@type\":\"ListItem\",\"position\":3,\"name\":\"Cost-effective nearshore\"}]},{\"@type\":\"WebSite\",\"@id\":\"https:\\\/\\\/www.emvico.se\\\/#website\",\"url\":\"https:\\\/\\\/www.emvico.se\\\/\",\"name\":\"Emvico.se\",\"description\":\"When it is important\",\"publisher\":{\"@id\":\"https:\\\/\\\/www.emvico.se\\\/#organization\"},\"alternateName\":\"Emvico\",\"potentialAction\":[{\"@type\":\"SearchAction\",\"target\":{\"@type\":\"EntryPoint\",\"urlTemplate\":\"https:\\\/\\\/www.emvico.se\\\/?s={search_term_string}\"},\"query-input\":{\"@type\":\"PropertyValueSpecification\",\"valueRequired\":true,\"valueName\":\"search_term_string\"}}],\"inLanguage\":\"en-US\"},{\"@type\":\"Organization\",\"@id\":\"https:\\\/\\\/www.emvico.se\\\/#organization\",\"name\":\"Emvico AB\",\"alternateName\":\"Emvico\",\"url\":\"https:\\\/\\\/www.emvico.se\\\/\",\"logo\":{\"@type\":\"ImageObject\",\"inLanguage\":\"en-US\",\"@id\":\"https:\\\/\\\/www.emvico.se\\\/#\\\/schema\\\/logo\\\/image\\\/\",\"url\":\"https:\\\/\\\/www.emvico.se\\\/wp-content\\\/uploads\\\/2024\\\/05\\\/emvico_logo_black.svg\",\"contentUrl\":\"https:\\\/\\\/www.emvico.se\\\/wp-content\\\/uploads\\\/2024\\\/05\\\/emvico_logo_black.svg\",\"width\":200,\"height\":48,\"caption\":\"Emvico AB\"},\"image\":{\"@id\":\"https:\\\/\\\/www.emvico.se\\\/#\\\/schema\\\/logo\\\/image\\\/\"},\"sameAs\":[\"https:\\\/\\\/www.linkedin.com\\\/company\\\/emvico-ab\\\/\"]}]}<\/script>\n<!-- \/ Yoast SEO plugin. -->","yoast_head_json":{"title":"Qualitative and cost-effective nearshore with guarantee","description":"Snabb tillg\u00e5ng till utvecklare, QA och DevOps via v\u00e5ra nearshore-hubbar i Kiev och Warszawa. Konkurrenskraftiga priser och tv\u00e5 veckors provperiod.","robots":{"index":"index","follow":"follow","max-snippet":"max-snippet:-1","max-image-preview":"max-image-preview:large","max-video-preview":"max-video-preview:-1"},"canonical":"https:\/\/www.emvico.se\/en\/it-partner\/cost-effective-nearshore\/","og_locale":"en_US","og_type":"article","og_title":"Kvalitativ och kostnadseffektiv nearshore med garanti","og_description":"Snabb tillg\u00e5ng till utvecklare, QA och DevOps via v\u00e5ra nearshore-hubbar i Kiev och Warszawa. Konkurrenskraftiga priser och tv\u00e5 veckors provperiod.","og_url":"https:\/\/www.emvico.se\/en\/it-partner\/cost-effective-nearshore\/","article_modified_time":"2025-08-19T14:10:50+00:00","og_image":[{"width":1200,"height":675,"url":"https:\/\/www.emvico.se\/wp-content\/uploads\/2025\/08\/open-graph-default-image.jpg","type":"image\/jpeg"}],"schema":{"@context":"https:\/\/schema.org","@graph":[{"@type":"WebPage","@id":"https:\/\/www.emvico.se\/it-partner\/cost-effective-nearshore\/","url":"https:\/\/www.emvico.se\/it-partner\/cost-effective-nearshore\/","name":"Qualitative and cost-effective nearshore with guarantee","isPartOf":{"@id":"https:\/\/www.emvico.se\/#website"},"datePublished":"2024-11-06T15:39:23+00:00","dateModified":"2025-08-19T14:10:50+00:00","description":"Snabb tillg\u00e5ng till utvecklare, QA och DevOps via v\u00e5ra nearshore-hubbar i Kiev och Warszawa. Konkurrenskraftiga priser och tv\u00e5 veckors provperiod.","breadcrumb":{"@id":"https:\/\/www.emvico.se\/it-partner\/cost-effective-nearshore\/#breadcrumb"},"inLanguage":"en-US","potentialAction":[{"@type":"ReadAction","target":["https:\/\/www.emvico.se\/it-partner\/cost-effective-nearshore\/"]}]},{"@type":"BreadcrumbList","@id":"https:\/\/www.emvico.se\/it-partner\/cost-effective-nearshore\/#breadcrumb","itemListElement":[{"@type":"ListItem","position":1,"name":"Home","item":"https:\/\/www.emvico.se\/"},{"@type":"ListItem","position":2,"name":"IT-partner","item":"https:\/\/www.emvico.se\/it-partner\/"},{"@type":"ListItem","position":3,"name":"Cost-effective nearshore"}]},{"@type":"WebSite","@id":"https:\/\/www.emvico.se\/#website","url":"https:\/\/www.emvico.se\/","name":"Emvico.se","description":"When it is important","publisher":{"@id":"https:\/\/www.emvico.se\/#organization"},"alternateName":"Emvico","potentialAction":[{"@type":"SearchAction","target":{"@type":"EntryPoint","urlTemplate":"https:\/\/www.emvico.se\/?s={search_term_string}"},"query-input":{"@type":"PropertyValueSpecification","valueRequired":true,"valueName":"search_term_string"}}],"inLanguage":"en-US"},{"@type":"Organization","@id":"https:\/\/www.emvico.se\/#organization","name":"Emvico AB","alternateName":"Emvico","url":"https:\/\/www.emvico.se\/","logo":{"@type":"ImageObject","inLanguage":"en-US","@id":"https:\/\/www.emvico.se\/#\/schema\/logo\/image\/","url":"https:\/\/www.emvico.se\/wp-content\/uploads\/2024\/05\/emvico_logo_black.svg","contentUrl":"https:\/\/www.emvico.se\/wp-content\/uploads\/2024\/05\/emvico_logo_black.svg","width":200,"height":48,"caption":"Emvico AB"},"image":{"@id":"https:\/\/www.emvico.se\/#\/schema\/logo\/image\/"},"sameAs":["https:\/\/www.linkedin.com\/company\/emvico-ab\/"]}]}},"_links":{"self":[{"href":"https:\/\/www.emvico.se\/en\/wp-json\/wp\/v2\/pages\/5919","targetHints":{"allow":["GET"]}}],"collection":[{"href":"https:\/\/www.emvico.se\/en\/wp-json\/wp\/v2\/pages"}],"about":[{"href":"https:\/\/www.emvico.se\/en\/wp-json\/wp\/v2\/types\/page"}],"author":[{"embeddable":true,"href":"https:\/\/www.emvico.se\/en\/wp-json\/wp\/v2\/users\/2"}],"replies":[{"embeddable":true,"href":"https:\/\/www.emvico.se\/en\/wp-json\/wp\/v2\/comments?post=5919"}],"version-history":[{"count":9,"href":"https:\/\/www.emvico.se\/en\/wp-json\/wp\/v2\/pages\/5919\/revisions"}],"predecessor-version":[{"id":6797,"href":"https:\/\/www.emvico.se\/en\/wp-json\/wp\/v2\/pages\/5919\/revisions\/6797"}],"up":[{"embeddable":true,"href":"https:\/\/www.emvico.se\/en\/wp-json\/wp\/v2\/pages\/6814"}],"wp:attachment":[{"href":"https:\/\/www.emvico.se\/en\/wp-json\/wp\/v2\/media?parent=5919"}],"curies":[{"name":"wp","href":"https:\/\/api.w.org\/{rel}","templated":true}]}}