{"id":5935,"date":"2024-11-07T11:10:13","date_gmt":"2024-11-07T10:10:13","guid":{"rendered":"https:\/\/www.emvico.se\/?page_id=5935"},"modified":"2025-08-19T15:09:04","modified_gmt":"2025-08-19T14:09:04","slug":"bespoke","status":"publish","type":"page","link":"https:\/\/www.emvico.se\/en\/it-partner\/bespoke\/","title":{"rendered":"Bespoke"},"content":{"rendered":"<p>[et_pb_section fb_built=&#8221;1&#8243; admin_label=&#8221;Section&#8221; module_id=&#8221;em-solutions&#8221; module_class=&#8221;em-solutions-section&#8221; _builder_version=&#8221;4.27.2&#8243; _module_preset=&#8221;default&#8221; background_color=&#8221;#ffffff&#8221; custom_margin=&#8221;0px|0px|0px|0px|false|false&#8221; custom_padding=&#8221;0px|0px|0px|0px|false|false&#8221; global_colors_info=&#8221;{}&#8221;][et_pb_row admin_label=&#8221;Intro&#8221; module_class=&#8221;em-solutions-row-header&#8221; _builder_version=&#8221;4.27.2&#8243; _module_preset=&#8221;default&#8221; background_image=&#8221;https:\/\/www.emvico.se\/wp-content\/uploads\/2024\/11\/bespoke-solutions.jpg&#8221; custom_padding=&#8221;||||false|false&#8221; border_radii=&#8221;on|40px|40px|40px|40px&#8221; locked=&#8221;off&#8221; global_colors_info=&#8221;{}&#8221;][et_pb_column type=&#8221;4_4&#8243; module_class=&#8221;em-solutions-column-header&#8221; _builder_version=&#8221;4.27.2&#8243; _module_preset=&#8221;default&#8221; custom_padding=&#8221;|400px||400px|false|true&#8221; custom_padding_tablet=&#8221;|4rem||4rem|false|true&#8221; custom_padding_phone=&#8221;|4rem||4rem|false|true&#8221; custom_padding_last_edited=&#8221;on|tablet&#8221; global_colors_info=&#8221;{}&#8221;][et_pb_heading title=&#8221;Skr\u00e4ddarsydda IT-l\u00f6sningar f\u00f6r er framg\u00e5ng&#8221; _builder_version=&#8221;4.27.2&#8243; _module_preset=&#8221;default&#8221; title_level=&#8221;h1&#8243; title_font=&#8221;|700|||||||&#8221; title_text_color=&#8221;#ffffff&#8221; title_font_size=&#8221;2.5rem&#8221; title_line_height=&#8221;3rem&#8221; global_colors_info=&#8221;{}&#8221;][\/et_pb_heading][et_pb_text module_class=&#8221;em-fleethub-column-text&#8221; _builder_version=&#8221;4.27.2&#8243; _module_preset=&#8221;default&#8221; text_text_color=&#8221;#ffffff&#8221; text_font_size=&#8221;1.5rem&#8221; global_colors_info=&#8221;{}&#8221;]<\/p>\n<p>P\u00e5 Emvico f\u00f6rst\u00e5r vi att varje f\u00f6retag \u00e4r unikt, och d\u00e4rf\u00f6r erbjuder vi skr\u00e4ddarsydda IT-l\u00f6sningar som \u00e4r designade specifikt f\u00f6r era behov. Standardl\u00f6sningar kan vara bra f\u00f6r vissa, men de r\u00e4cker inte alltid till n\u00e4r ni vill driva er verksamhet fram\u00e5t och n\u00e5 n\u00e4sta niv\u00e5. V\u00e5rt fokus ligger p\u00e5 att skapa flexibla, skalbara och framtidss\u00e4kra l\u00f6sningar som matchar era aff\u00e4rsm\u00e5l, samtidigt som de ger er en strategisk f\u00f6rdel p\u00e5 marknaden.<span style=\"font-weight: 400;\"><\/span><\/p>\n<p>[\/et_pb_text][et_pb_button button_url=&#8221;\/contact\/&#8221; button_text=&#8221;Boka ett m\u00f6te&#8221; button_alignment=&#8221;left&#8221; module_class=&#8221;em-button&#8221; _builder_version=&#8221;4.27.3&#8243; _module_preset=&#8221;74c203bb-f696-45df-b3d5-54707c846cec&#8221; custom_margin=&#8221;0px|0px|0px|0px|false|false&#8221; custom_padding=&#8221;0.5rem|3.4rem|0.5rem|2rem|false|false&#8221; hover_enabled=&#8221;0&#8243; locked=&#8221;off&#8221; global_colors_info=&#8221;{}&#8221; sticky_enabled=&#8221;0&#8243;][\/et_pb_button][\/et_pb_column][\/et_pb_row][et_pb_row column_structure=&#8221;1_2,1_2&#8243; admin_label=&#8221;Text&#8221; module_class=&#8221;em-solutions-section-text&#8221; _builder_version=&#8221;4.27.2&#8243; _module_preset=&#8221;default&#8221; background_color=&#8221;RGBA(255,255,255,0)&#8221; custom_margin=&#8221;6rem||||false|false&#8221; global_colors_info=&#8221;{}&#8221;][et_pb_column type=&#8221;1_2&#8243; module_class=&#8221;em-solutions-column-text&#8221; _builder_version=&#8221;4.27.2&#8243; _module_preset=&#8221;default&#8221; custom_padding_tablet=&#8221;|2rem||2rem|false|false&#8221; custom_padding_phone=&#8221;|2rem||2rem|false|false&#8221; custom_padding_last_edited=&#8221;on|tablet&#8221; global_colors_info=&#8221;{}&#8221;][et_pb_text admin_label=&#8221;Header&#8221; module_class=&#8221;em-solutions-column-text-header&#8221; _builder_version=&#8221;4.27.2&#8243; _module_preset=&#8221;default&#8221; global_colors_info=&#8221;{}&#8221;]<\/p>\n<h2 class=\"et_pb_module_heading et-fb-editable-element et-fb-editable-element__editing\" data-shortcode-id=\"1.1.0.0-1725546922762\" data-quickaccess-id=\"title\" contenteditable=\"true\">L\u00f6sningar anpassade efter er verksamhet<\/h2>\n<p>[\/et_pb_text][et_pb_text _builder_version=&#8221;4.27.2&#8243; _module_preset=&#8221;default&#8221; global_colors_info=&#8221;{}&#8221;]<\/p>\n<p>Vi har l\u00e5ng erfarenhet av att arbeta med f\u00f6retag i olika branscher, och v\u00e5rt team av experter \u00e4r redo att hj\u00e4lpa er \u00f6vervinna era tekniska utmaningar. Oavsett om ni beh\u00f6ver optimera era befintliga system, bygga helt nya applikationer eller hitta kreativa l\u00f6sningar d\u00e4r standarden inte r\u00e4cker till, s\u00e5 finns vi h\u00e4r f\u00f6r att st\u00f6dja er hela v\u00e4gen. V\u00e5r filosofi \u00e4r enkel: v\u00e5ra IT-l\u00f6sningar anpassas f\u00f6r er, inte tv\u00e4rtom.<\/p>\n<p>[\/et_pb_text][et_pb_text admin_label=&#8221;Header&#8221; module_class=&#8221;em-solutions-column-text-header&#8221; _builder_version=&#8221;4.27.2&#8243; _module_preset=&#8221;default&#8221; global_colors_info=&#8221;{}&#8221;]<\/p>\n<h2 class=\"et_pb_module_heading et-fb-editable-element et-fb-editable-element__editing\" data-shortcode-id=\"1.1.0.0-1725546922762\" data-quickaccess-id=\"title\" contenteditable=\"true\">F\u00f6rdelarna med att anlita Emvico som IT-partner<\/h2>\n<p>[\/et_pb_text][et_pb_text _builder_version=&#8221;4.27.2&#8243; _module_preset=&#8221;default&#8221; global_colors_info=&#8221;{}&#8221;]<\/p>\n<p>N\u00e4r ni v\u00e4ljer Emvico f\u00e5r ni inte bara en leverant\u00f6r \u2013 ni f\u00e5r en partner som tar era aff\u00e4rsm\u00e5l till hj\u00e4rtat. Vi ser till att v\u00e5ra l\u00f6sningar inte bara fungerar f\u00f6r stunden, utan att de ocks\u00e5 \u00e4r h\u00e5llbara och kan v\u00e4xa tillsammans med er verksamhet. V\u00e5rt arbete pr\u00e4glas av ett n\u00e4ra samarbete med v\u00e5ra kunder, d\u00e4r vi hela tiden str\u00e4var efter att f\u00f6rst\u00e5 era specifika behov och utmaningar. Vi tror p\u00e5 transparent och \u00f6ppen kommunikation genom hela processen, s\u00e5 att ni alltid k\u00e4nner er trygga och delaktiga i varje steg.<\/p>\n<p>Flexibilitet och trygghet \u00e4r k\u00e4rnan i vad vi g\u00f6r. Oavsett om det g\u00e4ller sm\u00e5 justeringar eller stora innovationer s\u00e5 anpassar vi oss efter era behov och levererar med h\u00f6g precision. Med v\u00e5rt erfarna team och ett starkt fokus p\u00e5 resultat, kan ni lita p\u00e5 att vi levererar b\u00e5de p\u00e5 kort och l\u00e5ng sikt.<\/p>\n<p>[\/et_pb_text][et_pb_button button_url=&#8221;\/articles\/nyckelfaktorer-vid-val-av-it-partner\/&#8221; button_text=&#8221;Nyckelfaktorerna som g\u00f6r skillnad n\u00e4r du v\u00e4ljer en IT-partner&#8221; admin_label=&#8221;Internal link&#8221; module_class=&#8221;em-button-internal-link&#8221; _builder_version=&#8221;4.27.2&#8243; _module_preset=&#8221;74c203bb-f696-45df-b3d5-54707c846cec&#8221; custom_margin=&#8221;0px|0px|4rem|0px|false|false&#8221; custom_padding=&#8221;1rem|3.4rem|1rem|2rem|false|false&#8221; locked=&#8221;off&#8221; global_colors_info=&#8221;{}&#8221;][\/et_pb_button][et_pb_button button_url=&#8221;\/contact\/&#8221; button_text=&#8221;Kontakta oss&#8221; button_alignment=&#8221;right&#8221; module_class=&#8221;em-button&#8221; _builder_version=&#8221;4.27.0&#8243; _module_preset=&#8221;74c203bb-f696-45df-b3d5-54707c846cec&#8221; custom_margin=&#8221;0px|0px|0px|0px|false|false&#8221; custom_padding=&#8221;0.5rem|3.4rem|0.5rem|2rem|false|false&#8221; locked=&#8221;off&#8221; global_colors_info=&#8221;{}&#8221;][\/et_pb_button][\/et_pb_column][et_pb_column type=&#8221;1_2&#8243; module_class=&#8221;em-solutions-column-img&#8221; _builder_version=&#8221;4.27.2&#8243; _module_preset=&#8221;default&#8221; global_colors_info=&#8221;{}&#8221;][et_pb_image src=&#8221;https:\/\/www.emvico.se\/wp-content\/uploads\/2024\/10\/platform-fleethub.jpg&#8221; alt=&#8221;Screenshot of the fleethub platform&#8221; title_text=&#8221;Fleethub platform&#8221; disabled_on=&#8221;on|off|off&#8221; _builder_version=&#8221;4.27.2&#8243; _module_preset=&#8221;default&#8221; max_width=&#8221;20rem&#8221; custom_margin=&#8221;||2rem||false|false&#8221; global_colors_info=&#8221;{}&#8221;][\/et_pb_image][et_pb_text module_class=&#8221;em-caption&#8221; _builder_version=&#8221;4.27.2&#8243; _module_preset=&#8221;default&#8221; text_font=&#8221;||on||||||&#8221; text_text_color=&#8221;RGBA(255,255,255,0)&#8221; global_colors_info=&#8221;{}&#8221;]<\/p>\n<p>Fleethub is a custom solution developed by Emvico<\/p>\n<p>[\/et_pb_text][\/et_pb_column][\/et_pb_row][\/et_pb_section]<\/p>\n","protected":false},"excerpt":{"rendered":"<p>P\u00e5 Emvico f\u00f6rst\u00e5r vi att varje f\u00f6retag \u00e4r unikt, och d\u00e4rf\u00f6r erbjuder vi skr\u00e4ddarsydda IT-l\u00f6sningar som \u00e4r designade specifikt f\u00f6r era behov. Standardl\u00f6sningar kan vara bra f\u00f6r vissa, men de r\u00e4cker inte alltid till n\u00e4r ni vill driva er verksamhet fram\u00e5t och n\u00e5 n\u00e4sta niv\u00e5. V\u00e5rt fokus ligger p\u00e5 att skapa flexibla, skalbara och framtidss\u00e4kra [&hellip;]<\/p>\n","protected":false},"author":2,"featured_media":0,"parent":6814,"menu_order":0,"comment_status":"closed","ping_status":"closed","template":"","meta":{"_et_pb_use_builder":"on","_et_pb_old_content":"","_et_gb_content_width":"","inline_featured_image":false,"footnotes":""},"class_list":["post-5935","page","type-page","status-publish","hentry"],"yoast_head":"<!-- This site is optimized with the Yoast SEO plugin v27.3 - https:\/\/yoast.com\/product\/yoast-seo-wordpress\/ -->\n<title>Skr\u00e4ddarsydda IT-l\u00f6sningar som skapar aff\u00e4rsnytta<\/title>\n<meta name=\"description\" content=\"V\u00e5ra skr\u00e4ddarsydda IT-l\u00f6sningar hj\u00e4lper er att optimera verksamheten, driva innovation och st\u00e4rka konkurrenskraften.\" \/>\n<meta name=\"robots\" content=\"index, follow, max-snippet:-1, max-image-preview:large, max-video-preview:-1\" \/>\n<link rel=\"canonical\" href=\"https:\/\/www.emvico.se\/en\/it-partner\/bespoke\/\" \/>\n<meta property=\"og:locale\" content=\"en_US\" \/>\n<meta property=\"og:type\" content=\"article\" \/>\n<meta property=\"og:title\" content=\"Skr\u00e4ddarsydda IT-l\u00f6sningar som skapar aff\u00e4rsnytta\" \/>\n<meta property=\"og:description\" content=\"V\u00e5ra skr\u00e4ddarsydda IT-l\u00f6sningar hj\u00e4lper er att optimera verksamheten, driva innovation och st\u00e4rka konkurrenskraften.\" \/>\n<meta property=\"og:url\" content=\"https:\/\/www.emvico.se\/en\/it-partner\/bespoke\/\" \/>\n<meta property=\"article:modified_time\" content=\"2025-08-19T14:09:04+00:00\" \/>\n<meta property=\"og:image\" content=\"https:\/\/www.emvico.se\/wp-content\/uploads\/2025\/08\/open-graph-default-image.jpg\" \/>\n\t<meta property=\"og:image:width\" content=\"1200\" \/>\n\t<meta property=\"og:image:height\" content=\"675\" \/>\n\t<meta property=\"og:image:type\" content=\"image\/jpeg\" \/>\n<script type=\"application\/ld+json\" class=\"yoast-schema-graph\">{\"@context\":\"https:\\\/\\\/schema.org\",\"@graph\":[{\"@type\":\"WebPage\",\"@id\":\"https:\\\/\\\/www.emvico.se\\\/it-partner\\\/bespoke\\\/\",\"url\":\"https:\\\/\\\/www.emvico.se\\\/it-partner\\\/bespoke\\\/\",\"name\":\"Skr\u00e4ddarsydda IT-l\u00f6sningar som skapar aff\u00e4rsnytta\",\"isPartOf\":{\"@id\":\"https:\\\/\\\/www.emvico.se\\\/#website\"},\"datePublished\":\"2024-11-07T10:10:13+00:00\",\"dateModified\":\"2025-08-19T14:09:04+00:00\",\"description\":\"V\u00e5ra skr\u00e4ddarsydda IT-l\u00f6sningar hj\u00e4lper er att optimera verksamheten, driva innovation och st\u00e4rka konkurrenskraften.\",\"breadcrumb\":{\"@id\":\"https:\\\/\\\/www.emvico.se\\\/it-partner\\\/bespoke\\\/#breadcrumb\"},\"inLanguage\":\"en-US\",\"potentialAction\":[{\"@type\":\"ReadAction\",\"target\":[\"https:\\\/\\\/www.emvico.se\\\/it-partner\\\/bespoke\\\/\"]}]},{\"@type\":\"BreadcrumbList\",\"@id\":\"https:\\\/\\\/www.emvico.se\\\/it-partner\\\/bespoke\\\/#breadcrumb\",\"itemListElement\":[{\"@type\":\"ListItem\",\"position\":1,\"name\":\"Home\",\"item\":\"https:\\\/\\\/www.emvico.se\\\/\"},{\"@type\":\"ListItem\",\"position\":2,\"name\":\"IT-partner\",\"item\":\"https:\\\/\\\/www.emvico.se\\\/it-partner\\\/\"},{\"@type\":\"ListItem\",\"position\":3,\"name\":\"Bespoke\"}]},{\"@type\":\"WebSite\",\"@id\":\"https:\\\/\\\/www.emvico.se\\\/#website\",\"url\":\"https:\\\/\\\/www.emvico.se\\\/\",\"name\":\"Emvico.se\",\"description\":\"When it is important\",\"publisher\":{\"@id\":\"https:\\\/\\\/www.emvico.se\\\/#organization\"},\"alternateName\":\"Emvico\",\"potentialAction\":[{\"@type\":\"SearchAction\",\"target\":{\"@type\":\"EntryPoint\",\"urlTemplate\":\"https:\\\/\\\/www.emvico.se\\\/?s={search_term_string}\"},\"query-input\":{\"@type\":\"PropertyValueSpecification\",\"valueRequired\":true,\"valueName\":\"search_term_string\"}}],\"inLanguage\":\"en-US\"},{\"@type\":\"Organization\",\"@id\":\"https:\\\/\\\/www.emvico.se\\\/#organization\",\"name\":\"Emvico AB\",\"alternateName\":\"Emvico\",\"url\":\"https:\\\/\\\/www.emvico.se\\\/\",\"logo\":{\"@type\":\"ImageObject\",\"inLanguage\":\"en-US\",\"@id\":\"https:\\\/\\\/www.emvico.se\\\/#\\\/schema\\\/logo\\\/image\\\/\",\"url\":\"https:\\\/\\\/www.emvico.se\\\/wp-content\\\/uploads\\\/2024\\\/05\\\/emvico_logo_black.svg\",\"contentUrl\":\"https:\\\/\\\/www.emvico.se\\\/wp-content\\\/uploads\\\/2024\\\/05\\\/emvico_logo_black.svg\",\"width\":200,\"height\":48,\"caption\":\"Emvico AB\"},\"image\":{\"@id\":\"https:\\\/\\\/www.emvico.se\\\/#\\\/schema\\\/logo\\\/image\\\/\"},\"sameAs\":[\"https:\\\/\\\/www.linkedin.com\\\/company\\\/emvico-ab\\\/\"]}]}<\/script>\n<!-- \/ Yoast SEO plugin. -->","yoast_head_json":{"title":"Skr\u00e4ddarsydda IT-l\u00f6sningar som skapar aff\u00e4rsnytta","description":"V\u00e5ra skr\u00e4ddarsydda IT-l\u00f6sningar hj\u00e4lper er att optimera verksamheten, driva innovation och st\u00e4rka konkurrenskraften.","robots":{"index":"index","follow":"follow","max-snippet":"max-snippet:-1","max-image-preview":"max-image-preview:large","max-video-preview":"max-video-preview:-1"},"canonical":"https:\/\/www.emvico.se\/en\/it-partner\/bespoke\/","og_locale":"en_US","og_type":"article","og_title":"Skr\u00e4ddarsydda IT-l\u00f6sningar som skapar aff\u00e4rsnytta","og_description":"V\u00e5ra skr\u00e4ddarsydda IT-l\u00f6sningar hj\u00e4lper er att optimera verksamheten, driva innovation och st\u00e4rka konkurrenskraften.","og_url":"https:\/\/www.emvico.se\/en\/it-partner\/bespoke\/","article_modified_time":"2025-08-19T14:09:04+00:00","og_image":[{"width":1200,"height":675,"url":"https:\/\/www.emvico.se\/wp-content\/uploads\/2025\/08\/open-graph-default-image.jpg","type":"image\/jpeg"}],"schema":{"@context":"https:\/\/schema.org","@graph":[{"@type":"WebPage","@id":"https:\/\/www.emvico.se\/it-partner\/bespoke\/","url":"https:\/\/www.emvico.se\/it-partner\/bespoke\/","name":"Skr\u00e4ddarsydda IT-l\u00f6sningar som skapar aff\u00e4rsnytta","isPartOf":{"@id":"https:\/\/www.emvico.se\/#website"},"datePublished":"2024-11-07T10:10:13+00:00","dateModified":"2025-08-19T14:09:04+00:00","description":"V\u00e5ra skr\u00e4ddarsydda IT-l\u00f6sningar hj\u00e4lper er att optimera verksamheten, driva innovation och st\u00e4rka konkurrenskraften.","breadcrumb":{"@id":"https:\/\/www.emvico.se\/it-partner\/bespoke\/#breadcrumb"},"inLanguage":"en-US","potentialAction":[{"@type":"ReadAction","target":["https:\/\/www.emvico.se\/it-partner\/bespoke\/"]}]},{"@type":"BreadcrumbList","@id":"https:\/\/www.emvico.se\/it-partner\/bespoke\/#breadcrumb","itemListElement":[{"@type":"ListItem","position":1,"name":"Home","item":"https:\/\/www.emvico.se\/"},{"@type":"ListItem","position":2,"name":"IT-partner","item":"https:\/\/www.emvico.se\/it-partner\/"},{"@type":"ListItem","position":3,"name":"Bespoke"}]},{"@type":"WebSite","@id":"https:\/\/www.emvico.se\/#website","url":"https:\/\/www.emvico.se\/","name":"Emvico.se","description":"When it is important","publisher":{"@id":"https:\/\/www.emvico.se\/#organization"},"alternateName":"Emvico","potentialAction":[{"@type":"SearchAction","target":{"@type":"EntryPoint","urlTemplate":"https:\/\/www.emvico.se\/?s={search_term_string}"},"query-input":{"@type":"PropertyValueSpecification","valueRequired":true,"valueName":"search_term_string"}}],"inLanguage":"en-US"},{"@type":"Organization","@id":"https:\/\/www.emvico.se\/#organization","name":"Emvico AB","alternateName":"Emvico","url":"https:\/\/www.emvico.se\/","logo":{"@type":"ImageObject","inLanguage":"en-US","@id":"https:\/\/www.emvico.se\/#\/schema\/logo\/image\/","url":"https:\/\/www.emvico.se\/wp-content\/uploads\/2024\/05\/emvico_logo_black.svg","contentUrl":"https:\/\/www.emvico.se\/wp-content\/uploads\/2024\/05\/emvico_logo_black.svg","width":200,"height":48,"caption":"Emvico AB"},"image":{"@id":"https:\/\/www.emvico.se\/#\/schema\/logo\/image\/"},"sameAs":["https:\/\/www.linkedin.com\/company\/emvico-ab\/"]}]}},"_links":{"self":[{"href":"https:\/\/www.emvico.se\/en\/wp-json\/wp\/v2\/pages\/5935","targetHints":{"allow":["GET"]}}],"collection":[{"href":"https:\/\/www.emvico.se\/en\/wp-json\/wp\/v2\/pages"}],"about":[{"href":"https:\/\/www.emvico.se\/en\/wp-json\/wp\/v2\/types\/page"}],"author":[{"embeddable":true,"href":"https:\/\/www.emvico.se\/en\/wp-json\/wp\/v2\/users\/2"}],"replies":[{"embeddable":true,"href":"https:\/\/www.emvico.se\/en\/wp-json\/wp\/v2\/comments?post=5935"}],"version-history":[{"count":5,"href":"https:\/\/www.emvico.se\/en\/wp-json\/wp\/v2\/pages\/5935\/revisions"}],"predecessor-version":[{"id":6112,"href":"https:\/\/www.emvico.se\/en\/wp-json\/wp\/v2\/pages\/5935\/revisions\/6112"}],"up":[{"embeddable":true,"href":"https:\/\/www.emvico.se\/en\/wp-json\/wp\/v2\/pages\/6814"}],"wp:attachment":[{"href":"https:\/\/www.emvico.se\/en\/wp-json\/wp\/v2\/media?parent=5935"}],"curies":[{"name":"wp","href":"https:\/\/api.w.org\/{rel}","templated":true}]}}