{"id":5944,"date":"2024-11-07T13:58:30","date_gmt":"2024-11-07T12:58:30","guid":{"rendered":"https:\/\/www.emvico.se\/?page_id=5944"},"modified":"2024-11-07T14:04:57","modified_gmt":"2024-11-07T13:04:57","slug":"overbliq","status":"publish","type":"page","link":"https:\/\/www.emvico.se\/en\/solutions\/overbliq\/","title":{"rendered":"Overbliq"},"content":{"rendered":"<p>[et_pb_section fb_built=&#8221;1&#8243; admin_label=&#8221;Section&#8221; module_id=&#8221;em-solutions&#8221; module_class=&#8221;em-solutions-section&#8221; _builder_version=&#8221;4.27.2&#8243; _module_preset=&#8221;default&#8221; background_color=&#8221;#ffffff&#8221; custom_margin=&#8221;0px|0px|0px|0px|false|false&#8221; custom_padding=&#8221;0px|0px|0px|0px|false|false&#8221; global_colors_info=&#8221;{}&#8221;][et_pb_row admin_label=&#8221;Intro&#8221; module_class=&#8221;em-solutions-row-header&#8221; _builder_version=&#8221;4.27.2&#8243; _module_preset=&#8221;default&#8221; background_image=&#8221;https:\/\/www.emvico.se\/wp-content\/uploads\/2024\/11\/overbliq-showcase.jpg&#8221; custom_padding=&#8221;||||false|false&#8221; border_radii=&#8221;on|40px|40px|40px|40px&#8221; locked=&#8221;off&#8221; global_colors_info=&#8221;{}&#8221;][et_pb_column type=&#8221;4_4&#8243; module_class=&#8221;em-solutions-column-header&#8221; _builder_version=&#8221;4.27.2&#8243; _module_preset=&#8221;default&#8221; custom_padding=&#8221;|400px||400px|false|true&#8221; custom_padding_tablet=&#8221;|4rem||4rem|false|true&#8221; custom_padding_phone=&#8221;|4rem||4rem|false|true&#8221; custom_padding_last_edited=&#8221;on|tablet&#8221; global_colors_info=&#8221;{}&#8221;][et_pb_heading title=&#8221;OVERBLIQ \u2013 Flerkanalig CMS f\u00f6r mobila appar och webb&#8221; _builder_version=&#8221;4.27.2&#8243; _module_preset=&#8221;default&#8221; title_level=&#8221;h1&#8243; title_font=&#8221;|700|||||||&#8221; title_text_color=&#8221;#4BA4DD&#8221; title_font_size=&#8221;2.5rem&#8221; title_line_height=&#8221;3rem&#8221; global_colors_info=&#8221;{}&#8221;][\/et_pb_heading][et_pb_text module_class=&#8221;em-fleethub-column-text&#8221; _builder_version=&#8221;4.27.2&#8243; _module_preset=&#8221;default&#8221; text_text_color=&#8221;#000000&#8243; text_font_size=&#8221;1.5rem&#8221; global_colors_info=&#8221;{}&#8221;]<\/p>\n<p>OVERBLIQ \u00e4r en kraftfull och flexibel plattform f\u00f6r inneh\u00e5llshantering som g\u00f6r det enkelt f\u00f6r f\u00f6retag och organisationer att hantera sitt digitala inneh\u00e5ll b\u00e5de f\u00f6r webb och mobila appar. Oavsett om ni skapar en enkel webbplats eller en avancerad mobilapp, erbjuder OVERBLIQ verktygen f\u00f6r att effektivt hantera, uppdatera och leverera ert inneh\u00e5ll.<\/p>\n<p>Med OVERBLIQ kan b\u00e5de interna team och externa partners enkelt redigera och anpassa till\u00e4mpliga sidor, vilket underl\u00e4ttar samarbeten och s\u00e4kerst\u00e4ller att alla har tillg\u00e5ng till den senaste informationen. Plattformen \u00e4r perfekt f\u00f6r f\u00f6retag som vill ha full kontroll \u00f6ver sin digitala n\u00e4rvaro, samtidigt som de sparar tid och resurser.<\/p>\n<p>[\/et_pb_text][et_pb_button button_url=&#8221;\/contact\/&#8221; button_text=&#8221;Kontakta oss&#8221; button_alignment=&#8221;left&#8221; module_class=&#8221;em-button&#8221; _builder_version=&#8221;4.27.0&#8243; _module_preset=&#8221;74c203bb-f696-45df-b3d5-54707c846cec&#8221; custom_margin=&#8221;0px|0px|0px|0px|false|false&#8221; custom_padding=&#8221;0.5rem|3.4rem|0.5rem|2rem|false|false&#8221; locked=&#8221;off&#8221; global_colors_info=&#8221;{}&#8221;][\/et_pb_button][\/et_pb_column][\/et_pb_row][et_pb_row column_structure=&#8221;1_2,1_2&#8243; admin_label=&#8221;Text&#8221; module_class=&#8221;em-solutions-section-text&#8221; _builder_version=&#8221;4.27.2&#8243; _module_preset=&#8221;default&#8221; background_color=&#8221;RGBA(255,255,255,0)&#8221; custom_margin=&#8221;6rem||||false|false&#8221; global_colors_info=&#8221;{}&#8221;][et_pb_column type=&#8221;1_2&#8243; module_class=&#8221;em-solutions-column-text&#8221; _builder_version=&#8221;4.27.2&#8243; _module_preset=&#8221;default&#8221; custom_padding_tablet=&#8221;|2rem||2rem|false|false&#8221; custom_padding_phone=&#8221;|2rem||2rem|false|false&#8221; custom_padding_last_edited=&#8221;on|tablet&#8221; global_colors_info=&#8221;{}&#8221;][et_pb_text admin_label=&#8221;Header&#8221; module_class=&#8221;em-solutions-column-text-header&#8221; _builder_version=&#8221;4.27.2&#8243; _module_preset=&#8221;default&#8221; global_colors_info=&#8221;{}&#8221;]<\/p>\n<h2 class=\"et_pb_module_heading et-fb-editable-element et-fb-editable-element__editing\" data-shortcode-id=\"1.1.0.0-1725546922762\" data-quickaccess-id=\"title\" contenteditable=\"true\">F\u00f6rdelarna med OVERBLIQ:<\/h2>\n<p>[\/et_pb_text][et_pb_text _builder_version=&#8221;4.27.2&#8243; _module_preset=&#8221;default&#8221; global_colors_info=&#8221;{}&#8221;]<\/p>\n<ul>\n<li><b>Flerkanalst\u00f6d<\/b><br \/>Hantera b\u00e5de webb- och appinneh\u00e5ll fr\u00e5n en och samma plattform, utan att beh\u00f6va dubblera arbetet.<\/li>\n<li><b>Snabb lansering<\/b><br \/>Med f\u00e4rdiga mallar och en smidig struktur kan ni lansera nya appar och webbsidor p\u00e5 kort tid, oavsett projektets storlek.<\/li>\n<li><b>Flexibel och anpassningsbar<\/b><br \/>Oavsett om ni vill skapa en enkel l\u00f6sning eller en enterprise-app med unika funktioner och integrationer, anpassar sig OVERBLIQ efter era behov.<\/li>\n<li><strong>Spara tid och pengar<\/strong><br \/>OVERBLIQ eliminerar on\u00f6dig komplexitet och ger er verktygen att snabbt komma ig\u00e5ng med minimal utvecklingstid.<\/li>\n<\/ul>\n<p>[\/et_pb_text][et_pb_text _builder_version=&#8221;4.27.2&#8243; _module_preset=&#8221;default&#8221; global_colors_info=&#8221;{}&#8221;]<\/p>\n<p>OVERBLIQ \u00e4r designat f\u00f6r att m\u00f6ta behoven hos moderna organisationer som vill ha en flexibel, skalbar och anv\u00e4ndarv\u00e4nlig plattform. Plattformen \u00e4r \u00e4ven motor i v\u00e5ra erbjudanden WorkDOQ och Geztio, vilket visar dess m\u00e5ngsidighet och kapacitet.<\/p>\n<p>[\/et_pb_text][et_pb_text admin_label=&#8221;Header&#8221; module_class=&#8221;em-solutions-column-text-header&#8221; _builder_version=&#8221;4.27.2&#8243; _module_preset=&#8221;default&#8221; global_colors_info=&#8221;{}&#8221;]<\/p>\n<h2 class=\"et_pb_module_heading et-fb-editable-element et-fb-editable-element__editing\" data-shortcode-id=\"1.1.0.0-1725546922762\" data-quickaccess-id=\"title\" contenteditable=\"true\">Redo att ta kontroll \u00f6ver ert digitala inneh\u00e5ll?<\/h2>\n<p>[\/et_pb_text][et_pb_text _builder_version=&#8221;4.27.2&#8243; _module_preset=&#8221;default&#8221; global_colors_info=&#8221;{}&#8221;]<\/p>\n<p>Oavsett om ni fokuserar p\u00e5 mobilappar, webbplatser eller b\u00e5da, ger OVERBLIQ er alla verktyg ni beh\u00f6ver f\u00f6r att leverera en professionell och sammanh\u00e5llen digital upplevelse. L\u00e4s mer om OVERBLIQ p\u00e5 <a href=\"https:\/\/www.overbliq.com\/\" target=\"_blank\" rel=\"noopener\">www.overbliq.com<\/a> och uppt\u00e4ck hur v\u00e5r plattform kan revolutionera ert digitala inneh\u00e5ll.<\/p>\n<p>[\/et_pb_text][et_pb_button button_url=&#8221;\/contact\/&#8221; button_text=&#8221;Kontakta oss&#8221; button_alignment=&#8221;right&#8221; module_class=&#8221;em-button&#8221; _builder_version=&#8221;4.27.0&#8243; _module_preset=&#8221;74c203bb-f696-45df-b3d5-54707c846cec&#8221; custom_margin=&#8221;0px|0px|0px|0px|false|false&#8221; custom_padding=&#8221;0.5rem|3.4rem|0.5rem|2rem|false|false&#8221; locked=&#8221;off&#8221; global_colors_info=&#8221;{}&#8221;][\/et_pb_button][\/et_pb_column][et_pb_column type=&#8221;1_2&#8243; module_class=&#8221;em-solutions-column-img&#8221; _builder_version=&#8221;4.27.2&#8243; _module_preset=&#8221;default&#8221; global_colors_info=&#8221;{}&#8221;][et_pb_image src=&#8221;https:\/\/www.emvico.se\/wp-content\/uploads\/2024\/11\/overbliq-01.jpg&#8221; alt=&#8221;Screenshot of the fleethub platform&#8221; title_text=&#8221;Overbliq mockup 01&#8243; disabled_on=&#8221;on|off|off&#8221; _builder_version=&#8221;4.27.2&#8243; _module_preset=&#8221;default&#8221; max_width=&#8221;20rem&#8221; custom_margin=&#8221;||2rem||false|false&#8221; global_colors_info=&#8221;{}&#8221;][\/et_pb_image][et_pb_image src=&#8221;https:\/\/www.emvico.se\/wp-content\/uploads\/2024\/11\/overbliq-02.jpg&#8221; alt=&#8221;Screenshot of the fleethub platform&#8221; title_text=&#8221;Overbliq mockup 02&#8243; disabled_on=&#8221;on|off|off&#8221; _builder_version=&#8221;4.27.2&#8243; _module_preset=&#8221;default&#8221; max_width=&#8221;20rem&#8221; custom_margin=&#8221;||2rem||false|false&#8221; global_colors_info=&#8221;{}&#8221;][\/et_pb_image][\/et_pb_column][\/et_pb_row][\/et_pb_section]<\/p>\n","protected":false},"excerpt":{"rendered":"<p>OVERBLIQ \u00e4r en kraftfull och flexibel plattform f\u00f6r inneh\u00e5llshantering som g\u00f6r det enkelt f\u00f6r f\u00f6retag och organisationer att hantera sitt digitala inneh\u00e5ll b\u00e5de f\u00f6r webb och mobila appar. Oavsett om ni skapar en enkel webbplats eller en avancerad mobilapp, erbjuder OVERBLIQ verktygen f\u00f6r att effektivt hantera, uppdatera och leverera ert inneh\u00e5ll. Med OVERBLIQ kan b\u00e5de [&hellip;]<\/p>\n","protected":false},"author":2,"featured_media":0,"parent":223,"menu_order":0,"comment_status":"closed","ping_status":"closed","template":"","meta":{"_et_pb_use_builder":"on","_et_pb_old_content":"","_et_gb_content_width":"","inline_featured_image":false,"footnotes":""},"class_list":["post-5944","page","type-page","status-publish","hentry"],"yoast_head":"<!-- This site is optimized with the Yoast SEO plugin v27.3 - https:\/\/yoast.com\/product\/yoast-seo-wordpress\/ -->\n<title>OVERBLIQ \u2013 CMS f\u00f6r mobila appar och webb<\/title>\n<meta name=\"description\" content=\"Hantera och distribuera inneh\u00e5ll smidigt p\u00e5 b\u00e5de webb och mobil med OVERBLIQ, en flexibel CMS-l\u00f6sning f\u00f6r snabb lansering.\" \/>\n<meta name=\"robots\" content=\"index, follow, max-snippet:-1, max-image-preview:large, max-video-preview:-1\" \/>\n<link rel=\"canonical\" href=\"https:\/\/www.emvico.se\/en\/solutions\/overbliq\/\" \/>\n<meta property=\"og:locale\" content=\"en_US\" \/>\n<meta property=\"og:type\" content=\"article\" \/>\n<meta property=\"og:title\" content=\"OVERBLIQ \u2013 CMS f\u00f6r mobila appar och webb\" \/>\n<meta property=\"og:description\" content=\"Hantera och distribuera inneh\u00e5ll smidigt p\u00e5 b\u00e5de webb och mobil med OVERBLIQ, en flexibel CMS-l\u00f6sning f\u00f6r snabb lansering.\" \/>\n<meta property=\"og:url\" content=\"https:\/\/www.emvico.se\/en\/solutions\/overbliq\/\" \/>\n<meta property=\"article:modified_time\" content=\"2024-11-07T13:04:57+00:00\" \/>\n<meta property=\"og:image\" content=\"https:\/\/www.emvico.se\/wp-content\/uploads\/2025\/08\/open-graph-default-image.jpg\" \/>\n\t<meta property=\"og:image:width\" content=\"1200\" \/>\n\t<meta property=\"og:image:height\" content=\"675\" \/>\n\t<meta property=\"og:image:type\" content=\"image\/jpeg\" \/>\n<script type=\"application\/ld+json\" class=\"yoast-schema-graph\">{\"@context\":\"https:\\\/\\\/schema.org\",\"@graph\":[{\"@type\":\"WebPage\",\"@id\":\"https:\\\/\\\/www.emvico.se\\\/solutions\\\/overbliq\\\/\",\"url\":\"https:\\\/\\\/www.emvico.se\\\/solutions\\\/overbliq\\\/\",\"name\":\"OVERBLIQ \u2013 CMS f\u00f6r mobila appar och webb\",\"isPartOf\":{\"@id\":\"https:\\\/\\\/www.emvico.se\\\/#website\"},\"datePublished\":\"2024-11-07T12:58:30+00:00\",\"dateModified\":\"2024-11-07T13:04:57+00:00\",\"description\":\"Hantera och distribuera inneh\u00e5ll smidigt p\u00e5 b\u00e5de webb och mobil med OVERBLIQ, en flexibel CMS-l\u00f6sning f\u00f6r snabb lansering.\",\"breadcrumb\":{\"@id\":\"https:\\\/\\\/www.emvico.se\\\/solutions\\\/overbliq\\\/#breadcrumb\"},\"inLanguage\":\"en-US\",\"potentialAction\":[{\"@type\":\"ReadAction\",\"target\":[\"https:\\\/\\\/www.emvico.se\\\/solutions\\\/overbliq\\\/\"]}]},{\"@type\":\"BreadcrumbList\",\"@id\":\"https:\\\/\\\/www.emvico.se\\\/solutions\\\/overbliq\\\/#breadcrumb\",\"itemListElement\":[{\"@type\":\"ListItem\",\"position\":1,\"name\":\"Home\",\"item\":\"https:\\\/\\\/www.emvico.se\\\/\"},{\"@type\":\"ListItem\",\"position\":2,\"name\":\"Solutions\",\"item\":\"https:\\\/\\\/www.emvico.se\\\/solutions\\\/\"},{\"@type\":\"ListItem\",\"position\":3,\"name\":\"Overbliq\"}]},{\"@type\":\"WebSite\",\"@id\":\"https:\\\/\\\/www.emvico.se\\\/#website\",\"url\":\"https:\\\/\\\/www.emvico.se\\\/\",\"name\":\"Emvico.se\",\"description\":\"When it is important\",\"publisher\":{\"@id\":\"https:\\\/\\\/www.emvico.se\\\/#organization\"},\"alternateName\":\"Emvico\",\"potentialAction\":[{\"@type\":\"SearchAction\",\"target\":{\"@type\":\"EntryPoint\",\"urlTemplate\":\"https:\\\/\\\/www.emvico.se\\\/?s={search_term_string}\"},\"query-input\":{\"@type\":\"PropertyValueSpecification\",\"valueRequired\":true,\"valueName\":\"search_term_string\"}}],\"inLanguage\":\"en-US\"},{\"@type\":\"Organization\",\"@id\":\"https:\\\/\\\/www.emvico.se\\\/#organization\",\"name\":\"Emvico AB\",\"alternateName\":\"Emvico\",\"url\":\"https:\\\/\\\/www.emvico.se\\\/\",\"logo\":{\"@type\":\"ImageObject\",\"inLanguage\":\"en-US\",\"@id\":\"https:\\\/\\\/www.emvico.se\\\/#\\\/schema\\\/logo\\\/image\\\/\",\"url\":\"https:\\\/\\\/www.emvico.se\\\/wp-content\\\/uploads\\\/2024\\\/05\\\/emvico_logo_black.svg\",\"contentUrl\":\"https:\\\/\\\/www.emvico.se\\\/wp-content\\\/uploads\\\/2024\\\/05\\\/emvico_logo_black.svg\",\"width\":200,\"height\":48,\"caption\":\"Emvico AB\"},\"image\":{\"@id\":\"https:\\\/\\\/www.emvico.se\\\/#\\\/schema\\\/logo\\\/image\\\/\"},\"sameAs\":[\"https:\\\/\\\/www.linkedin.com\\\/company\\\/emvico-ab\\\/\"]}]}<\/script>\n<!-- \/ Yoast SEO plugin. -->","yoast_head_json":{"title":"OVERBLIQ \u2013 CMS f\u00f6r mobila appar och webb","description":"Hantera och distribuera inneh\u00e5ll smidigt p\u00e5 b\u00e5de webb och mobil med OVERBLIQ, en flexibel CMS-l\u00f6sning f\u00f6r snabb lansering.","robots":{"index":"index","follow":"follow","max-snippet":"max-snippet:-1","max-image-preview":"max-image-preview:large","max-video-preview":"max-video-preview:-1"},"canonical":"https:\/\/www.emvico.se\/en\/solutions\/overbliq\/","og_locale":"en_US","og_type":"article","og_title":"OVERBLIQ \u2013 CMS f\u00f6r mobila appar och webb","og_description":"Hantera och distribuera inneh\u00e5ll smidigt p\u00e5 b\u00e5de webb och mobil med OVERBLIQ, en flexibel CMS-l\u00f6sning f\u00f6r snabb lansering.","og_url":"https:\/\/www.emvico.se\/en\/solutions\/overbliq\/","article_modified_time":"2024-11-07T13:04:57+00:00","og_image":[{"width":1200,"height":675,"url":"https:\/\/www.emvico.se\/wp-content\/uploads\/2025\/08\/open-graph-default-image.jpg","type":"image\/jpeg"}],"schema":{"@context":"https:\/\/schema.org","@graph":[{"@type":"WebPage","@id":"https:\/\/www.emvico.se\/solutions\/overbliq\/","url":"https:\/\/www.emvico.se\/solutions\/overbliq\/","name":"OVERBLIQ \u2013 CMS f\u00f6r mobila appar och webb","isPartOf":{"@id":"https:\/\/www.emvico.se\/#website"},"datePublished":"2024-11-07T12:58:30+00:00","dateModified":"2024-11-07T13:04:57+00:00","description":"Hantera och distribuera inneh\u00e5ll smidigt p\u00e5 b\u00e5de webb och mobil med OVERBLIQ, en flexibel CMS-l\u00f6sning f\u00f6r snabb lansering.","breadcrumb":{"@id":"https:\/\/www.emvico.se\/solutions\/overbliq\/#breadcrumb"},"inLanguage":"en-US","potentialAction":[{"@type":"ReadAction","target":["https:\/\/www.emvico.se\/solutions\/overbliq\/"]}]},{"@type":"BreadcrumbList","@id":"https:\/\/www.emvico.se\/solutions\/overbliq\/#breadcrumb","itemListElement":[{"@type":"ListItem","position":1,"name":"Home","item":"https:\/\/www.emvico.se\/"},{"@type":"ListItem","position":2,"name":"Solutions","item":"https:\/\/www.emvico.se\/solutions\/"},{"@type":"ListItem","position":3,"name":"Overbliq"}]},{"@type":"WebSite","@id":"https:\/\/www.emvico.se\/#website","url":"https:\/\/www.emvico.se\/","name":"Emvico.se","description":"When it is important","publisher":{"@id":"https:\/\/www.emvico.se\/#organization"},"alternateName":"Emvico","potentialAction":[{"@type":"SearchAction","target":{"@type":"EntryPoint","urlTemplate":"https:\/\/www.emvico.se\/?s={search_term_string}"},"query-input":{"@type":"PropertyValueSpecification","valueRequired":true,"valueName":"search_term_string"}}],"inLanguage":"en-US"},{"@type":"Organization","@id":"https:\/\/www.emvico.se\/#organization","name":"Emvico AB","alternateName":"Emvico","url":"https:\/\/www.emvico.se\/","logo":{"@type":"ImageObject","inLanguage":"en-US","@id":"https:\/\/www.emvico.se\/#\/schema\/logo\/image\/","url":"https:\/\/www.emvico.se\/wp-content\/uploads\/2024\/05\/emvico_logo_black.svg","contentUrl":"https:\/\/www.emvico.se\/wp-content\/uploads\/2024\/05\/emvico_logo_black.svg","width":200,"height":48,"caption":"Emvico AB"},"image":{"@id":"https:\/\/www.emvico.se\/#\/schema\/logo\/image\/"},"sameAs":["https:\/\/www.linkedin.com\/company\/emvico-ab\/"]}]}},"_links":{"self":[{"href":"https:\/\/www.emvico.se\/en\/wp-json\/wp\/v2\/pages\/5944","targetHints":{"allow":["GET"]}}],"collection":[{"href":"https:\/\/www.emvico.se\/en\/wp-json\/wp\/v2\/pages"}],"about":[{"href":"https:\/\/www.emvico.se\/en\/wp-json\/wp\/v2\/types\/page"}],"author":[{"embeddable":true,"href":"https:\/\/www.emvico.se\/en\/wp-json\/wp\/v2\/users\/2"}],"replies":[{"embeddable":true,"href":"https:\/\/www.emvico.se\/en\/wp-json\/wp\/v2\/comments?post=5944"}],"version-history":[{"count":4,"href":"https:\/\/www.emvico.se\/en\/wp-json\/wp\/v2\/pages\/5944\/revisions"}],"predecessor-version":[{"id":5956,"href":"https:\/\/www.emvico.se\/en\/wp-json\/wp\/v2\/pages\/5944\/revisions\/5956"}],"up":[{"embeddable":true,"href":"https:\/\/www.emvico.se\/en\/wp-json\/wp\/v2\/pages\/223"}],"wp:attachment":[{"href":"https:\/\/www.emvico.se\/en\/wp-json\/wp\/v2\/media?parent=5944"}],"curies":[{"name":"wp","href":"https:\/\/api.w.org\/{rel}","templated":true}]}}