{"id":5957,"date":"2024-11-08T14:49:29","date_gmt":"2024-11-08T13:49:29","guid":{"rendered":"https:\/\/www.emvico.se\/?page_id=5957"},"modified":"2024-11-21T16:11:18","modified_gmt":"2024-11-21T15:11:18","slug":"workdoq","status":"publish","type":"page","link":"https:\/\/www.emvico.se\/en\/solutions\/workdoq\/","title":{"rendered":"WorkDOQ"},"content":{"rendered":"<p>[et_pb_section fb_built=&#8221;1&#8243; admin_label=&#8221;Section&#8221; module_id=&#8221;em-solutions&#8221; module_class=&#8221;em-solutions-section em-solutions-workdoq&#8221; _builder_version=&#8221;4.27.2&#8243; _module_preset=&#8221;default&#8221; background_color=&#8221;#ffffff&#8221; custom_margin=&#8221;0px|0px|0px|0px|false|false&#8221; custom_padding=&#8221;0px|0px|0px|0px|false|false&#8221; global_colors_info=&#8221;{}&#8221;][et_pb_row admin_label=&#8221;Intro&#8221; module_class=&#8221;em-solutions-row-header&#8221; _builder_version=&#8221;4.27.2&#8243; _module_preset=&#8221;default&#8221; background_image=&#8221;https:\/\/www.emvico.se\/wp-content\/uploads\/2024\/11\/worddoq-office.jpg&#8221; custom_padding=&#8221;||||false|false&#8221; border_radii=&#8221;on|40px|40px|40px|40px&#8221; locked=&#8221;off&#8221; global_colors_info=&#8221;{}&#8221;][et_pb_column type=&#8221;4_4&#8243; module_class=&#8221;em-solutions-column-header&#8221; _builder_version=&#8221;4.27.2&#8243; _module_preset=&#8221;default&#8221; custom_padding=&#8221;|400px||400px|false|true&#8221; custom_padding_tablet=&#8221;|4rem||4rem|false|true&#8221; custom_padding_phone=&#8221;|4rem||4rem|false|true&#8221; custom_padding_last_edited=&#8221;on|tablet&#8221; global_colors_info=&#8221;{}&#8221;][et_pb_heading title=&#8221;WorkDOQ \u2013 Skapa, distribuera och underh\u00e5ll dynamiska digitala dokument&#8221; _builder_version=&#8221;4.27.2&#8243; _module_preset=&#8221;default&#8221; title_level=&#8221;h1&#8243; title_font=&#8221;|700|||||||&#8221; title_text_color=&#8221;#000000&#8243; title_font_size=&#8221;2.5rem&#8221; title_line_height=&#8221;3rem&#8221; global_colors_info=&#8221;{}&#8221;][\/et_pb_heading][et_pb_text module_class=&#8221;em-fleethub-column-text&#8221; _builder_version=&#8221;4.27.2&#8243; _module_preset=&#8221;default&#8221; text_text_color=&#8221;#000000&#8243; text_font_size=&#8221;1.5rem&#8221; global_colors_info=&#8221;{}&#8221;]<\/p>\n<p>WorkDOQ \u00e4r en kraftfull CMS-plattform som g\u00f6r det enkelt f\u00f6r f\u00f6retag och organisationer att skapa, underh\u00e5lla och distribuera dynamiska digitala dokument. Oavsett om du arbetar med regelverk, tekniska manualer eller andra typer av dokument, erbjuder WorkDOQ en effektiv och smidig l\u00f6sning som sparar tid och ger b\u00e4ttre kontroll \u00f6ver dokumenthantering.<\/p>\n<p>Med WorkDOQ kan du snabbt skapa anpassade utg\u00e5vor av dina dokument, l\u00e4nka mellan olika kapitel och regler, och hantera komplexa menystrukturer som \u00e4r viktiga f\u00f6r stora och detaljerade dokument. Systemet \u00e4r designat f\u00f6r att hantera b\u00e5de webbaserade och appbaserade dokument, vilket g\u00f6r det m\u00f6jligt att distribuera informationen p\u00e5 ett s\u00e4tt som passar b\u00e5de interna och externa intressenter.<\/p>\n<p>[\/et_pb_text][et_pb_button button_url=&#8221;\/contact\/&#8221; button_text=&#8221;Kontakta oss idag&#8221; button_alignment=&#8221;left&#8221; module_class=&#8221;em-button&#8221; _builder_version=&#8221;4.27.3&#8243; _module_preset=&#8221;74c203bb-f696-45df-b3d5-54707c846cec&#8221; custom_margin=&#8221;0px|0px|0px|0px|false|false&#8221; custom_padding=&#8221;0.5rem|3.4rem|0.5rem|2rem|false|false&#8221; hover_enabled=&#8221;0&#8243; locked=&#8221;off&#8221; global_colors_info=&#8221;{}&#8221; sticky_enabled=&#8221;0&#8243;][\/et_pb_button][\/et_pb_column][\/et_pb_row][et_pb_row column_structure=&#8221;1_2,1_2&#8243; admin_label=&#8221;Text&#8221; module_class=&#8221;em-solutions-section-text&#8221; _builder_version=&#8221;4.27.2&#8243; _module_preset=&#8221;default&#8221; background_color=&#8221;RGBA(255,255,255,0)&#8221; custom_margin=&#8221;6rem||||false|false&#8221; global_colors_info=&#8221;{}&#8221;][et_pb_column type=&#8221;1_2&#8243; module_class=&#8221;em-solutions-column-text&#8221; _builder_version=&#8221;4.27.2&#8243; _module_preset=&#8221;default&#8221; custom_padding_tablet=&#8221;|2rem||2rem|false|false&#8221; custom_padding_phone=&#8221;|2rem||2rem|false|false&#8221; custom_padding_last_edited=&#8221;on|tablet&#8221; global_colors_info=&#8221;{}&#8221;][et_pb_text admin_label=&#8221;Header&#8221; module_class=&#8221;em-solutions-column-text-header&#8221; _builder_version=&#8221;4.27.2&#8243; _module_preset=&#8221;default&#8221; global_colors_info=&#8221;{}&#8221;]<\/p>\n<h2 class=\"et_pb_module_heading et-fb-editable-element et-fb-editable-element__editing\" data-shortcode-id=\"1.1.0.0-1725546922762\" data-quickaccess-id=\"title\" contenteditable=\"true\">Nyckelfunktioner i WorkDOQ:<\/h2>\n<p>[\/et_pb_text][et_pb_text _builder_version=&#8221;4.27.2&#8243; _module_preset=&#8221;default&#8221; global_colors_info=&#8221;{}&#8221;]<\/p>\n<ul>\n<li><b>Anpassade utg\u00e5vor<\/b><br \/>Skapa och underh\u00e5ll olika versioner av dina dokument f\u00f6r att m\u00f6ta specifika behov och \u00e4ndringar \u00f6ver tid.<\/li>\n<li><b>Kapitel och regler<\/b><br \/>L\u00e4nka enkelt mellan olika avsnitt och regler f\u00f6r att ge en sammanh\u00e4ngande och l\u00e4ttnavigerad dokumentstruktur.<\/li>\n<li><b>Djup menystruktur<\/b><br \/>Hantera komplexa menyer och inneh\u00e5ll f\u00f6r att skapa tydlighet och struktur, oavsett hur stora dina dokument \u00e4r.<\/li>\n<li><strong>J\u00e4mf\u00f6r olika \u00e5r<\/strong><br \/>F\u00f6r organisationer som arbetar med \u00e5rliga uppdateringar, g\u00f6r WorkDOQ det enkelt att j\u00e4mf\u00f6ra olika versioner och h\u00e5lla ordning p\u00e5 f\u00f6r\u00e4ndringar.<\/li>\n<\/ul>\n<p>[\/et_pb_text][et_pb_text admin_label=&#8221;Header&#8221; module_class=&#8221;em-solutions-column-text-header&#8221; _builder_version=&#8221;4.27.2&#8243; _module_preset=&#8221;default&#8221; global_colors_info=&#8221;{}&#8221;]<\/p>\n<h2 class=\"et_pb_module_heading et-fb-editable-element et-fb-editable-element__editing\" data-shortcode-id=\"1.1.0.0-1725546922762\" data-quickaccess-id=\"title\" contenteditable=\"true\">F\u00f6rdelarna med WorkDOQ:<\/h2>\n<p>[\/et_pb_text][et_pb_text _builder_version=&#8221;4.27.2&#8243; _module_preset=&#8221;default&#8221; global_colors_info=&#8221;{}&#8221;]<\/p>\n<ul>\n<li><b>Effektiv hantering<\/b><br \/>WorkDOQ sparar tid genom att automatisera delar av dokumenthanteringen och g\u00f6ra det enkelt att uppdatera och underh\u00e5lla dokument.<\/li>\n<li><b>Digital distribution<\/b><br \/>Dela dokument b\u00e5de via webb och appar, vilket g\u00f6r att du n\u00e5r ut till en bredare m\u00e5lgrupp med minimal anstr\u00e4ngning.<\/li>\n<li><b>Skalbarhet och flexibilitet<\/b><br \/>WorkDOQ anpassar sig efter dina behov, oavsett om du arbetar med ett mindre dokument eller ett omfattande regelverk.<\/li>\n<\/ul>\n<p>[\/et_pb_text][et_pb_text _builder_version=&#8221;4.27.2&#8243; _module_preset=&#8221;default&#8221; global_colors_info=&#8221;{}&#8221;]<\/p>\n<p>WorkDOQ anv\u00e4nds redan av flera ledande organisationer, inklusive KRAV, som valt WorkDOQ f\u00f6r att hantera sin regelbok. De uppskattar systemets flexibilitet, anv\u00e4ndarv\u00e4nlighet och f\u00f6rm\u00e5ga att hantera komplexa dokumentstrukturer.<\/p>\n<p>[\/et_pb_text][et_pb_text admin_label=&#8221;Header&#8221; module_class=&#8221;em-solutions-column-text-header&#8221; _builder_version=&#8221;4.27.2&#8243; _module_preset=&#8221;default&#8221; global_colors_info=&#8221;{}&#8221;]<\/p>\n<h2 class=\"et_pb_module_heading et-fb-editable-element et-fb-editable-element__editing\" data-shortcode-id=\"1.1.0.0-1725546922762\" data-quickaccess-id=\"title\" contenteditable=\"true\">Redo att f\u00f6renkla din dokumenthantering?<\/h2>\n<p>[\/et_pb_text][et_pb_text _builder_version=&#8221;4.27.2&#8243; _module_preset=&#8221;default&#8221; global_colors_info=&#8221;{}&#8221;]<\/p>\n<p>Med WorkDOQ f\u00e5r du ett kraftfullt verktyg som g\u00f6r det enkelt att skapa, underh\u00e5lla och distribuera digitala dokument p\u00e5 ett effektivt och smidigt s\u00e4tt. Oavsett om du vill publicera inneh\u00e5ll p\u00e5 webben eller i en app, ger WorkDOQ dig flexibiliteten att g\u00f6ra b\u00e5da. L\u00e4s mer p\u00e5 <a href=\"https:\/\/www.overbliq.com\/page\/1874090\" target=\"_blank\" rel=\"noopener\">www.overbliq.com<\/a> och ta din dokumenthantering till n\u00e4sta niv\u00e5.<\/p>\n<p>[\/et_pb_text][et_pb_button button_url=&#8221;\/contact\/&#8221; button_text=&#8221;Kontakta oss&#8221; button_alignment=&#8221;right&#8221; module_class=&#8221;em-button&#8221; _builder_version=&#8221;4.27.0&#8243; _module_preset=&#8221;74c203bb-f696-45df-b3d5-54707c846cec&#8221; custom_margin=&#8221;0px|0px|0px|0px|false|false&#8221; custom_padding=&#8221;0.5rem|3.4rem|0.5rem|2rem|false|false&#8221; locked=&#8221;off&#8221; global_colors_info=&#8221;{}&#8221;][\/et_pb_button][\/et_pb_column][et_pb_column type=&#8221;1_2&#8243; module_class=&#8221;em-solutions-column-img&#8221; _builder_version=&#8221;4.27.2&#8243; _module_preset=&#8221;default&#8221; global_colors_info=&#8221;{}&#8221;][et_pb_image src=&#8221;https:\/\/www.emvico.se\/wp-content\/uploads\/2024\/11\/wordkdoq-krav.jpg&#8221; alt=&#8221;Screenshot of the fleethub platform&#8221; title_text=&#8221;KRAV using WorkDOQ&#8221; disabled_on=&#8221;on|off|off&#8221; _builder_version=&#8221;4.27.2&#8243; _module_preset=&#8221;default&#8221; max_width=&#8221;20rem&#8221; custom_margin=&#8221;||2rem||false|false&#8221; global_colors_info=&#8221;{}&#8221;][\/et_pb_image][et_pb_image src=&#8221;https:\/\/www.emvico.se\/wp-content\/uploads\/2024\/11\/wordkdoq-editor.jpg&#8221; alt=&#8221;Screenshot of the fleethub platform&#8221; title_text=&#8221;WorkDOQ editor&#8221; disabled_on=&#8221;on|off|off&#8221; _builder_version=&#8221;4.27.2&#8243; _module_preset=&#8221;default&#8221; max_width=&#8221;20rem&#8221; custom_margin=&#8221;||2rem||false|false&#8221; global_colors_info=&#8221;{}&#8221;][\/et_pb_image][et_pb_image src=&#8221;https:\/\/www.emvico.se\/wp-content\/uploads\/2024\/11\/workdoq-mobile.jpg&#8221; alt=&#8221;Screenshot of the fleethub platform&#8221; title_text=&#8221;WorkDOQ mobile&#8221; disabled_on=&#8221;on|off|off&#8221; _builder_version=&#8221;4.27.2&#8243; _module_preset=&#8221;default&#8221; max_width=&#8221;20rem&#8221; custom_margin=&#8221;||2rem||false|false&#8221; global_colors_info=&#8221;{}&#8221;][\/et_pb_image][\/et_pb_column][\/et_pb_row][\/et_pb_section]<\/p>\n","protected":false},"excerpt":{"rendered":"<p>WorkDOQ \u00e4r en kraftfull CMS-plattform som g\u00f6r det enkelt f\u00f6r f\u00f6retag och organisationer att skapa, underh\u00e5lla och distribuera dynamiska digitala dokument. Oavsett om du arbetar med regelverk, tekniska manualer eller andra typer av dokument, erbjuder WorkDOQ en effektiv och smidig l\u00f6sning som sparar tid och ger b\u00e4ttre kontroll \u00f6ver dokumenthantering. Med WorkDOQ kan du snabbt [&hellip;]<\/p>\n","protected":false},"author":2,"featured_media":0,"parent":223,"menu_order":0,"comment_status":"closed","ping_status":"closed","template":"","meta":{"_et_pb_use_builder":"on","_et_pb_old_content":"","_et_gb_content_width":"","inline_featured_image":false,"footnotes":""},"class_list":["post-5957","page","type-page","status-publish","hentry"],"yoast_head":"<!-- This site is optimized with the Yoast SEO plugin v27.3 - https:\/\/yoast.com\/product\/yoast-seo-wordpress\/ -->\n<title>WorkDOQ \u2013 Skapa och distribuera digitala dokument smidigt<\/title>\n<meta name=\"description\" content=\"WorkDOQ \u00e4r CMS f\u00f6r att skapa, underh\u00e5lla och distribuera dynamiska digitala dokument via webb och app i ett smidigt fl\u00f6de.\" \/>\n<meta name=\"robots\" content=\"index, follow, max-snippet:-1, max-image-preview:large, max-video-preview:-1\" \/>\n<link rel=\"canonical\" href=\"https:\/\/www.emvico.se\/en\/solutions\/workdoq\/\" \/>\n<meta property=\"og:locale\" content=\"en_US\" \/>\n<meta property=\"og:type\" content=\"article\" \/>\n<meta property=\"og:title\" content=\"WorkDOQ \u2013 Skapa och distribuera digitala dokument smidigt\" \/>\n<meta property=\"og:description\" content=\"WorkDOQ \u00e4r CMS f\u00f6r att skapa, underh\u00e5lla och distribuera dynamiska digitala dokument via webb och app i ett smidigt fl\u00f6de.\" \/>\n<meta property=\"og:url\" content=\"https:\/\/www.emvico.se\/en\/solutions\/workdoq\/\" \/>\n<meta property=\"article:modified_time\" content=\"2024-11-21T15:11:18+00:00\" \/>\n<meta property=\"og:image\" content=\"https:\/\/www.emvico.se\/wp-content\/uploads\/2025\/08\/open-graph-default-image.jpg\" \/>\n\t<meta property=\"og:image:width\" content=\"1200\" \/>\n\t<meta property=\"og:image:height\" content=\"675\" \/>\n\t<meta property=\"og:image:type\" content=\"image\/jpeg\" \/>\n<script type=\"application\/ld+json\" class=\"yoast-schema-graph\">{\"@context\":\"https:\\\/\\\/schema.org\",\"@graph\":[{\"@type\":\"WebPage\",\"@id\":\"https:\\\/\\\/www.emvico.se\\\/solutions\\\/workdoq\\\/\",\"url\":\"https:\\\/\\\/www.emvico.se\\\/solutions\\\/workdoq\\\/\",\"name\":\"WorkDOQ \u2013 Skapa och distribuera digitala dokument smidigt\",\"isPartOf\":{\"@id\":\"https:\\\/\\\/www.emvico.se\\\/#website\"},\"datePublished\":\"2024-11-08T13:49:29+00:00\",\"dateModified\":\"2024-11-21T15:11:18+00:00\",\"description\":\"WorkDOQ \u00e4r CMS f\u00f6r att skapa, underh\u00e5lla och distribuera dynamiska digitala dokument via webb och app i ett smidigt fl\u00f6de.\",\"breadcrumb\":{\"@id\":\"https:\\\/\\\/www.emvico.se\\\/solutions\\\/workdoq\\\/#breadcrumb\"},\"inLanguage\":\"en-US\",\"potentialAction\":[{\"@type\":\"ReadAction\",\"target\":[\"https:\\\/\\\/www.emvico.se\\\/solutions\\\/workdoq\\\/\"]}]},{\"@type\":\"BreadcrumbList\",\"@id\":\"https:\\\/\\\/www.emvico.se\\\/solutions\\\/workdoq\\\/#breadcrumb\",\"itemListElement\":[{\"@type\":\"ListItem\",\"position\":1,\"name\":\"Home\",\"item\":\"https:\\\/\\\/www.emvico.se\\\/\"},{\"@type\":\"ListItem\",\"position\":2,\"name\":\"Solutions\",\"item\":\"https:\\\/\\\/www.emvico.se\\\/solutions\\\/\"},{\"@type\":\"ListItem\",\"position\":3,\"name\":\"WorkDOQ\"}]},{\"@type\":\"WebSite\",\"@id\":\"https:\\\/\\\/www.emvico.se\\\/#website\",\"url\":\"https:\\\/\\\/www.emvico.se\\\/\",\"name\":\"Emvico.se\",\"description\":\"When it is important\",\"publisher\":{\"@id\":\"https:\\\/\\\/www.emvico.se\\\/#organization\"},\"alternateName\":\"Emvico\",\"potentialAction\":[{\"@type\":\"SearchAction\",\"target\":{\"@type\":\"EntryPoint\",\"urlTemplate\":\"https:\\\/\\\/www.emvico.se\\\/?s={search_term_string}\"},\"query-input\":{\"@type\":\"PropertyValueSpecification\",\"valueRequired\":true,\"valueName\":\"search_term_string\"}}],\"inLanguage\":\"en-US\"},{\"@type\":\"Organization\",\"@id\":\"https:\\\/\\\/www.emvico.se\\\/#organization\",\"name\":\"Emvico AB\",\"alternateName\":\"Emvico\",\"url\":\"https:\\\/\\\/www.emvico.se\\\/\",\"logo\":{\"@type\":\"ImageObject\",\"inLanguage\":\"en-US\",\"@id\":\"https:\\\/\\\/www.emvico.se\\\/#\\\/schema\\\/logo\\\/image\\\/\",\"url\":\"https:\\\/\\\/www.emvico.se\\\/wp-content\\\/uploads\\\/2024\\\/05\\\/emvico_logo_black.svg\",\"contentUrl\":\"https:\\\/\\\/www.emvico.se\\\/wp-content\\\/uploads\\\/2024\\\/05\\\/emvico_logo_black.svg\",\"width\":200,\"height\":48,\"caption\":\"Emvico AB\"},\"image\":{\"@id\":\"https:\\\/\\\/www.emvico.se\\\/#\\\/schema\\\/logo\\\/image\\\/\"},\"sameAs\":[\"https:\\\/\\\/www.linkedin.com\\\/company\\\/emvico-ab\\\/\"]}]}<\/script>\n<!-- \/ Yoast SEO plugin. -->","yoast_head_json":{"title":"WorkDOQ \u2013 Skapa och distribuera digitala dokument smidigt","description":"WorkDOQ \u00e4r CMS f\u00f6r att skapa, underh\u00e5lla och distribuera dynamiska digitala dokument via webb och app i ett smidigt fl\u00f6de.","robots":{"index":"index","follow":"follow","max-snippet":"max-snippet:-1","max-image-preview":"max-image-preview:large","max-video-preview":"max-video-preview:-1"},"canonical":"https:\/\/www.emvico.se\/en\/solutions\/workdoq\/","og_locale":"en_US","og_type":"article","og_title":"WorkDOQ \u2013 Skapa och distribuera digitala dokument smidigt","og_description":"WorkDOQ \u00e4r CMS f\u00f6r att skapa, underh\u00e5lla och distribuera dynamiska digitala dokument via webb och app i ett smidigt fl\u00f6de.","og_url":"https:\/\/www.emvico.se\/en\/solutions\/workdoq\/","article_modified_time":"2024-11-21T15:11:18+00:00","og_image":[{"width":1200,"height":675,"url":"https:\/\/www.emvico.se\/wp-content\/uploads\/2025\/08\/open-graph-default-image.jpg","type":"image\/jpeg"}],"schema":{"@context":"https:\/\/schema.org","@graph":[{"@type":"WebPage","@id":"https:\/\/www.emvico.se\/solutions\/workdoq\/","url":"https:\/\/www.emvico.se\/solutions\/workdoq\/","name":"WorkDOQ \u2013 Skapa och distribuera digitala dokument smidigt","isPartOf":{"@id":"https:\/\/www.emvico.se\/#website"},"datePublished":"2024-11-08T13:49:29+00:00","dateModified":"2024-11-21T15:11:18+00:00","description":"WorkDOQ \u00e4r CMS f\u00f6r att skapa, underh\u00e5lla och distribuera dynamiska digitala dokument via webb och app i ett smidigt fl\u00f6de.","breadcrumb":{"@id":"https:\/\/www.emvico.se\/solutions\/workdoq\/#breadcrumb"},"inLanguage":"en-US","potentialAction":[{"@type":"ReadAction","target":["https:\/\/www.emvico.se\/solutions\/workdoq\/"]}]},{"@type":"BreadcrumbList","@id":"https:\/\/www.emvico.se\/solutions\/workdoq\/#breadcrumb","itemListElement":[{"@type":"ListItem","position":1,"name":"Home","item":"https:\/\/www.emvico.se\/"},{"@type":"ListItem","position":2,"name":"Solutions","item":"https:\/\/www.emvico.se\/solutions\/"},{"@type":"ListItem","position":3,"name":"WorkDOQ"}]},{"@type":"WebSite","@id":"https:\/\/www.emvico.se\/#website","url":"https:\/\/www.emvico.se\/","name":"Emvico.se","description":"When it is important","publisher":{"@id":"https:\/\/www.emvico.se\/#organization"},"alternateName":"Emvico","potentialAction":[{"@type":"SearchAction","target":{"@type":"EntryPoint","urlTemplate":"https:\/\/www.emvico.se\/?s={search_term_string}"},"query-input":{"@type":"PropertyValueSpecification","valueRequired":true,"valueName":"search_term_string"}}],"inLanguage":"en-US"},{"@type":"Organization","@id":"https:\/\/www.emvico.se\/#organization","name":"Emvico AB","alternateName":"Emvico","url":"https:\/\/www.emvico.se\/","logo":{"@type":"ImageObject","inLanguage":"en-US","@id":"https:\/\/www.emvico.se\/#\/schema\/logo\/image\/","url":"https:\/\/www.emvico.se\/wp-content\/uploads\/2024\/05\/emvico_logo_black.svg","contentUrl":"https:\/\/www.emvico.se\/wp-content\/uploads\/2024\/05\/emvico_logo_black.svg","width":200,"height":48,"caption":"Emvico AB"},"image":{"@id":"https:\/\/www.emvico.se\/#\/schema\/logo\/image\/"},"sameAs":["https:\/\/www.linkedin.com\/company\/emvico-ab\/"]}]}},"_links":{"self":[{"href":"https:\/\/www.emvico.se\/en\/wp-json\/wp\/v2\/pages\/5957","targetHints":{"allow":["GET"]}}],"collection":[{"href":"https:\/\/www.emvico.se\/en\/wp-json\/wp\/v2\/pages"}],"about":[{"href":"https:\/\/www.emvico.se\/en\/wp-json\/wp\/v2\/types\/page"}],"author":[{"embeddable":true,"href":"https:\/\/www.emvico.se\/en\/wp-json\/wp\/v2\/users\/2"}],"replies":[{"embeddable":true,"href":"https:\/\/www.emvico.se\/en\/wp-json\/wp\/v2\/comments?post=5957"}],"version-history":[{"count":6,"href":"https:\/\/www.emvico.se\/en\/wp-json\/wp\/v2\/pages\/5957\/revisions"}],"predecessor-version":[{"id":6122,"href":"https:\/\/www.emvico.se\/en\/wp-json\/wp\/v2\/pages\/5957\/revisions\/6122"}],"up":[{"embeddable":true,"href":"https:\/\/www.emvico.se\/en\/wp-json\/wp\/v2\/pages\/223"}],"wp:attachment":[{"href":"https:\/\/www.emvico.se\/en\/wp-json\/wp\/v2\/media?parent=5957"}],"curies":[{"name":"wp","href":"https:\/\/api.w.org\/{rel}","templated":true}]}}