{"id":6814,"date":"2025-08-19T15:08:47","date_gmt":"2025-08-19T14:08:47","guid":{"rendered":"https:\/\/www.emvico.se\/?page_id=6814"},"modified":"2025-10-22T09:38:42","modified_gmt":"2025-10-22T08:38:42","slug":"it-partner","status":"publish","type":"page","link":"https:\/\/www.emvico.se\/en\/it-partner\/","title":{"rendered":"IT-partner"},"content":{"rendered":"<p>[et_pb_section fb_built=&#8221;1&#8243; admin_label=&#8221;Section&#8221; module_id=&#8221;em-itp&#8221; module_class=&#8221;em-itp-section&#8221; _builder_version=&#8221;4.27.4&#8243; _module_preset=&#8221;default&#8221; background_color=&#8221;#ffffff&#8221; custom_margin=&#8221;0px|0px|0px|0px|false|false&#8221; custom_padding=&#8221;0px|0px|0px|0px|false|false&#8221; global_colors_info=&#8221;{}&#8221;][et_pb_row column_structure=&#8221;1_6,1_6,1_6,1_6,1_6,1_6&#8243; admin_label=&#8221;Row&#8221; module_id=&#8221;solutions&#8221; module_class=&#8221;em-row-solutions&#8221; _builder_version=&#8221;4.25.1&#8243; _module_preset=&#8221;default&#8221; background_color=&#8221;#ffffff&#8221; width=&#8221;100%&#8221; custom_padding=&#8221;||||false|false&#8221; hover_enabled=&#8221;0&#8243; locked=&#8221;off&#8221; global_colors_info=&#8221;{}&#8221; sticky_enabled=&#8221;0&#8243;][et_pb_column type=&#8221;1_6&#8243; module_class=&#8221;em-blurb&#8221; admin_label=&#8221;Card&#8221; _builder_version=&#8221;4.27.0&#8243; _module_preset=&#8221;default&#8221; custom_padding=&#8221;||||false|false&#8221; hover_enabled=&#8221;0&#8243; border_width_all=&#8221;1px&#8221; border_color_all=&#8221;#A3A3A3&#8243; global_colors_info=&#8221;{}&#8221; custom_css_main_element_last_edited=&#8221;off|phone&#8221; sticky_enabled=&#8221;0&#8243;][et_pb_heading title=&#8221;Systemutveckling i agila team&#8221; _builder_version=&#8221;4.27.4&#8243; _module_preset=&#8221;c9821d23-a4bd-43b9-ba8c-b7b6739fb771&#8243; custom_margin=&#8221;||0px||false|false&#8221; custom_padding=&#8221;||||false|false&#8221; global_colors_info=&#8221;{}&#8221;][\/et_pb_heading][et_pb_text module_class=&#8221;em-blurb-description&#8221; _builder_version=&#8221;4.27.4&#8243; _module_preset=&#8221;21a5b58c-4488-4ce3-85fd-c450a38dc7ef&#8221; text_font_size_tablet=&#8221;&#8221; text_font_size_phone=&#8221;&#8221; text_font_size_last_edited=&#8221;on|desktop&#8221; global_colors_info=&#8221;{}&#8221;]<\/p>\n<p>Bygg ditt nya verksamhetskritiska system med oss fr\u00e5n id\u00e9\/behov till framtidss\u00e4krat system. Med v\u00e5ra kontor i Sverige, Polen och Ukraina kan vi st\u00e4lla ett komplett och kostnadseffektivt team p\u00e5 plats p\u00e5 kort tid.<\/p>\n<p>[\/et_pb_text][et_pb_button button_url=&#8221;\/it-partner\/bespoke\/&#8221; button_text=&#8221;L\u00e4s mer&#8221; button_alignment=&#8221;right&#8221; module_class=&#8221;em-button-read-more&#8221; _builder_version=&#8221;4.27.4&#8243; _module_preset=&#8221;default&#8221; custom_button=&#8221;on&#8221; button_text_color=&#8221;#C69C46&#8243; button_bg_color=&#8221;RGBA(255,255,255,0)&#8221; button_border_width=&#8221;0px&#8221; button_font=&#8221;|600|||||||&#8221; button_use_icon=&#8221;off&#8221; custom_margin=&#8221;0px|0px|0px|0px|false|false&#8221; custom_padding=&#8221;0px|0px|0px|0px|false|false&#8221; global_colors_info=&#8221;{}&#8221;][\/et_pb_button][\/et_pb_column][et_pb_column type=&#8221;1_6&#8243; module_class=&#8221;em-blurb&#8221; admin_label=&#8221;Card&#8221; _builder_version=&#8221;4.27.0&#8243; _module_preset=&#8221;default&#8221; custom_padding=&#8221;||||false|false&#8221; border_width_all=&#8221;1px&#8221; border_color_all=&#8221;#A3A3A3&#8243; global_colors_info=&#8221;{}&#8221;][et_pb_heading title=&#8221;Team sourcing&#8221; _builder_version=&#8221;4.27.4&#8243; _module_preset=&#8221;c9821d23-a4bd-43b9-ba8c-b7b6739fb771&#8243; custom_margin=&#8221;||0px||false|false&#8221; custom_padding=&#8221;||||false|false&#8221; global_colors_info=&#8221;{}&#8221;][\/et_pb_heading][et_pb_text module_class=&#8221;em-blurb-description&#8221; _builder_version=&#8221;4.27.4&#8243; _module_preset=&#8221;21a5b58c-4488-4ce3-85fd-c450a38dc7ef&#8221; global_colors_info=&#8221;{}&#8221;]<\/p>\n<p>Vi tills\u00e4tter snabbt kompletta team med utvecklare, QA och om s\u00e5 beh\u00f6vs, devops f\u00f6r att st\u00f6tta eller ta \u00f6ver din produktutveckling eller l\u00f6pande f\u00f6rvaltning av vidareutveckling. Teamen skapas i samarbete med er och integreras p\u00e5 det s\u00e4tt ni vill i er verksamhet.<\/p>\n<p>[\/et_pb_text][et_pb_button button_url=&#8221;\/it-partner\/team-sourcing\/&#8221; button_text=&#8221;L\u00e4s mer&#8221; button_alignment=&#8221;right&#8221; module_class=&#8221;em-button-read-more&#8221; _builder_version=&#8221;4.27.4&#8243; _module_preset=&#8221;default&#8221; custom_button=&#8221;on&#8221; button_text_color=&#8221;#C69C46&#8243; button_bg_color=&#8221;RGBA(255,255,255,0)&#8221; button_border_width=&#8221;0px&#8221; button_font=&#8221;|600|||||||&#8221; button_use_icon=&#8221;off&#8221; custom_margin=&#8221;0px|0px|0px|0px|false|false&#8221; custom_padding=&#8221;0px|0px|0px|0px|false|false&#8221; global_colors_info=&#8221;{}&#8221;][\/et_pb_button][\/et_pb_column][et_pb_column type=&#8221;1_6&#8243; module_class=&#8221;em-blurb&#8221; admin_label=&#8221;Card&#8221; _builder_version=&#8221;4.25.1&#8243; _module_preset=&#8221;default&#8221; custom_padding=&#8221;||||false|false&#8221; border_width_all=&#8221;1px&#8221; border_color_all=&#8221;#A3A3A3&#8243; global_colors_info=&#8221;{}&#8221;][et_pb_heading title=&#8221;Kostnadseffektiv nearshore&#8221; _builder_version=&#8221;4.27.4&#8243; _module_preset=&#8221;c9821d23-a4bd-43b9-ba8c-b7b6739fb771&#8243; custom_margin=&#8221;||0px||false|false&#8221; custom_padding=&#8221;||||false|false&#8221; global_colors_info=&#8221;{}&#8221;][\/et_pb_heading][et_pb_text module_class=&#8221;em-blurb-description&#8221; _builder_version=&#8221;4.27.4&#8243; _module_preset=&#8221;default&#8221; custom_margin=&#8221;||0px||false|false&#8221; global_colors_info=&#8221;{}&#8221;]<\/p>\n<p>Vi levererar enskilda kompetenser som du beh\u00f6ver. 2-3 veckor fr\u00e5n kontakt har du bra profiler. Du f\u00e5r n\u00f6jdhetsgaranti, d v s vi tar inte betalt om du inte \u00e4r n\u00f6jd s\u00e5 du kan testa p\u00e5 oss i lugn och ro. Timpris f\u00f6r senior fullstackutvecklare fr\u00e5n 599 kr\/tim.<\/p>\n<p>[\/et_pb_text][et_pb_button button_url=&#8221;\/it-partner\/cost-effective-nearshore\/&#8221; button_text=&#8221;L\u00e4s mer&#8221; button_alignment=&#8221;right&#8221; module_class=&#8221;em-button-read-more&#8221; _builder_version=&#8221;4.27.4&#8243; _module_preset=&#8221;default&#8221; custom_button=&#8221;on&#8221; button_text_color=&#8221;#C69C46&#8243; button_bg_color=&#8221;RGBA(255,255,255,0)&#8221; button_border_width=&#8221;0px&#8221; button_font=&#8221;|600|||||||&#8221; button_use_icon=&#8221;off&#8221; custom_margin=&#8221;0px|0px|0px|0px|false|false&#8221; custom_padding=&#8221;0px|0px|0px|0px|false|false&#8221; global_colors_info=&#8221;{}&#8221;][\/et_pb_button][\/et_pb_column][et_pb_column type=&#8221;1_6&#8243; module_class=&#8221;em-blurb&#8221; admin_label=&#8221;Card&#8221; disabled_on=&#8221;off|off|off&#8221; _builder_version=&#8221;4.27.4&#8243; _module_preset=&#8221;default&#8221; custom_padding=&#8221;||||false|false&#8221; hover_enabled=&#8221;0&#8243; border_width_all=&#8221;1px&#8221; border_color_all=&#8221;#A3A3A3&#8243; global_colors_info=&#8221;{}&#8221; sticky_enabled=&#8221;0&#8243;][et_pb_heading title=&#8221;Optimera er utveckling&#8221; _builder_version=&#8221;4.27.4&#8243; _module_preset=&#8221;c9821d23-a4bd-43b9-ba8c-b7b6739fb771&#8243; custom_margin=&#8221;||0px||false|false&#8221; custom_padding=&#8221;||||false|false&#8221; hover_enabled=&#8221;0&#8243; global_colors_info=&#8221;{}&#8221; sticky_enabled=&#8221;0&#8243;][\/et_pb_heading][et_pb_text module_class=&#8221;em-blurb-description&#8221; _builder_version=&#8221;4.27.4&#8243; _module_preset=&#8221;default&#8221; custom_margin=&#8221;||0px||false|false&#8221; hover_enabled=&#8221;0&#8243; global_colors_info=&#8221;{}&#8221; sticky_enabled=&#8221;0&#8243;]<\/p>\n<p><span>Vi hj\u00e4lper organisationer med egen produkt- eller mjukvaruutveckling att skapa en mer effektiv, h\u00e5llbar och samarbetsdriven utvecklingsprocess, inte minst drivet av f\u00f6rflyttning fr\u00e5n gammal\/on premise till ny utveckling\/moln.<\/span><\/p>\n<p>[\/et_pb_text][et_pb_button button_text=&#8221;L\u00e4s mer&#8221; button_alignment=&#8221;right&#8221; module_class=&#8221;em-button-read-more&#8221; _builder_version=&#8221;4.27.4&#8243; _module_preset=&#8221;default&#8221; custom_button=&#8221;on&#8221; button_text_color=&#8221;#C69C46&#8243; button_bg_color=&#8221;RGBA(255,255,255,0)&#8221; button_border_width=&#8221;0px&#8221; button_font=&#8221;|600|||||||&#8221; button_use_icon=&#8221;off&#8221; custom_margin=&#8221;0px|0px|0px|0px|false|false&#8221; custom_padding=&#8221;0px|0px|0px|0px|false|false&#8221; hover_enabled=&#8221;0&#8243; global_colors_info=&#8221;{}&#8221; button_url=&#8221;\/it-partner\/optimize-development\/&#8221; sticky_enabled=&#8221;0&#8243;][\/et_pb_button][\/et_pb_column][et_pb_column type=&#8221;1_6&#8243; module_class=&#8221;em-blurb&#8221; admin_label=&#8221;Card&#8221; _builder_version=&#8221;4.27.4&#8243; _module_preset=&#8221;default&#8221; custom_padding=&#8221;||||false|false&#8221; hover_enabled=&#8221;0&#8243; border_width_all=&#8221;1px&#8221; border_color_all=&#8221;#A3A3A3&#8243; global_colors_info=&#8221;{}&#8221; sticky_enabled=&#8221;0&#8243;][et_pb_heading title=&#8221;24\/7 driftsupport&#8221; _builder_version=&#8221;4.27.4&#8243; _module_preset=&#8221;c9821d23-a4bd-43b9-ba8c-b7b6739fb771&#8243; custom_margin=&#8221;||0px||false|false&#8221; custom_padding=&#8221;||||false|false&#8221; global_colors_info=&#8221;{}&#8221;][\/et_pb_heading][et_pb_text module_class=&#8221;em-blurb-description&#8221; _builder_version=&#8221;4.25.1&#8243; _module_preset=&#8221;default&#8221; custom_margin=&#8221;||0px||false|false&#8221; global_colors_info=&#8221;{}&#8221;]<\/p>\n<p><span style=\"font-weight: 400;\">Vi har data fr\u00e5n Freebase, Wikipedia och webben som \u00f6vertr\u00e4ffar det Google k\u00f6pte 2016. \u00c4r du redo att driva eller katalysera AI med denna kraftfulla kunskapsgraf? Kontakta oss f\u00f6r att ta del av en unik m\u00f6jlighet att anv\u00e4nda datan f\u00f6r din vision. L\u00e4s mer om Omnizens.<\/span><\/p>\n<p>[\/et_pb_text][et_pb_button button_url=&#8221;\/it-partner\/operational-support\/&#8221; button_text=&#8221;L\u00e4s mer&#8221; button_alignment=&#8221;right&#8221; module_class=&#8221;em-button-read-more&#8221; _builder_version=&#8221;4.27.4&#8243; _module_preset=&#8221;default&#8221; custom_button=&#8221;on&#8221; button_text_color=&#8221;#C69C46&#8243; button_bg_color=&#8221;RGBA(255,255,255,0)&#8221; button_border_width=&#8221;0px&#8221; button_font=&#8221;|600|||||||&#8221; button_use_icon=&#8221;off&#8221; custom_margin=&#8221;0px|0px|0px|0px|false|false&#8221; custom_padding=&#8221;0px|0px|0px|0px|false|false&#8221; hover_enabled=&#8221;0&#8243; global_colors_info=&#8221;{}&#8221; sticky_enabled=&#8221;0&#8243;][\/et_pb_button][\/et_pb_column][et_pb_column type=&#8221;1_6&#8243; module_class=&#8221;em-blurb&#8221; admin_label=&#8221;Card&#8221; disabled_on=&#8221;off|off|off&#8221; _builder_version=&#8221;4.27.4&#8243; _module_preset=&#8221;default&#8221; custom_padding=&#8221;||||false|false&#8221; hover_enabled=&#8221;0&#8243; border_width_all=&#8221;1px&#8221; border_color_all=&#8221;#A3A3A3&#8243; global_colors_info=&#8221;{}&#8221; sticky_enabled=&#8221;0&#8243;][et_pb_heading title=&#8221;Strategisk r\u00e5dgivning &#038; aff\u00e4rsutveckling&#8221; _builder_version=&#8221;4.27.4&#8243; _module_preset=&#8221;c9821d23-a4bd-43b9-ba8c-b7b6739fb771&#8243; custom_margin=&#8221;||0px||false|false&#8221; custom_padding=&#8221;||||false|false&#8221; global_colors_info=&#8221;{}&#8221;][\/et_pb_heading][et_pb_text module_class=&#8221;em-blurb-description&#8221; _builder_version=&#8221;4.27.4&#8243; _module_preset=&#8221;default&#8221; custom_margin=&#8221;||0px||false|false&#8221; global_colors_info=&#8221;{}&#8221;]<\/p>\n<p>Vi besitter senior kompetens och erfarenhet fr\u00e5n m\u00e5nga verksamheter samt strategi och innovation inom IT-utveckling. Vi st\u00f6ttar ledningar med omorganisationer, nya strategiplaner eller nya IT-strategier.<\/p>\n<p>[\/et_pb_text][et_pb_button button_text=&#8221;L\u00e4s mer&#8221; button_alignment=&#8221;right&#8221; module_class=&#8221;em-button-read-more&#8221; _builder_version=&#8221;4.27.4&#8243; _module_preset=&#8221;default&#8221; custom_button=&#8221;on&#8221; button_text_color=&#8221;#C69C46&#8243; button_bg_color=&#8221;RGBA(255,255,255,0)&#8221; button_border_width=&#8221;0px&#8221; button_font=&#8221;|600|||||||&#8221; button_use_icon=&#8221;off&#8221; custom_margin=&#8221;0px|0px|0px|0px|false|false&#8221; custom_padding=&#8221;0px|0px|0px|0px|false|false&#8221; hover_enabled=&#8221;0&#8243; global_colors_info=&#8221;{}&#8221; button_url=&#8221;\/it-partner\/strategic_consulting\/&#8221; sticky_enabled=&#8221;0&#8243;][\/et_pb_button][\/et_pb_column][et_pb_column type=&#8221;1_6&#8243; module_class=&#8221;em-blurb&#8221; admin_label=&#8221;Card&#8221; disabled_on=&#8221;off|off|off&#8221; _builder_version=&#8221;4.27.4&#8243; _module_preset=&#8221;default&#8221; custom_padding=&#8221;||||false|false&#8221; hover_enabled=&#8221;0&#8243; border_width_all=&#8221;1px&#8221; border_color_all=&#8221;#A3A3A3&#8243; global_colors_info=&#8221;{}&#8221; sticky_enabled=&#8221;0&#8243;][et_pb_heading title=&#8221;Storytelling &#038; inneh\u00e5llsutveckling&#8221; _builder_version=&#8221;4.27.4&#8243; _module_preset=&#8221;c9821d23-a4bd-43b9-ba8c-b7b6739fb771&#8243; custom_margin=&#8221;||0px||false|false&#8221; custom_padding=&#8221;||||false|false&#8221; global_colors_info=&#8221;{}&#8221;][\/et_pb_heading][et_pb_text module_class=&#8221;em-blurb-description&#8221; _builder_version=&#8221;4.27.4&#8243; _module_preset=&#8221;default&#8221; custom_margin=&#8221;||0px||false|false&#8221; global_colors_info=&#8221;{}&#8221;]<\/p>\n<p>Vi har senior kompetens och erfarenhet av storytelling och inneh\u00e5llskreation och har m\u00f6jlighet att leverera kostnadseffektiva agila inneh\u00e5llsteam f\u00f6r dina viktiga kommunikationskanaler.<\/p>\n<p>[\/et_pb_text][et_pb_button button_text=&#8221;L\u00e4s mer&#8221; button_alignment=&#8221;right&#8221; module_class=&#8221;em-button-read-more&#8221; _builder_version=&#8221;4.27.4&#8243; _module_preset=&#8221;default&#8221; custom_button=&#8221;on&#8221; button_text_color=&#8221;#C69C46&#8243; button_bg_color=&#8221;RGBA(255,255,255,0)&#8221; button_border_width=&#8221;0px&#8221; button_font=&#8221;|600|||||||&#8221; button_use_icon=&#8221;off&#8221; custom_margin=&#8221;0px|0px|0px|0px|false|false&#8221; custom_padding=&#8221;0px|0px|0px|0px|false|false&#8221; hover_enabled=&#8221;0&#8243; global_colors_info=&#8221;{}&#8221; button_url=&#8221;\/it-partner\/storytelling_content_development\/&#8221; sticky_enabled=&#8221;0&#8243;][\/et_pb_button][\/et_pb_column][\/et_pb_row][\/et_pb_section]<\/p>\n","protected":false},"excerpt":{"rendered":"<p>Bygg ditt nya verksamhetskritiska system med oss fr\u00e5n id\u00e9\/behov till framtidss\u00e4krat system. Med v\u00e5ra kontor i Sverige, Polen och Ukraina kan vi st\u00e4lla ett komplett och kostnadseffektivt team p\u00e5 plats p\u00e5 kort tid.Vi tills\u00e4tter snabbt kompletta team med utvecklare, QA och om s\u00e5 beh\u00f6vs, devops f\u00f6r att st\u00f6tta eller ta \u00f6ver din produktutveckling eller l\u00f6pande [&hellip;]<\/p>\n","protected":false},"author":2,"featured_media":0,"parent":0,"menu_order":0,"comment_status":"closed","ping_status":"closed","template":"","meta":{"_et_pb_use_builder":"on","_et_pb_old_content":"","_et_gb_content_width":"","inline_featured_image":false,"footnotes":""},"class_list":["post-6814","page","type-page","status-publish","hentry"],"yoast_head":"<!-- This site is optimized with the Yoast SEO plugin v27.3 - https:\/\/yoast.com\/product\/yoast-seo-wordpress\/ -->\n<title>IT-partner |<\/title>\n<meta name=\"robots\" content=\"index, follow, max-snippet:-1, max-image-preview:large, max-video-preview:-1\" \/>\n<link rel=\"canonical\" href=\"https:\/\/www.emvico.se\/en\/it-partner\/\" \/>\n<meta property=\"og:locale\" content=\"en_US\" \/>\n<meta property=\"og:type\" content=\"article\" \/>\n<meta property=\"og:title\" content=\"IT-partner |\" \/>\n<meta property=\"og:description\" content=\"Bygg ditt nya verksamhetskritiska system med oss fr\u00e5n id\u00e9\/behov till framtidss\u00e4krat system. Med v\u00e5ra kontor i Sverige, Polen och Ukraina kan vi st\u00e4lla ett komplett och kostnadseffektivt team p\u00e5 plats p\u00e5 kort tid.Vi tills\u00e4tter snabbt kompletta team med utvecklare, QA och om s\u00e5 beh\u00f6vs, devops f\u00f6r att st\u00f6tta eller ta \u00f6ver din produktutveckling eller l\u00f6pande [&hellip;]\" \/>\n<meta property=\"og:url\" content=\"https:\/\/www.emvico.se\/en\/it-partner\/\" \/>\n<meta property=\"article:modified_time\" content=\"2025-10-22T08:38:42+00:00\" \/>\n<meta property=\"og:image\" content=\"https:\/\/www.emvico.se\/wp-content\/uploads\/2025\/08\/open-graph-default-image.jpg\" \/>\n\t<meta property=\"og:image:width\" content=\"1200\" \/>\n\t<meta property=\"og:image:height\" content=\"675\" \/>\n\t<meta property=\"og:image:type\" content=\"image\/jpeg\" \/>\n<script type=\"application\/ld+json\" class=\"yoast-schema-graph\">{\"@context\":\"https:\\\/\\\/schema.org\",\"@graph\":[{\"@type\":\"WebPage\",\"@id\":\"https:\\\/\\\/www.emvico.se\\\/it-partner\\\/\",\"url\":\"https:\\\/\\\/www.emvico.se\\\/it-partner\\\/\",\"name\":\"IT-partner |\",\"isPartOf\":{\"@id\":\"https:\\\/\\\/www.emvico.se\\\/#website\"},\"datePublished\":\"2025-08-19T14:08:47+00:00\",\"dateModified\":\"2025-10-22T08:38:42+00:00\",\"breadcrumb\":{\"@id\":\"https:\\\/\\\/www.emvico.se\\\/it-partner\\\/#breadcrumb\"},\"inLanguage\":\"en-US\",\"potentialAction\":[{\"@type\":\"ReadAction\",\"target\":[\"https:\\\/\\\/www.emvico.se\\\/it-partner\\\/\"]}]},{\"@type\":\"BreadcrumbList\",\"@id\":\"https:\\\/\\\/www.emvico.se\\\/it-partner\\\/#breadcrumb\",\"itemListElement\":[{\"@type\":\"ListItem\",\"position\":1,\"name\":\"Home\",\"item\":\"https:\\\/\\\/www.emvico.se\\\/\"},{\"@type\":\"ListItem\",\"position\":2,\"name\":\"IT-partner\"}]},{\"@type\":\"WebSite\",\"@id\":\"https:\\\/\\\/www.emvico.se\\\/#website\",\"url\":\"https:\\\/\\\/www.emvico.se\\\/\",\"name\":\"Emvico.se\",\"description\":\"When it is important\",\"publisher\":{\"@id\":\"https:\\\/\\\/www.emvico.se\\\/#organization\"},\"alternateName\":\"Emvico\",\"potentialAction\":[{\"@type\":\"SearchAction\",\"target\":{\"@type\":\"EntryPoint\",\"urlTemplate\":\"https:\\\/\\\/www.emvico.se\\\/?s={search_term_string}\"},\"query-input\":{\"@type\":\"PropertyValueSpecification\",\"valueRequired\":true,\"valueName\":\"search_term_string\"}}],\"inLanguage\":\"en-US\"},{\"@type\":\"Organization\",\"@id\":\"https:\\\/\\\/www.emvico.se\\\/#organization\",\"name\":\"Emvico AB\",\"alternateName\":\"Emvico\",\"url\":\"https:\\\/\\\/www.emvico.se\\\/\",\"logo\":{\"@type\":\"ImageObject\",\"inLanguage\":\"en-US\",\"@id\":\"https:\\\/\\\/www.emvico.se\\\/#\\\/schema\\\/logo\\\/image\\\/\",\"url\":\"https:\\\/\\\/www.emvico.se\\\/wp-content\\\/uploads\\\/2024\\\/05\\\/emvico_logo_black.svg\",\"contentUrl\":\"https:\\\/\\\/www.emvico.se\\\/wp-content\\\/uploads\\\/2024\\\/05\\\/emvico_logo_black.svg\",\"width\":200,\"height\":48,\"caption\":\"Emvico AB\"},\"image\":{\"@id\":\"https:\\\/\\\/www.emvico.se\\\/#\\\/schema\\\/logo\\\/image\\\/\"},\"sameAs\":[\"https:\\\/\\\/www.linkedin.com\\\/company\\\/emvico-ab\\\/\"]}]}<\/script>\n<!-- \/ Yoast SEO plugin. -->","yoast_head_json":{"title":"IT-partner |","robots":{"index":"index","follow":"follow","max-snippet":"max-snippet:-1","max-image-preview":"max-image-preview:large","max-video-preview":"max-video-preview:-1"},"canonical":"https:\/\/www.emvico.se\/en\/it-partner\/","og_locale":"en_US","og_type":"article","og_title":"IT-partner |","og_description":"Bygg ditt nya verksamhetskritiska system med oss fr\u00e5n id\u00e9\/behov till framtidss\u00e4krat system. Med v\u00e5ra kontor i Sverige, Polen och Ukraina kan vi st\u00e4lla ett komplett och kostnadseffektivt team p\u00e5 plats p\u00e5 kort tid.Vi tills\u00e4tter snabbt kompletta team med utvecklare, QA och om s\u00e5 beh\u00f6vs, devops f\u00f6r att st\u00f6tta eller ta \u00f6ver din produktutveckling eller l\u00f6pande [&hellip;]","og_url":"https:\/\/www.emvico.se\/en\/it-partner\/","article_modified_time":"2025-10-22T08:38:42+00:00","og_image":[{"width":1200,"height":675,"url":"https:\/\/www.emvico.se\/wp-content\/uploads\/2025\/08\/open-graph-default-image.jpg","type":"image\/jpeg"}],"schema":{"@context":"https:\/\/schema.org","@graph":[{"@type":"WebPage","@id":"https:\/\/www.emvico.se\/it-partner\/","url":"https:\/\/www.emvico.se\/it-partner\/","name":"IT-partner |","isPartOf":{"@id":"https:\/\/www.emvico.se\/#website"},"datePublished":"2025-08-19T14:08:47+00:00","dateModified":"2025-10-22T08:38:42+00:00","breadcrumb":{"@id":"https:\/\/www.emvico.se\/it-partner\/#breadcrumb"},"inLanguage":"en-US","potentialAction":[{"@type":"ReadAction","target":["https:\/\/www.emvico.se\/it-partner\/"]}]},{"@type":"BreadcrumbList","@id":"https:\/\/www.emvico.se\/it-partner\/#breadcrumb","itemListElement":[{"@type":"ListItem","position":1,"name":"Home","item":"https:\/\/www.emvico.se\/"},{"@type":"ListItem","position":2,"name":"IT-partner"}]},{"@type":"WebSite","@id":"https:\/\/www.emvico.se\/#website","url":"https:\/\/www.emvico.se\/","name":"Emvico.se","description":"When it is important","publisher":{"@id":"https:\/\/www.emvico.se\/#organization"},"alternateName":"Emvico","potentialAction":[{"@type":"SearchAction","target":{"@type":"EntryPoint","urlTemplate":"https:\/\/www.emvico.se\/?s={search_term_string}"},"query-input":{"@type":"PropertyValueSpecification","valueRequired":true,"valueName":"search_term_string"}}],"inLanguage":"en-US"},{"@type":"Organization","@id":"https:\/\/www.emvico.se\/#organization","name":"Emvico AB","alternateName":"Emvico","url":"https:\/\/www.emvico.se\/","logo":{"@type":"ImageObject","inLanguage":"en-US","@id":"https:\/\/www.emvico.se\/#\/schema\/logo\/image\/","url":"https:\/\/www.emvico.se\/wp-content\/uploads\/2024\/05\/emvico_logo_black.svg","contentUrl":"https:\/\/www.emvico.se\/wp-content\/uploads\/2024\/05\/emvico_logo_black.svg","width":200,"height":48,"caption":"Emvico AB"},"image":{"@id":"https:\/\/www.emvico.se\/#\/schema\/logo\/image\/"},"sameAs":["https:\/\/www.linkedin.com\/company\/emvico-ab\/"]}]}},"_links":{"self":[{"href":"https:\/\/www.emvico.se\/en\/wp-json\/wp\/v2\/pages\/6814","targetHints":{"allow":["GET"]}}],"collection":[{"href":"https:\/\/www.emvico.se\/en\/wp-json\/wp\/v2\/pages"}],"about":[{"href":"https:\/\/www.emvico.se\/en\/wp-json\/wp\/v2\/types\/page"}],"author":[{"embeddable":true,"href":"https:\/\/www.emvico.se\/en\/wp-json\/wp\/v2\/users\/2"}],"replies":[{"embeddable":true,"href":"https:\/\/www.emvico.se\/en\/wp-json\/wp\/v2\/comments?post=6814"}],"version-history":[{"count":8,"href":"https:\/\/www.emvico.se\/en\/wp-json\/wp\/v2\/pages\/6814\/revisions"}],"predecessor-version":[{"id":6945,"href":"https:\/\/www.emvico.se\/en\/wp-json\/wp\/v2\/pages\/6814\/revisions\/6945"}],"wp:attachment":[{"href":"https:\/\/www.emvico.se\/en\/wp-json\/wp\/v2\/media?parent=6814"}],"curies":[{"name":"wp","href":"https:\/\/api.w.org\/{rel}","templated":true}]}}