{"id":6825,"date":"2025-08-20T10:38:51","date_gmt":"2025-08-20T09:38:51","guid":{"rendered":"https:\/\/www.emvico.se\/?page_id=6825"},"modified":"2025-09-09T15:28:54","modified_gmt":"2025-09-09T14:28:54","slug":"strategic_consulting","status":"publish","type":"page","link":"https:\/\/www.emvico.se\/en\/it-partner\/strategic_consulting\/","title":{"rendered":"Strategic consulting &#038; business development"},"content":{"rendered":"<p>[et_pb_section fb_built=&#8221;1&#8243; admin_label=&#8221;Section&#8221; module_id=&#8221;em-solutions&#8221; module_class=&#8221;em-solutions-section&#8221; _builder_version=&#8221;4.27.2&#8243; _module_preset=&#8221;default&#8221; background_color=&#8221;#ffffff&#8221; custom_margin=&#8221;0px|0px|0px|0px|false|false&#8221; custom_padding=&#8221;0px|0px|0px|0px|false|false&#8221; global_colors_info=&#8221;{}&#8221;][et_pb_row admin_label=&#8221;Intro&#8221; module_class=&#8221;em-solutions-row-header&#8221; _builder_version=&#8221;4.27.4&#8243; _module_preset=&#8221;default&#8221; background_image=&#8221;https:\/\/www.emvico.se\/wp-content\/uploads\/2025\/08\/strategic_advice.jpg&#8221; custom_padding=&#8221;||||false|false&#8221; border_radii=&#8221;on|40px|40px|40px|40px&#8221; locked=&#8221;off&#8221; global_colors_info=&#8221;{}&#8221;][et_pb_column type=&#8221;4_4&#8243; module_class=&#8221;em-solutions-column-header&#8221; _builder_version=&#8221;4.27.2&#8243; _module_preset=&#8221;default&#8221; custom_padding=&#8221;|400px||400px|false|true&#8221; custom_padding_tablet=&#8221;|4rem||4rem|false|true&#8221; custom_padding_phone=&#8221;|4rem||4rem|false|true&#8221; custom_padding_last_edited=&#8221;on|tablet&#8221; global_colors_info=&#8221;{}&#8221;][et_pb_heading title=&#8221;Strategisk r\u00e5dgivning &#038; aff\u00e4rsutveckling&#8221; _builder_version=&#8221;4.27.4&#8243; _module_preset=&#8221;default&#8221; title_level=&#8221;h1&#8243; title_font=&#8221;|700|||||||&#8221; title_text_color=&#8221;#ffffff&#8221; title_font_size=&#8221;2.5rem&#8221; title_line_height=&#8221;3rem&#8221; global_colors_info=&#8221;{}&#8221;][\/et_pb_heading][et_pb_text module_class=&#8221;em-fleethub-column-text&#8221; _builder_version=&#8221;4.27.4&#8243; _module_preset=&#8221;default&#8221; text_text_color=&#8221;#ffffff&#8221; text_font_size=&#8221;1.5rem&#8221; global_colors_info=&#8221;{}&#8221;]<\/p>\n<p>Vi besitter senior kompetens och erfarenhet fr\u00e5n m\u00e5nga verksamheter samt strategi och innovation inom IT-utveckling. Vi st\u00f6ttar ledningar med omorganisationer, nya strategiplaner eller nya IT-strategier.<\/p>\n<p>[\/et_pb_text][et_pb_button button_url=&#8221;\/contact\/&#8221; button_text=&#8221;L\u00e5t oss hj\u00e4lpa er&#8221; button_alignment=&#8221;left&#8221; module_class=&#8221;em-button&#8221; _builder_version=&#8221;4.27.3&#8243; _module_preset=&#8221;74c203bb-f696-45df-b3d5-54707c846cec&#8221; custom_margin=&#8221;0px|0px|0px|0px|false|false&#8221; custom_padding=&#8221;0.5rem|3.4rem|0.5rem|2rem|false|false&#8221; locked=&#8221;off&#8221; global_colors_info=&#8221;{}&#8221;][\/et_pb_button][\/et_pb_column][\/et_pb_row][et_pb_row column_structure=&#8221;1_2,1_2&#8243; disabled_on=&#8221;off|off|off&#8221; admin_label=&#8221;Text&#8221; module_class=&#8221;em-solutions-section-text&#8221; _builder_version=&#8221;4.27.4&#8243; _module_preset=&#8221;default&#8221; background_color=&#8221;RGBA(255,255,255,0)&#8221; custom_margin=&#8221;6rem||||false|false&#8221; hover_enabled=&#8221;0&#8243; global_colors_info=&#8221;{}&#8221; sticky_enabled=&#8221;0&#8243;][et_pb_column type=&#8221;1_2&#8243; module_class=&#8221;em-solutions-column-text&#8221; _builder_version=&#8221;4.27.2&#8243; _module_preset=&#8221;default&#8221; custom_padding_tablet=&#8221;|2rem||2rem|false|false&#8221; custom_padding_phone=&#8221;|2rem||2rem|false|false&#8221; custom_padding_last_edited=&#8221;on|tablet&#8221; global_colors_info=&#8221;{}&#8221;][et_pb_text _builder_version=&#8221;4.27.4&#8243; _module_preset=&#8221;default&#8221; hover_enabled=&#8221;0&#8243; global_colors_info=&#8221;{}&#8221; admin_label=&#8221;Text&#8221; sticky_enabled=&#8221;0&#8243;]<\/p>\n<p>Att navigera i en snabbt f\u00f6r\u00e4nderlig digital v\u00e4rld kr\u00e4ver mer \u00e4n bara r\u00e4tt teknik \u2013 det kr\u00e4ver ocks\u00e5 r\u00e4tt strategi. P\u00e5 Emvico hj\u00e4lper vi v\u00e5ra kunder att analysera nul\u00e4get, identifiera m\u00f6jligheter och skapa tydliga handlingsplaner som leder till l\u00e5ngsiktig framg\u00e5ng.<\/p>\n<p>Genom v\u00e5rt arbete inom <strong data-start=\"692\" data-end=\"738\">strategisk r\u00e5dgivning och aff\u00e4rsutveckling<\/strong> st\u00f6ttar vi f\u00f6retag och organisationer i att fatta v\u00e4lgrundade beslut kring aff\u00e4rsmodeller, organisation, processer och tillv\u00e4xt.<\/p>\n<p>[\/et_pb_text][et_pb_text admin_label=&#8221;Header&#8221; module_class=&#8221;em-solutions-column-text-header&#8221; _builder_version=&#8221;4.27.4&#8243; _module_preset=&#8221;default&#8221; hover_enabled=&#8221;0&#8243; global_colors_info=&#8221;{}&#8221; sticky_enabled=&#8221;0&#8243;]<\/p>\n<h2 class=\"et_pb_module_heading et-fb-editable-element et-fb-editable-element__editing\" data-shortcode-id=\"1.1.0.0-1725546922762\" data-quickaccess-id=\"title\" contenteditable=\"true\">Exempel p\u00e5 uppdrag<\/h2>\n<p>[\/et_pb_text][et_pb_text _builder_version=&#8221;4.27.4&#8243; _module_preset=&#8221;default&#8221; hover_enabled=&#8221;0&#8243; global_colors_info=&#8221;{}&#8221; admin_label=&#8221;Text&#8221; sticky_enabled=&#8221;0&#8243;]<\/p>\n<p><strong data-start=\"896\" data-end=\"932\">Vasaloppet \u2013 mot framtida segrar<\/strong><br data-start=\"932\" data-end=\"935\" \/>Vasaloppet har under m\u00e5nga \u00e5r byggt upp en stark digital n\u00e4rvaro genom egna kanaler s\u00e5som Vasaloppet.se, Vasaloppsappen, Vasaloppet.tv och Skidsp\u00e5r.se. F\u00f6r att utveckla och framtidss\u00e4kra aff\u00e4ren kring digital annonsering tog de hj\u00e4lp av Emvico. Vi genomf\u00f6rde en kartl\u00e4ggning av aff\u00e4rsmodeller, erbjudanden och organisation, och skapade ett underlag som nu anv\u00e4nds f\u00f6r beslut om framtida utveckling och int\u00e4ktsoptimering.<\/p>\n<p><strong data-start=\"1361\" data-end=\"1411\">Thermo-Calc Software \u2013 strategi f\u00f6r n\u00e4sta niv\u00e5<\/strong><br data-start=\"1411\" data-end=\"1414\" \/>Thermo-Calc \u00e4r v\u00e4rldsledande inom mjukvara f\u00f6r materialvetenskap. Tillsammans med dem har vi arbetat fram strategiska initiativ och en l\u00e5ngsiktig plan f\u00f6r tillv\u00e4xt och konkurrenskraft, med fokus p\u00e5 organisation, kompetensf\u00f6rs\u00f6rjning, produktutveckling samt f\u00f6rs\u00e4ljning och marknad. Arbetet har lett till en tydlig riktning mot 2030, nya nyckelroller i organisationen samt ett f\u00f6rst\u00e4rkt fokus p\u00e5 kompetens och kundn\u00e4ra utveckling.<\/p>\n<p>[\/et_pb_text][et_pb_text admin_label=&#8221;Header&#8221; module_class=&#8221;em-solutions-column-text-header&#8221; _builder_version=&#8221;4.27.4&#8243; _module_preset=&#8221;default&#8221; hover_enabled=&#8221;0&#8243; global_colors_info=&#8221;{}&#8221; sticky_enabled=&#8221;0&#8243;]<\/p>\n<h2 class=\"et_pb_module_heading et-fb-editable-element et-fb-editable-element__editing\" data-shortcode-id=\"1.1.0.0-1725546922762\" data-quickaccess-id=\"title\" contenteditable=\"true\">V\u00e5rt erbjudande<\/h2>\n<p>[\/et_pb_text][et_pb_text _builder_version=&#8221;4.27.4&#8243; _module_preset=&#8221;default&#8221; hover_enabled=&#8221;0&#8243; global_colors_info=&#8221;{}&#8221; sticky_enabled=&#8221;0&#8243;]<\/p>\n<p>Vi kombinerar <strong data-start=\"1884\" data-end=\"1919\">analys, erfarenhet och struktur<\/strong> f\u00f6r att hj\u00e4lpa v\u00e5ra kunder att:<\/p>\n<ul>\n<li data-start=\"1954\" data-end=\"2006\">\n<p data-start=\"1956\" data-end=\"2006\">Identifiera och utveckla h\u00e5llbara aff\u00e4rsmodeller<\/p>\n<\/li>\n<li data-start=\"2007\" data-end=\"2055\">\n<p data-start=\"2009\" data-end=\"2055\">Bygga effektiva organisationer och processer<\/p>\n<\/li>\n<li data-start=\"2056\" data-end=\"2100\">\n<p data-start=\"2058\" data-end=\"2100\">Optimera erbjudanden och int\u00e4ktsstr\u00f6mmar<\/p>\n<\/li>\n<li data-start=\"2101\" data-end=\"2144\">\n<p data-start=\"2103\" data-end=\"2144\">Skapa l\u00e5ngsiktiga strategiska initiativ<\/p>\n<\/li>\n<\/ul>\n<p>[\/et_pb_text][et_pb_button button_url=&#8221;\/contact\/&#8221; button_text=&#8221;H\u00f6r av dig&#8221; button_alignment=&#8221;right&#8221; module_class=&#8221;em-button&#8221; _builder_version=&#8221;4.27.4&#8243; _module_preset=&#8221;74c203bb-f696-45df-b3d5-54707c846cec&#8221; custom_margin=&#8221;0px|0px|0px|0px|false|false&#8221; custom_padding=&#8221;0.5rem|3.4rem|0.5rem|2rem|false|false&#8221; hover_enabled=&#8221;0&#8243; locked=&#8221;off&#8221; global_colors_info=&#8221;{}&#8221; sticky_enabled=&#8221;0&#8243;][\/et_pb_button][\/et_pb_column][et_pb_column type=&#8221;1_2&#8243; module_class=&#8221;em-solutions-column-img&#8221; _builder_version=&#8221;4.27.2&#8243; _module_preset=&#8221;default&#8221; global_colors_info=&#8221;{}&#8221;][et_pb_image src=&#8221;https:\/\/www.emvico.se\/wp-content\/uploads\/2025\/09\/strategic-consultant.jpg&#8221; alt=&#8221;Man drawing a flowchart on a window&#8221; title_text=&#8221;Strategic consultant&#8221; disabled_on=&#8221;on|off|off&#8221; _builder_version=&#8221;4.27.4&#8243; _module_preset=&#8221;default&#8221; max_width=&#8221;20rem&#8221; custom_margin=&#8221;||2rem||false|false&#8221; hover_enabled=&#8221;0&#8243; global_colors_info=&#8221;{}&#8221; sticky_enabled=&#8221;0&#8243;][\/et_pb_image][\/et_pb_column][\/et_pb_row][\/et_pb_section]<\/p>\n","protected":false},"excerpt":{"rendered":"<p>Vi besitter senior kompetens och erfarenhet fr\u00e5n m\u00e5nga verksamheter samt strategi och innovation inom IT-utveckling. Vi st\u00f6ttar ledningar med omorganisationer, nya strategiplaner eller nya IT-strategier.Att navigera i en snabbt f\u00f6r\u00e4nderlig digital v\u00e4rld kr\u00e4ver mer \u00e4n bara r\u00e4tt teknik \u2013 det kr\u00e4ver ocks\u00e5 r\u00e4tt strategi. P\u00e5 Emvico hj\u00e4lper vi v\u00e5ra kunder att analysera nul\u00e4get, identifiera m\u00f6jligheter [&hellip;]<\/p>\n","protected":false},"author":2,"featured_media":0,"parent":6814,"menu_order":0,"comment_status":"closed","ping_status":"closed","template":"","meta":{"_et_pb_use_builder":"on","_et_pb_old_content":"","_et_gb_content_width":"","inline_featured_image":false,"footnotes":""},"class_list":["post-6825","page","type-page","status-publish","hentry"],"yoast_head":"<!-- This site is optimized with the Yoast SEO plugin v27.3 - https:\/\/yoast.com\/product\/yoast-seo-wordpress\/ -->\n<title>Strategisk r\u00e5dgivning &amp; aff\u00e4rsutveckling f\u00f6r IT och ledning<\/title>\n<meta name=\"description\" content=\"Vi erbjuder senior kompetens inom aff\u00e4rsutveckling, strategi och IT. St\u00f6d i omorganisationer, nya planer och digital utveckling.\" \/>\n<meta name=\"robots\" content=\"index, follow, max-snippet:-1, max-image-preview:large, max-video-preview:-1\" \/>\n<link rel=\"canonical\" href=\"https:\/\/www.emvico.se\/en\/it-partner\/strategic_consulting\/\" \/>\n<meta property=\"og:locale\" content=\"en_US\" \/>\n<meta property=\"og:type\" content=\"article\" \/>\n<meta property=\"og:title\" content=\"Strategisk r\u00e5dgivning &amp; aff\u00e4rsutveckling f\u00f6r IT och ledning\" \/>\n<meta property=\"og:description\" content=\"Vi erbjuder senior kompetens inom aff\u00e4rsutveckling, strategi och IT. St\u00f6d i omorganisationer, nya planer och digital utveckling.\" \/>\n<meta property=\"og:url\" content=\"https:\/\/www.emvico.se\/en\/it-partner\/strategic_consulting\/\" \/>\n<meta property=\"article:modified_time\" content=\"2025-09-09T14:28:54+00:00\" \/>\n<meta property=\"og:image\" content=\"https:\/\/www.emvico.se\/wp-content\/uploads\/2025\/08\/open-graph-default-image.jpg\" \/>\n\t<meta property=\"og:image:width\" content=\"1200\" \/>\n\t<meta property=\"og:image:height\" content=\"675\" \/>\n\t<meta property=\"og:image:type\" content=\"image\/jpeg\" \/>\n<script type=\"application\/ld+json\" class=\"yoast-schema-graph\">{\"@context\":\"https:\\\/\\\/schema.org\",\"@graph\":[{\"@type\":\"WebPage\",\"@id\":\"https:\\\/\\\/www.emvico.se\\\/it-partner\\\/strategic_consulting\\\/\",\"url\":\"https:\\\/\\\/www.emvico.se\\\/it-partner\\\/strategic_consulting\\\/\",\"name\":\"Strategisk r\u00e5dgivning & aff\u00e4rsutveckling f\u00f6r IT och ledning\",\"isPartOf\":{\"@id\":\"https:\\\/\\\/www.emvico.se\\\/#website\"},\"datePublished\":\"2025-08-20T09:38:51+00:00\",\"dateModified\":\"2025-09-09T14:28:54+00:00\",\"description\":\"Vi erbjuder senior kompetens inom aff\u00e4rsutveckling, strategi och IT. St\u00f6d i omorganisationer, nya planer och digital utveckling.\",\"breadcrumb\":{\"@id\":\"https:\\\/\\\/www.emvico.se\\\/it-partner\\\/strategic_consulting\\\/#breadcrumb\"},\"inLanguage\":\"en-US\",\"potentialAction\":[{\"@type\":\"ReadAction\",\"target\":[\"https:\\\/\\\/www.emvico.se\\\/it-partner\\\/strategic_consulting\\\/\"]}]},{\"@type\":\"BreadcrumbList\",\"@id\":\"https:\\\/\\\/www.emvico.se\\\/it-partner\\\/strategic_consulting\\\/#breadcrumb\",\"itemListElement\":[{\"@type\":\"ListItem\",\"position\":1,\"name\":\"Home\",\"item\":\"https:\\\/\\\/www.emvico.se\\\/\"},{\"@type\":\"ListItem\",\"position\":2,\"name\":\"IT-partner\",\"item\":\"https:\\\/\\\/www.emvico.se\\\/it-partner\\\/\"},{\"@type\":\"ListItem\",\"position\":3,\"name\":\"Strategic consulting &#038; business development\"}]},{\"@type\":\"WebSite\",\"@id\":\"https:\\\/\\\/www.emvico.se\\\/#website\",\"url\":\"https:\\\/\\\/www.emvico.se\\\/\",\"name\":\"Emvico.se\",\"description\":\"When it is important\",\"publisher\":{\"@id\":\"https:\\\/\\\/www.emvico.se\\\/#organization\"},\"alternateName\":\"Emvico\",\"potentialAction\":[{\"@type\":\"SearchAction\",\"target\":{\"@type\":\"EntryPoint\",\"urlTemplate\":\"https:\\\/\\\/www.emvico.se\\\/?s={search_term_string}\"},\"query-input\":{\"@type\":\"PropertyValueSpecification\",\"valueRequired\":true,\"valueName\":\"search_term_string\"}}],\"inLanguage\":\"en-US\"},{\"@type\":\"Organization\",\"@id\":\"https:\\\/\\\/www.emvico.se\\\/#organization\",\"name\":\"Emvico AB\",\"alternateName\":\"Emvico\",\"url\":\"https:\\\/\\\/www.emvico.se\\\/\",\"logo\":{\"@type\":\"ImageObject\",\"inLanguage\":\"en-US\",\"@id\":\"https:\\\/\\\/www.emvico.se\\\/#\\\/schema\\\/logo\\\/image\\\/\",\"url\":\"https:\\\/\\\/www.emvico.se\\\/wp-content\\\/uploads\\\/2024\\\/05\\\/emvico_logo_black.svg\",\"contentUrl\":\"https:\\\/\\\/www.emvico.se\\\/wp-content\\\/uploads\\\/2024\\\/05\\\/emvico_logo_black.svg\",\"width\":200,\"height\":48,\"caption\":\"Emvico AB\"},\"image\":{\"@id\":\"https:\\\/\\\/www.emvico.se\\\/#\\\/schema\\\/logo\\\/image\\\/\"},\"sameAs\":[\"https:\\\/\\\/www.linkedin.com\\\/company\\\/emvico-ab\\\/\"]}]}<\/script>\n<!-- \/ Yoast SEO plugin. -->","yoast_head_json":{"title":"Strategisk r\u00e5dgivning & aff\u00e4rsutveckling f\u00f6r IT och ledning","description":"Vi erbjuder senior kompetens inom aff\u00e4rsutveckling, strategi och IT. St\u00f6d i omorganisationer, nya planer och digital utveckling.","robots":{"index":"index","follow":"follow","max-snippet":"max-snippet:-1","max-image-preview":"max-image-preview:large","max-video-preview":"max-video-preview:-1"},"canonical":"https:\/\/www.emvico.se\/en\/it-partner\/strategic_consulting\/","og_locale":"en_US","og_type":"article","og_title":"Strategisk r\u00e5dgivning & aff\u00e4rsutveckling f\u00f6r IT och ledning","og_description":"Vi erbjuder senior kompetens inom aff\u00e4rsutveckling, strategi och IT. St\u00f6d i omorganisationer, nya planer och digital utveckling.","og_url":"https:\/\/www.emvico.se\/en\/it-partner\/strategic_consulting\/","article_modified_time":"2025-09-09T14:28:54+00:00","og_image":[{"width":1200,"height":675,"url":"https:\/\/www.emvico.se\/wp-content\/uploads\/2025\/08\/open-graph-default-image.jpg","type":"image\/jpeg"}],"schema":{"@context":"https:\/\/schema.org","@graph":[{"@type":"WebPage","@id":"https:\/\/www.emvico.se\/it-partner\/strategic_consulting\/","url":"https:\/\/www.emvico.se\/it-partner\/strategic_consulting\/","name":"Strategisk r\u00e5dgivning & aff\u00e4rsutveckling f\u00f6r IT och ledning","isPartOf":{"@id":"https:\/\/www.emvico.se\/#website"},"datePublished":"2025-08-20T09:38:51+00:00","dateModified":"2025-09-09T14:28:54+00:00","description":"Vi erbjuder senior kompetens inom aff\u00e4rsutveckling, strategi och IT. St\u00f6d i omorganisationer, nya planer och digital utveckling.","breadcrumb":{"@id":"https:\/\/www.emvico.se\/it-partner\/strategic_consulting\/#breadcrumb"},"inLanguage":"en-US","potentialAction":[{"@type":"ReadAction","target":["https:\/\/www.emvico.se\/it-partner\/strategic_consulting\/"]}]},{"@type":"BreadcrumbList","@id":"https:\/\/www.emvico.se\/it-partner\/strategic_consulting\/#breadcrumb","itemListElement":[{"@type":"ListItem","position":1,"name":"Home","item":"https:\/\/www.emvico.se\/"},{"@type":"ListItem","position":2,"name":"IT-partner","item":"https:\/\/www.emvico.se\/it-partner\/"},{"@type":"ListItem","position":3,"name":"Strategic consulting &#038; business development"}]},{"@type":"WebSite","@id":"https:\/\/www.emvico.se\/#website","url":"https:\/\/www.emvico.se\/","name":"Emvico.se","description":"When it is important","publisher":{"@id":"https:\/\/www.emvico.se\/#organization"},"alternateName":"Emvico","potentialAction":[{"@type":"SearchAction","target":{"@type":"EntryPoint","urlTemplate":"https:\/\/www.emvico.se\/?s={search_term_string}"},"query-input":{"@type":"PropertyValueSpecification","valueRequired":true,"valueName":"search_term_string"}}],"inLanguage":"en-US"},{"@type":"Organization","@id":"https:\/\/www.emvico.se\/#organization","name":"Emvico AB","alternateName":"Emvico","url":"https:\/\/www.emvico.se\/","logo":{"@type":"ImageObject","inLanguage":"en-US","@id":"https:\/\/www.emvico.se\/#\/schema\/logo\/image\/","url":"https:\/\/www.emvico.se\/wp-content\/uploads\/2024\/05\/emvico_logo_black.svg","contentUrl":"https:\/\/www.emvico.se\/wp-content\/uploads\/2024\/05\/emvico_logo_black.svg","width":200,"height":48,"caption":"Emvico AB"},"image":{"@id":"https:\/\/www.emvico.se\/#\/schema\/logo\/image\/"},"sameAs":["https:\/\/www.linkedin.com\/company\/emvico-ab\/"]}]}},"_links":{"self":[{"href":"https:\/\/www.emvico.se\/en\/wp-json\/wp\/v2\/pages\/6825","targetHints":{"allow":["GET"]}}],"collection":[{"href":"https:\/\/www.emvico.se\/en\/wp-json\/wp\/v2\/pages"}],"about":[{"href":"https:\/\/www.emvico.se\/en\/wp-json\/wp\/v2\/types\/page"}],"author":[{"embeddable":true,"href":"https:\/\/www.emvico.se\/en\/wp-json\/wp\/v2\/users\/2"}],"replies":[{"embeddable":true,"href":"https:\/\/www.emvico.se\/en\/wp-json\/wp\/v2\/comments?post=6825"}],"version-history":[{"count":8,"href":"https:\/\/www.emvico.se\/en\/wp-json\/wp\/v2\/pages\/6825\/revisions"}],"predecessor-version":[{"id":6898,"href":"https:\/\/www.emvico.se\/en\/wp-json\/wp\/v2\/pages\/6825\/revisions\/6898"}],"up":[{"embeddable":true,"href":"https:\/\/www.emvico.se\/en\/wp-json\/wp\/v2\/pages\/6814"}],"wp:attachment":[{"href":"https:\/\/www.emvico.se\/en\/wp-json\/wp\/v2\/media?parent=6825"}],"curies":[{"name":"wp","href":"https:\/\/api.w.org\/{rel}","templated":true}]}}