{"id":6829,"date":"2025-08-20T10:12:34","date_gmt":"2025-08-20T09:12:34","guid":{"rendered":"https:\/\/www.emvico.se\/?page_id=6829"},"modified":"2025-08-22T09:19:43","modified_gmt":"2025-08-22T08:19:43","slug":"storytelling_content_development","status":"publish","type":"page","link":"https:\/\/www.emvico.se\/en\/it-partner\/storytelling_content_development\/","title":{"rendered":"Storytelling &#038; content development"},"content":{"rendered":"\n[et_pb_section fb_built=&#8221;1&#8243; admin_label=&#8221;Section&#8221; module_id=&#8221;em-solutions&#8221; module_class=&#8221;em-solutions-section&#8221; _builder_version=&#8221;4.27.2&#8243; _module_preset=&#8221;default&#8221; background_color=&#8221;#ffffff&#8221; custom_margin=&#8221;0px|0px|0px|0px|false|false&#8221; custom_padding=&#8221;0px|0px|0px|0px|false|false&#8221; global_colors_info=&#8221;{}&#8221;][et_pb_row admin_label=&#8221;Intro&#8221; module_class=&#8221;em-solutions-row-header&#8221; _builder_version=&#8221;4.27.4&#8243; _module_preset=&#8221;default&#8221; background_image=&#8221;https:\/\/www.emvico.se\/wp-content\/uploads\/2025\/08\/storytelling.jpg&#8221; custom_padding=&#8221;||||false|false&#8221; hover_enabled=&#8221;0&#8243; border_radii=&#8221;on|40px|40px|40px|40px&#8221; locked=&#8221;off&#8221; global_colors_info=&#8221;{}&#8221; alt=&#8221;Background image of a table with some design sketches&#8221; title_text=&#8221;Storytelling&#8221; sticky_enabled=&#8221;0&#8243;][et_pb_column type=&#8221;4_4&#8243; module_class=&#8221;em-solutions-column-header&#8221; _builder_version=&#8221;4.27.2&#8243; _module_preset=&#8221;default&#8221; custom_padding=&#8221;|400px||400px|false|true&#8221; custom_padding_tablet=&#8221;|4rem||4rem|false|true&#8221; custom_padding_phone=&#8221;|4rem||4rem|false|true&#8221; custom_padding_last_edited=&#8221;on|tablet&#8221; global_colors_info=&#8221;{}&#8221;][et_pb_heading title=&#8221;Storytelling &#038; inneh\u00e5llsutveckling&#8221; _builder_version=&#8221;4.27.4&#8243; _module_preset=&#8221;default&#8221; title_level=&#8221;h1&#8243; title_font=&#8221;|700|||||||&#8221; title_text_color=&#8221;#ffffff&#8221; title_font_size=&#8221;2.5rem&#8221; title_line_height=&#8221;3rem&#8221; hover_enabled=&#8221;0&#8243; global_colors_info=&#8221;{}&#8221; sticky_enabled=&#8221;0&#8243;][\/et_pb_heading][et_pb_text module_class=&#8221;em-fleethub-column-text&#8221; _builder_version=&#8221;4.27.4&#8243; _module_preset=&#8221;default&#8221; text_text_color=&#8221;#ffffff&#8221; text_font_size=&#8221;1.5rem&#8221; hover_enabled=&#8221;0&#8243; global_colors_info=&#8221;{}&#8221; sticky_enabled=&#8221;0&#8243;]<p>Vi har senior kompetens och erfarenhet av storytelling och inneh\u00e5llskreation och har m\u00f6jlighet att leverera kostnadseffektiva agila inneh\u00e5llsteam f\u00f6r dina viktiga kommunikationskanaler.<\/p>[\/et_pb_text][et_pb_button button_url=&#8221;\/contact\/&#8221; button_text=&#8221;Kontakta oss&#8221; button_alignment=&#8221;left&#8221; module_class=&#8221;em-button&#8221; _builder_version=&#8221;4.27.4&#8243; _module_preset=&#8221;74c203bb-f696-45df-b3d5-54707c846cec&#8221; custom_margin=&#8221;0px|0px|0px|0px|false|false&#8221; custom_padding=&#8221;0.5rem|3.4rem|0.5rem|2rem|false|false&#8221; hover_enabled=&#8221;0&#8243; locked=&#8221;off&#8221; global_colors_info=&#8221;{}&#8221; sticky_enabled=&#8221;0&#8243;][\/et_pb_button][\/et_pb_column][\/et_pb_row][et_pb_row column_structure=&#8221;1_2,1_2&#8243; admin_label=&#8221;Text&#8221; module_class=&#8221;em-solutions-section-text&#8221; _builder_version=&#8221;4.27.4&#8243; _module_preset=&#8221;default&#8221; background_color=&#8221;RGBA(255,255,255,0)&#8221; custom_margin=&#8221;6rem||||false|false&#8221; hover_enabled=&#8221;0&#8243; global_colors_info=&#8221;{}&#8221; disabled_on=&#8221;on|on|on&#8221; disabled=&#8221;on&#8221; sticky_enabled=&#8221;0&#8243;][et_pb_column type=&#8221;1_2&#8243; module_class=&#8221;em-solutions-column-text&#8221; _builder_version=&#8221;4.27.2&#8243; _module_preset=&#8221;default&#8221; custom_padding_tablet=&#8221;|2rem||2rem|false|false&#8221; custom_padding_phone=&#8221;|2rem||2rem|false|false&#8221; custom_padding_last_edited=&#8221;on|tablet&#8221; global_colors_info=&#8221;{}&#8221;][et_pb_text admin_label=&#8221;Header&#8221; module_class=&#8221;em-solutions-column-text-header&#8221; _builder_version=&#8221;4.27.2&#8243; _module_preset=&#8221;default&#8221; global_colors_info=&#8221;{}&#8221;]<h2 class=\"et_pb_module_heading et-fb-editable-element et-fb-editable-element__editing\" data-shortcode-id=\"1.1.0.0-1725546922762\" data-quickaccess-id=\"title\" contenteditable=\"true\">V\u00e5ra tj\u00e4nster inom 24\/7 driftsupport:<\/h2>[\/et_pb_text][et_pb_text _builder_version=&#8221;4.27.2&#8243; _module_preset=&#8221;default&#8221; global_colors_info=&#8221;{}&#8221;]<ul>\n<li><b>Applikationssupport<\/b><br \/>Vi kan st\u00f6tta ert team genom att analysera och hantera incidenter p\u00e5 applikationsniv\u00e5, n\u00e4r \u00e5terstartsscript och driftkompetens inte r\u00e4cker. Vi hanterar ofta system vi sj\u00e4lva utvecklat, men kan \u00e4ven ta \u00f6ver och hantera andra applikationer.<\/li>\n<li><b>Drift- och infrastruktursupport<\/b><br \/>Vi ser till att era servrar och tj\u00e4nster \u00f6vervakas och h\u00e5lls ig\u00e5ng dygnet runt. Vid kritiska incidenter agerar vi omedelbart f\u00f6r att minimera p\u00e5verkan.<\/li>\n<li><b>Managed Services<\/b><br \/>Vi tar ett helhetsansvar f\u00f6r b\u00e5de applikation och infrastruktur. Med v\u00e5r kompetens och erfarenhet hanterar vi hela ert system, s\u00e5 att ni kan fokusera p\u00e5 er k\u00e4rnverksamhet.<\/li>\n<\/ul>[\/et_pb_text][et_pb_text admin_label=&#8221;Header&#8221; module_class=&#8221;em-solutions-column-text-header&#8221; _builder_version=&#8221;4.27.2&#8243; _module_preset=&#8221;default&#8221; global_colors_info=&#8221;{}&#8221;]<h2 class=\"et_pb_module_heading et-fb-editable-element et-fb-editable-element__editing\" data-shortcode-id=\"1.1.0.0-1725546922762\" data-quickaccess-id=\"title\" contenteditable=\"true\">Tv\u00e5 s\u00e4tt att arbeta med oss:<\/h2>[\/et_pb_text][et_pb_text _builder_version=&#8221;4.27.2&#8243; _module_preset=&#8221;default&#8221; global_colors_info=&#8221;{}&#8221;]<ul>\n<li><b>Alltid P\u00e5<\/b><br \/>Vi \u00f6vervakar era system 24\/7 och hanterar incidenter omedelbart, \u00e5ret runt.<\/li>\n<li><b>Stand-By<\/b><br \/>Vi st\u00e5r i beredskap utanf\u00f6r kontorstid och agerar p\u00e5 incidenter inom \u00f6verenskommen tid, ned till 5 minuter vid behov.<\/li>\n<\/ul>[\/et_pb_text][et_pb_text _builder_version=&#8221;4.27.2&#8243; _module_preset=&#8221;default&#8221; global_colors_info=&#8221;{}&#8221;]<p>Med v\u00e5r breda erfarenhet inom \u201dmanaged services\u201d och en organisation som str\u00e4cker sig \u00f6ver Stockholm, Warszawa, Lviv och Budapest, kan vi anpassa v\u00e5r support f\u00f6r att m\u00f6ta just era behov. Oavsett komplexiteten p\u00e5 ert system, kan vi s\u00e4kerst\u00e4lla driften och skydda er verksamhet mot ov\u00e4ntade avbrott.<\/p>\n<p>Kontakta oss f\u00f6r att diskutera hur vi kan hj\u00e4lpa er att s\u00e4kra ert system utanf\u00f6r kontorstid.<\/p>[\/et_pb_text][et_pb_button button_url=&#8221;\/contact\/&#8221; button_text=&#8221;Kontakta oss&#8221; button_alignment=&#8221;right&#8221; module_class=&#8221;em-button&#8221; _builder_version=&#8221;4.27.0&#8243; _module_preset=&#8221;74c203bb-f696-45df-b3d5-54707c846cec&#8221; custom_margin=&#8221;0px|0px|0px|0px|false|false&#8221; custom_padding=&#8221;0.5rem|3.4rem|0.5rem|2rem|false|false&#8221; locked=&#8221;off&#8221; global_colors_info=&#8221;{}&#8221;][\/et_pb_button][\/et_pb_column][et_pb_column type=&#8221;1_2&#8243; module_class=&#8221;em-solutions-column-img&#8221; _builder_version=&#8221;4.27.2&#8243; _module_preset=&#8221;default&#8221; global_colors_info=&#8221;{}&#8221;][et_pb_image src=&#8221;https:\/\/www.emvico.se\/wp-content\/uploads\/2024\/11\/ISO-20000-1.svg&#8221; alt=&#8221;Screenshot of the fleethub platform&#8221; title_text=&#8221;ISO 20000-1 badge&#8221; disabled_on=&#8221;on|off|off&#8221; _builder_version=&#8221;4.27.2&#8243; _module_preset=&#8221;default&#8221; max_width=&#8221;20rem&#8221; custom_margin=&#8221;||2rem||false|false&#8221; global_colors_info=&#8221;{}&#8221;][\/et_pb_image][\/et_pb_column][\/et_pb_row][\/et_pb_section]\n","protected":false},"excerpt":{"rendered":"<p>Vi har senior kompetens och erfarenhet av storytelling och inneh\u00e5llskreation och har m\u00f6jlighet att leverera kostnadseffektiva agila inneh\u00e5llsteam f\u00f6r dina viktiga kommunikationskanaler.V\u00e5ra tj\u00e4nster inom 24\/7 driftsupport: ApplikationssupportVi kan st\u00f6tta ert team genom att analysera och hantera incidenter p\u00e5 applikationsniv\u00e5, n\u00e4r \u00e5terstartsscript och driftkompetens inte r\u00e4cker. Vi hanterar ofta system vi sj\u00e4lva utvecklat, men kan \u00e4ven [&hellip;]<\/p>\n","protected":false},"author":2,"featured_media":0,"parent":6814,"menu_order":0,"comment_status":"closed","ping_status":"closed","template":"","meta":{"_et_pb_use_builder":"on","_et_pb_old_content":"","_et_gb_content_width":"","inline_featured_image":false,"footnotes":""},"class_list":["post-6829","page","type-page","status-publish","hentry"],"yoast_head":"<!-- This site is optimized with the Yoast SEO plugin v27.3 - https:\/\/yoast.com\/product\/yoast-seo-wordpress\/ -->\n<title>Storytelling &amp; inneh\u00e5llsutveckling f\u00f6r starkare kommunikation<\/title>\n<meta name=\"description\" content=\"Vi skapar inneh\u00e5ll och storytelling som st\u00e4rker varum\u00e4rken. Agila team levererar kostnadseffektiva l\u00f6sningar f\u00f6r dina kanaler.\" \/>\n<meta name=\"robots\" content=\"index, follow, max-snippet:-1, max-image-preview:large, max-video-preview:-1\" \/>\n<link rel=\"canonical\" href=\"https:\/\/www.emvico.se\/en\/it-partner\/storytelling_content_development\/\" \/>\n<meta property=\"og:locale\" content=\"en_US\" \/>\n<meta property=\"og:type\" content=\"article\" \/>\n<meta property=\"og:title\" content=\"Storytelling &amp; inneh\u00e5llsutveckling f\u00f6r starkare kommunikation\" \/>\n<meta property=\"og:description\" content=\"Vi skapar inneh\u00e5ll och storytelling som st\u00e4rker varum\u00e4rken. Agila team levererar kostnadseffektiva l\u00f6sningar f\u00f6r dina kanaler.\" \/>\n<meta property=\"og:url\" content=\"https:\/\/www.emvico.se\/en\/it-partner\/storytelling_content_development\/\" \/>\n<meta property=\"article:modified_time\" content=\"2025-08-22T08:19:43+00:00\" \/>\n<meta property=\"og:image\" content=\"https:\/\/www.emvico.se\/wp-content\/uploads\/2025\/08\/open-graph-default-image.jpg\" \/>\n\t<meta property=\"og:image:width\" content=\"1200\" \/>\n\t<meta property=\"og:image:height\" content=\"675\" \/>\n\t<meta property=\"og:image:type\" content=\"image\/jpeg\" \/>\n<script type=\"application\/ld+json\" class=\"yoast-schema-graph\">{\"@context\":\"https:\\\/\\\/schema.org\",\"@graph\":[{\"@type\":\"WebPage\",\"@id\":\"https:\\\/\\\/www.emvico.se\\\/it-partner\\\/storytelling_content_development\\\/\",\"url\":\"https:\\\/\\\/www.emvico.se\\\/it-partner\\\/storytelling_content_development\\\/\",\"name\":\"Storytelling & inneh\u00e5llsutveckling f\u00f6r starkare kommunikation\",\"isPartOf\":{\"@id\":\"https:\\\/\\\/www.emvico.se\\\/#website\"},\"datePublished\":\"2025-08-20T09:12:34+00:00\",\"dateModified\":\"2025-08-22T08:19:43+00:00\",\"description\":\"Vi skapar inneh\u00e5ll och storytelling som st\u00e4rker varum\u00e4rken. Agila team levererar kostnadseffektiva l\u00f6sningar f\u00f6r dina kanaler.\",\"breadcrumb\":{\"@id\":\"https:\\\/\\\/www.emvico.se\\\/it-partner\\\/storytelling_content_development\\\/#breadcrumb\"},\"inLanguage\":\"en-US\",\"potentialAction\":[{\"@type\":\"ReadAction\",\"target\":[\"https:\\\/\\\/www.emvico.se\\\/it-partner\\\/storytelling_content_development\\\/\"]}]},{\"@type\":\"BreadcrumbList\",\"@id\":\"https:\\\/\\\/www.emvico.se\\\/it-partner\\\/storytelling_content_development\\\/#breadcrumb\",\"itemListElement\":[{\"@type\":\"ListItem\",\"position\":1,\"name\":\"Home\",\"item\":\"https:\\\/\\\/www.emvico.se\\\/\"},{\"@type\":\"ListItem\",\"position\":2,\"name\":\"IT-partner\",\"item\":\"https:\\\/\\\/www.emvico.se\\\/it-partner\\\/\"},{\"@type\":\"ListItem\",\"position\":3,\"name\":\"Storytelling &#038; content development\"}]},{\"@type\":\"WebSite\",\"@id\":\"https:\\\/\\\/www.emvico.se\\\/#website\",\"url\":\"https:\\\/\\\/www.emvico.se\\\/\",\"name\":\"Emvico.se\",\"description\":\"When it is important\",\"publisher\":{\"@id\":\"https:\\\/\\\/www.emvico.se\\\/#organization\"},\"alternateName\":\"Emvico\",\"potentialAction\":[{\"@type\":\"SearchAction\",\"target\":{\"@type\":\"EntryPoint\",\"urlTemplate\":\"https:\\\/\\\/www.emvico.se\\\/?s={search_term_string}\"},\"query-input\":{\"@type\":\"PropertyValueSpecification\",\"valueRequired\":true,\"valueName\":\"search_term_string\"}}],\"inLanguage\":\"en-US\"},{\"@type\":\"Organization\",\"@id\":\"https:\\\/\\\/www.emvico.se\\\/#organization\",\"name\":\"Emvico AB\",\"alternateName\":\"Emvico\",\"url\":\"https:\\\/\\\/www.emvico.se\\\/\",\"logo\":{\"@type\":\"ImageObject\",\"inLanguage\":\"en-US\",\"@id\":\"https:\\\/\\\/www.emvico.se\\\/#\\\/schema\\\/logo\\\/image\\\/\",\"url\":\"https:\\\/\\\/www.emvico.se\\\/wp-content\\\/uploads\\\/2024\\\/05\\\/emvico_logo_black.svg\",\"contentUrl\":\"https:\\\/\\\/www.emvico.se\\\/wp-content\\\/uploads\\\/2024\\\/05\\\/emvico_logo_black.svg\",\"width\":200,\"height\":48,\"caption\":\"Emvico AB\"},\"image\":{\"@id\":\"https:\\\/\\\/www.emvico.se\\\/#\\\/schema\\\/logo\\\/image\\\/\"},\"sameAs\":[\"https:\\\/\\\/www.linkedin.com\\\/company\\\/emvico-ab\\\/\"]}]}<\/script>\n<!-- \/ Yoast SEO plugin. -->","yoast_head_json":{"title":"Storytelling & inneh\u00e5llsutveckling f\u00f6r starkare kommunikation","description":"Vi skapar inneh\u00e5ll och storytelling som st\u00e4rker varum\u00e4rken. Agila team levererar kostnadseffektiva l\u00f6sningar f\u00f6r dina kanaler.","robots":{"index":"index","follow":"follow","max-snippet":"max-snippet:-1","max-image-preview":"max-image-preview:large","max-video-preview":"max-video-preview:-1"},"canonical":"https:\/\/www.emvico.se\/en\/it-partner\/storytelling_content_development\/","og_locale":"en_US","og_type":"article","og_title":"Storytelling & inneh\u00e5llsutveckling f\u00f6r starkare kommunikation","og_description":"Vi skapar inneh\u00e5ll och storytelling som st\u00e4rker varum\u00e4rken. Agila team levererar kostnadseffektiva l\u00f6sningar f\u00f6r dina kanaler.","og_url":"https:\/\/www.emvico.se\/en\/it-partner\/storytelling_content_development\/","article_modified_time":"2025-08-22T08:19:43+00:00","og_image":[{"width":1200,"height":675,"url":"https:\/\/www.emvico.se\/wp-content\/uploads\/2025\/08\/open-graph-default-image.jpg","type":"image\/jpeg"}],"schema":{"@context":"https:\/\/schema.org","@graph":[{"@type":"WebPage","@id":"https:\/\/www.emvico.se\/it-partner\/storytelling_content_development\/","url":"https:\/\/www.emvico.se\/it-partner\/storytelling_content_development\/","name":"Storytelling & inneh\u00e5llsutveckling f\u00f6r starkare kommunikation","isPartOf":{"@id":"https:\/\/www.emvico.se\/#website"},"datePublished":"2025-08-20T09:12:34+00:00","dateModified":"2025-08-22T08:19:43+00:00","description":"Vi skapar inneh\u00e5ll och storytelling som st\u00e4rker varum\u00e4rken. Agila team levererar kostnadseffektiva l\u00f6sningar f\u00f6r dina kanaler.","breadcrumb":{"@id":"https:\/\/www.emvico.se\/it-partner\/storytelling_content_development\/#breadcrumb"},"inLanguage":"en-US","potentialAction":[{"@type":"ReadAction","target":["https:\/\/www.emvico.se\/it-partner\/storytelling_content_development\/"]}]},{"@type":"BreadcrumbList","@id":"https:\/\/www.emvico.se\/it-partner\/storytelling_content_development\/#breadcrumb","itemListElement":[{"@type":"ListItem","position":1,"name":"Home","item":"https:\/\/www.emvico.se\/"},{"@type":"ListItem","position":2,"name":"IT-partner","item":"https:\/\/www.emvico.se\/it-partner\/"},{"@type":"ListItem","position":3,"name":"Storytelling &#038; content development"}]},{"@type":"WebSite","@id":"https:\/\/www.emvico.se\/#website","url":"https:\/\/www.emvico.se\/","name":"Emvico.se","description":"When it is important","publisher":{"@id":"https:\/\/www.emvico.se\/#organization"},"alternateName":"Emvico","potentialAction":[{"@type":"SearchAction","target":{"@type":"EntryPoint","urlTemplate":"https:\/\/www.emvico.se\/?s={search_term_string}"},"query-input":{"@type":"PropertyValueSpecification","valueRequired":true,"valueName":"search_term_string"}}],"inLanguage":"en-US"},{"@type":"Organization","@id":"https:\/\/www.emvico.se\/#organization","name":"Emvico AB","alternateName":"Emvico","url":"https:\/\/www.emvico.se\/","logo":{"@type":"ImageObject","inLanguage":"en-US","@id":"https:\/\/www.emvico.se\/#\/schema\/logo\/image\/","url":"https:\/\/www.emvico.se\/wp-content\/uploads\/2024\/05\/emvico_logo_black.svg","contentUrl":"https:\/\/www.emvico.se\/wp-content\/uploads\/2024\/05\/emvico_logo_black.svg","width":200,"height":48,"caption":"Emvico AB"},"image":{"@id":"https:\/\/www.emvico.se\/#\/schema\/logo\/image\/"},"sameAs":["https:\/\/www.linkedin.com\/company\/emvico-ab\/"]}]}},"_links":{"self":[{"href":"https:\/\/www.emvico.se\/en\/wp-json\/wp\/v2\/pages\/6829","targetHints":{"allow":["GET"]}}],"collection":[{"href":"https:\/\/www.emvico.se\/en\/wp-json\/wp\/v2\/pages"}],"about":[{"href":"https:\/\/www.emvico.se\/en\/wp-json\/wp\/v2\/types\/page"}],"author":[{"embeddable":true,"href":"https:\/\/www.emvico.se\/en\/wp-json\/wp\/v2\/users\/2"}],"replies":[{"embeddable":true,"href":"https:\/\/www.emvico.se\/en\/wp-json\/wp\/v2\/comments?post=6829"}],"version-history":[{"count":7,"href":"https:\/\/www.emvico.se\/en\/wp-json\/wp\/v2\/pages\/6829\/revisions"}],"predecessor-version":[{"id":6875,"href":"https:\/\/www.emvico.se\/en\/wp-json\/wp\/v2\/pages\/6829\/revisions\/6875"}],"up":[{"embeddable":true,"href":"https:\/\/www.emvico.se\/en\/wp-json\/wp\/v2\/pages\/6814"}],"wp:attachment":[{"href":"https:\/\/www.emvico.se\/en\/wp-json\/wp\/v2\/media?parent=6829"}],"curies":[{"name":"wp","href":"https:\/\/api.w.org\/{rel}","templated":true}]}}