{"id":6921,"date":"2025-10-22T09:13:44","date_gmt":"2025-10-22T08:13:44","guid":{"rendered":"https:\/\/www.emvico.se\/?page_id=6921"},"modified":"2025-10-22T09:13:44","modified_gmt":"2025-10-22T08:13:44","slug":"optimize-development","status":"publish","type":"page","link":"https:\/\/www.emvico.se\/en\/it-partner\/optimize-development\/","title":{"rendered":"Optimize development"},"content":{"rendered":"\n[et_pb_section fb_built=&#8221;1&#8243; admin_label=&#8221;Section&#8221; module_id=&#8221;em-solutions&#8221; module_class=&#8221;em-solutions-section&#8221; _builder_version=&#8221;4.27.2&#8243; _module_preset=&#8221;default&#8221; background_color=&#8221;#ffffff&#8221; custom_margin=&#8221;0px|0px|0px|0px|false|false&#8221; custom_padding=&#8221;0px|0px|0px|0px|false|false&#8221; global_colors_info=&#8221;{}&#8221; theme_builder_area=&#8221;post_content&#8221;][et_pb_row admin_label=&#8221;Intro&#8221; module_class=&#8221;em-solutions-row-header&#8221; _builder_version=&#8221;4.27.4&#8243; _module_preset=&#8221;default&#8221; background_image=&#8221;https:\/\/www.emvico.se\/wp-content\/uploads\/2025\/10\/optimize-development.jpg&#8221; custom_padding=&#8221;||||false|false&#8221; hover_enabled=&#8221;0&#8243; border_radii=&#8221;on|40px|40px|40px|40px&#8221; locked=&#8221;off&#8221; global_colors_info=&#8221;{}&#8221; theme_builder_area=&#8221;post_content&#8221; alt=&#8221;Abstract image of code floating into a cloud. Purple and blue colors&#8221; title_text=&#8221;Optimize development&#8221; sticky_enabled=&#8221;0&#8243;][et_pb_column type=&#8221;4_4&#8243; module_class=&#8221;em-solutions-column-header&#8221; _builder_version=&#8221;4.27.2&#8243; _module_preset=&#8221;default&#8221; custom_padding=&#8221;|400px||400px|false|true&#8221; custom_padding_tablet=&#8221;|4rem||4rem|false|true&#8221; custom_padding_phone=&#8221;|4rem||4rem|false|true&#8221; custom_padding_last_edited=&#8221;on|tablet&#8221; global_colors_info=&#8221;{}&#8221; theme_builder_area=&#8221;post_content&#8221;][et_pb_heading title=&#8221;Optimera er mjukvaruutveckling&#8221; _builder_version=&#8221;4.27.2&#8243; _module_preset=&#8221;default&#8221; title_level=&#8221;h1&#8243; title_font=&#8221;|700|||||||&#8221; title_text_color=&#8221;#ffffff&#8221; title_font_size=&#8221;2.5rem&#8221; title_line_height=&#8221;3rem&#8221; global_colors_info=&#8221;{}&#8221; theme_builder_area=&#8221;post_content&#8221;][\/et_pb_heading][et_pb_text module_class=&#8221;em-fleethub-column-text&#8221; _builder_version=&#8221;4.27.4&#8243; _module_preset=&#8221;default&#8221; text_text_color=&#8221;#ffffff&#8221; text_font_size=&#8221;1.5rem&#8221; hover_enabled=&#8221;0&#8243; global_colors_info=&#8221;{}&#8221; theme_builder_area=&#8221;post_content&#8221; sticky_enabled=&#8221;0&#8243;]<p><span>Vi hj\u00e4lper organisationer med egen produkt- eller mjukvaruutveckling att skapa en mer effektiv, h\u00e5llbar och samarbetsdriven utvecklingsprocess, inte minst drivet av f\u00f6rflyttning fr\u00e5n gammal\/on premise till ny utveckling\/moln.<br \/><br \/><\/span><span>Med erfarenhet fr\u00e5n roller som\u00a0<\/span><b data-stringify-type=\"bold\">chefsarkitekt och lead developer p\u00e5 ett av Sveriges st\u00f6rsta IT-konsultbolag<\/b><span>, och med insyn i\u00a0<\/span><b data-stringify-type=\"bold\">m\u00e5nga olika organisationers s\u00e4tt att arbeta med IT-utveckling<\/b><span>, vet vi att varje milj\u00f6 \u00e4r unik \u2013 med sina m\u00e5l, sin historia och sina f\u00f6ruts\u00e4ttningar.<\/span><span><\/span><\/p>[\/et_pb_text][et_pb_button button_url=&#8221;\/contact\/&#8221; button_text=&#8221;L\u00e5t oss hj\u00e4lpa er&#8221; button_alignment=&#8221;left&#8221; module_class=&#8221;em-button&#8221; _builder_version=&#8221;4.27.4&#8243; _module_preset=&#8221;74c203bb-f696-45df-b3d5-54707c846cec&#8221; custom_margin=&#8221;0px|0px|0px|0px|false|false&#8221; custom_padding=&#8221;0.5rem|3.4rem|0.5rem|2rem|false|false&#8221; hover_enabled=&#8221;0&#8243; locked=&#8221;off&#8221; global_colors_info=&#8221;{}&#8221; theme_builder_area=&#8221;post_content&#8221; sticky_enabled=&#8221;0&#8243;][\/et_pb_button][\/et_pb_column][\/et_pb_row][et_pb_row column_structure=&#8221;1_2,1_2&#8243; admin_label=&#8221;Text&#8221; module_class=&#8221;em-solutions-section-text&#8221; _builder_version=&#8221;4.27.2&#8243; _module_preset=&#8221;default&#8221; background_color=&#8221;RGBA(255,255,255,0)&#8221; custom_margin=&#8221;6rem||||false|false&#8221; global_colors_info=&#8221;{}&#8221; theme_builder_area=&#8221;post_content&#8221;][et_pb_column type=&#8221;1_2&#8243; module_class=&#8221;em-solutions-column-text&#8221; _builder_version=&#8221;4.27.2&#8243; _module_preset=&#8221;default&#8221; custom_padding_tablet=&#8221;|2rem||2rem|false|false&#8221; custom_padding_phone=&#8221;|2rem||2rem|false|false&#8221; custom_padding_last_edited=&#8221;on|tablet&#8221; global_colors_info=&#8221;{}&#8221; theme_builder_area=&#8221;post_content&#8221;][et_pb_text _builder_version=&#8221;4.27.4&#8243; _module_preset=&#8221;default&#8221; hover_enabled=&#8221;0&#8243; global_colors_info=&#8221;{}&#8221; theme_builder_area=&#8221;post_content&#8221; sticky_enabled=&#8221;0&#8243;]<p><span>V\u00e5r styrka ligger i att\u00a0<\/span><b data-stringify-type=\"bold\">f\u00f6rst\u00e5 komplexiteten<\/b><span>\u00a0i era befintliga strukturer och processer, och med respekt f\u00f6r dessa bidra till att\u00a0<\/span><b data-stringify-type=\"bold\">staka ut en pragmatisk men l\u00e5ngsiktigt h\u00e5llbar v\u00e4g fram\u00e5t<\/b><span>\u00a0\u2013 mot en organisation, process och kultur som st\u00f6djer verklig framdrift i en f\u00f6ruts\u00e4ttning d\u00e4r molnmilj\u00f6er och molndrift r\u00e5der.<br \/><\/span><br aria-hidden=\"true\" \/><span>Vi arbetar\u00a0<\/span><b data-stringify-type=\"bold\">inne i er organisation<\/b><span>, tillsammans med era team och nyckelpersoner. Det \u00e4r d\u00e4r f\u00f6r\u00e4ndring och f\u00f6rb\u00e4ttring sker p\u00e5 riktigt \u2013 i vardagen, i dialogen och i samarbetet. <\/span><span>\u00a0Tillsammans skapar vi en gemensam och positiv process mot\u00a0<\/span><b data-stringify-type=\"bold\">b\u00e4ttre struktur, tydligare ansvar, h\u00f6gre kvalitet och snabbare utveckling<\/b><span>.<\/span><\/p>[\/et_pb_text][et_pb_text admin_label=&#8221;Header&#8221; module_class=&#8221;em-solutions-column-text-header&#8221; _builder_version=&#8221;4.27.4&#8243; _module_preset=&#8221;default&#8221; hover_enabled=&#8221;0&#8243; global_colors_info=&#8221;{}&#8221; theme_builder_area=&#8221;post_content&#8221; sticky_enabled=&#8221;0&#8243;]<h2 class=\"et_pb_module_heading et-fb-editable-element et-fb-editable-element__editing\" data-shortcode-id=\"1.1.0.0-1725546922762\" data-quickaccess-id=\"title\" contenteditable=\"true\">Exempel p\u00e5 vad vi kan bidra med:<\/h2>[\/et_pb_text][et_pb_text _builder_version=&#8221;4.27.4&#8243; _module_preset=&#8221;default&#8221; hover_enabled=&#8221;0&#8243; global_colors_info=&#8221;{}&#8221; theme_builder_area=&#8221;post_content&#8221; sticky_enabled=&#8221;0&#8243;]<ul>\n<li data-stringify-indent=\"0\" data-stringify-border=\"0\">Analys av utvecklingsorganisation och roller<\/li>\n<li data-stringify-indent=\"0\" data-stringify-border=\"0\">F\u00f6rb\u00e4ttring av arkitektur- och utvecklingsprocesser<\/li>\n<li data-stringify-indent=\"0\" data-stringify-border=\"0\">Modernisering av tekniska plattformar<\/li>\n<li data-stringify-indent=\"0\" data-stringify-border=\"0\">Coachning av team och ledning i teknik- och kulturfr\u00e5gor<\/li>\n<li data-stringify-indent=\"0\" data-stringify-border=\"0\">Praktiskt f\u00f6r\u00e4ndringsarbete \u2013 med er, p\u00e5 plats<\/li>\n<\/ul>[\/et_pb_text][et_pb_button button_url=&#8221;\/contact\/&#8221; button_text=&#8221;Kontakta oss&#8221; button_alignment=&#8221;right&#8221; module_class=&#8221;em-button&#8221; _builder_version=&#8221;4.27.0&#8243; _module_preset=&#8221;74c203bb-f696-45df-b3d5-54707c846cec&#8221; custom_margin=&#8221;0px|0px|0px|0px|false|false&#8221; custom_padding=&#8221;0.5rem|3.4rem|0.5rem|2rem|false|false&#8221; locked=&#8221;off&#8221; global_colors_info=&#8221;{}&#8221; theme_builder_area=&#8221;post_content&#8221;][\/et_pb_button][\/et_pb_column][et_pb_column type=&#8221;1_2&#8243; module_class=&#8221;em-solutions-column-img&#8221; _builder_version=&#8221;4.27.2&#8243; _module_preset=&#8221;default&#8221; global_colors_info=&#8221;{}&#8221; theme_builder_area=&#8221;post_content&#8221;][et_pb_image src=&#8221;https:\/\/www.emvico.se\/wp-content\/uploads\/2025\/10\/code.jpg&#8221; alt=&#8221;An image of computer code floating in black&#8221; title_text=&#8221;Computer code&#8221; disabled_on=&#8221;on|off|off&#8221; _builder_version=&#8221;4.27.4&#8243; _module_preset=&#8221;default&#8221; max_width=&#8221;20rem&#8221; custom_margin=&#8221;||2rem||false|false&#8221; hover_enabled=&#8221;0&#8243; global_colors_info=&#8221;{}&#8221; theme_builder_area=&#8221;post_content&#8221; sticky_enabled=&#8221;0&#8243;][\/et_pb_image][\/et_pb_column][\/et_pb_row][\/et_pb_section]\n","protected":false},"excerpt":{"rendered":"<p>Vi hj\u00e4lper organisationer med egen produkt- eller mjukvaruutveckling att skapa en mer effektiv, h\u00e5llbar och samarbetsdriven utvecklingsprocess, inte minst drivet av f\u00f6rflyttning fr\u00e5n gammal\/on premise till ny utveckling\/moln.Med erfarenhet fr\u00e5n roller som\u00a0chefsarkitekt och lead developer p\u00e5 ett av Sveriges st\u00f6rsta IT-konsultbolag, och med insyn i\u00a0m\u00e5nga olika organisationers s\u00e4tt att arbeta med IT-utveckling, vet vi att [&hellip;]<\/p>\n","protected":false},"author":2,"featured_media":0,"parent":6814,"menu_order":0,"comment_status":"closed","ping_status":"closed","template":"","meta":{"_et_pb_use_builder":"on","_et_pb_old_content":"","_et_gb_content_width":"","inline_featured_image":false,"footnotes":""},"class_list":["post-6921","page","type-page","status-publish","hentry"],"yoast_head":"<!-- This site is optimized with the Yoast SEO plugin v27.3 - https:\/\/yoast.com\/product\/yoast-seo-wordpress\/ -->\n<title>Optimera mjukvaruutveckling med erfarna experter<\/title>\n<meta name=\"description\" content=\"Vi hj\u00e4lper er att effektivisera och modernisera mjukvaruutvecklingen \u2013 fr\u00e5n arkitektur till team och processer.\" \/>\n<meta name=\"robots\" content=\"index, follow, max-snippet:-1, max-image-preview:large, max-video-preview:-1\" \/>\n<link rel=\"canonical\" href=\"https:\/\/www.emvico.se\/en\/it-partner\/optimize-development\/\" \/>\n<meta property=\"og:locale\" content=\"en_US\" \/>\n<meta property=\"og:type\" content=\"article\" \/>\n<meta property=\"og:title\" content=\"Optimera mjukvaruutveckling med erfarna experter\" \/>\n<meta property=\"og:description\" content=\"Vi hj\u00e4lper er att effektivisera och modernisera mjukvaruutvecklingen \u2013 fr\u00e5n arkitektur till team och processer.\" \/>\n<meta property=\"og:url\" content=\"https:\/\/www.emvico.se\/en\/it-partner\/optimize-development\/\" \/>\n<meta property=\"og:image\" content=\"https:\/\/www.emvico.se\/wp-content\/uploads\/2025\/08\/open-graph-default-image.jpg\" \/>\n\t<meta property=\"og:image:width\" content=\"1200\" \/>\n\t<meta property=\"og:image:height\" content=\"675\" \/>\n\t<meta property=\"og:image:type\" content=\"image\/jpeg\" \/>\n<script type=\"application\/ld+json\" class=\"yoast-schema-graph\">{\"@context\":\"https:\\\/\\\/schema.org\",\"@graph\":[{\"@type\":\"WebPage\",\"@id\":\"https:\\\/\\\/www.emvico.se\\\/it-partner\\\/optimize-development\\\/\",\"url\":\"https:\\\/\\\/www.emvico.se\\\/it-partner\\\/optimize-development\\\/\",\"name\":\"Optimera mjukvaruutveckling med erfarna experter\",\"isPartOf\":{\"@id\":\"https:\\\/\\\/www.emvico.se\\\/#website\"},\"datePublished\":\"2025-10-22T08:13:44+00:00\",\"description\":\"Vi hj\u00e4lper er att effektivisera och modernisera mjukvaruutvecklingen \u2013 fr\u00e5n arkitektur till team och processer.\",\"breadcrumb\":{\"@id\":\"https:\\\/\\\/www.emvico.se\\\/it-partner\\\/optimize-development\\\/#breadcrumb\"},\"inLanguage\":\"en-US\",\"potentialAction\":[{\"@type\":\"ReadAction\",\"target\":[\"https:\\\/\\\/www.emvico.se\\\/it-partner\\\/optimize-development\\\/\"]}]},{\"@type\":\"BreadcrumbList\",\"@id\":\"https:\\\/\\\/www.emvico.se\\\/it-partner\\\/optimize-development\\\/#breadcrumb\",\"itemListElement\":[{\"@type\":\"ListItem\",\"position\":1,\"name\":\"Home\",\"item\":\"https:\\\/\\\/www.emvico.se\\\/\"},{\"@type\":\"ListItem\",\"position\":2,\"name\":\"IT-partner\",\"item\":\"https:\\\/\\\/www.emvico.se\\\/it-partner\\\/\"},{\"@type\":\"ListItem\",\"position\":3,\"name\":\"Optimize development\"}]},{\"@type\":\"WebSite\",\"@id\":\"https:\\\/\\\/www.emvico.se\\\/#website\",\"url\":\"https:\\\/\\\/www.emvico.se\\\/\",\"name\":\"Emvico.se\",\"description\":\"When it is important\",\"publisher\":{\"@id\":\"https:\\\/\\\/www.emvico.se\\\/#organization\"},\"alternateName\":\"Emvico\",\"potentialAction\":[{\"@type\":\"SearchAction\",\"target\":{\"@type\":\"EntryPoint\",\"urlTemplate\":\"https:\\\/\\\/www.emvico.se\\\/?s={search_term_string}\"},\"query-input\":{\"@type\":\"PropertyValueSpecification\",\"valueRequired\":true,\"valueName\":\"search_term_string\"}}],\"inLanguage\":\"en-US\"},{\"@type\":\"Organization\",\"@id\":\"https:\\\/\\\/www.emvico.se\\\/#organization\",\"name\":\"Emvico AB\",\"alternateName\":\"Emvico\",\"url\":\"https:\\\/\\\/www.emvico.se\\\/\",\"logo\":{\"@type\":\"ImageObject\",\"inLanguage\":\"en-US\",\"@id\":\"https:\\\/\\\/www.emvico.se\\\/#\\\/schema\\\/logo\\\/image\\\/\",\"url\":\"https:\\\/\\\/www.emvico.se\\\/wp-content\\\/uploads\\\/2024\\\/05\\\/emvico_logo_black.svg\",\"contentUrl\":\"https:\\\/\\\/www.emvico.se\\\/wp-content\\\/uploads\\\/2024\\\/05\\\/emvico_logo_black.svg\",\"width\":200,\"height\":48,\"caption\":\"Emvico AB\"},\"image\":{\"@id\":\"https:\\\/\\\/www.emvico.se\\\/#\\\/schema\\\/logo\\\/image\\\/\"},\"sameAs\":[\"https:\\\/\\\/www.linkedin.com\\\/company\\\/emvico-ab\\\/\"]}]}<\/script>\n<!-- \/ Yoast SEO plugin. -->","yoast_head_json":{"title":"Optimera mjukvaruutveckling med erfarna experter","description":"Vi hj\u00e4lper er att effektivisera och modernisera mjukvaruutvecklingen \u2013 fr\u00e5n arkitektur till team och processer.","robots":{"index":"index","follow":"follow","max-snippet":"max-snippet:-1","max-image-preview":"max-image-preview:large","max-video-preview":"max-video-preview:-1"},"canonical":"https:\/\/www.emvico.se\/en\/it-partner\/optimize-development\/","og_locale":"en_US","og_type":"article","og_title":"Optimera mjukvaruutveckling med erfarna experter","og_description":"Vi hj\u00e4lper er att effektivisera och modernisera mjukvaruutvecklingen \u2013 fr\u00e5n arkitektur till team och processer.","og_url":"https:\/\/www.emvico.se\/en\/it-partner\/optimize-development\/","og_image":[{"width":1200,"height":675,"url":"https:\/\/www.emvico.se\/wp-content\/uploads\/2025\/08\/open-graph-default-image.jpg","type":"image\/jpeg"}],"schema":{"@context":"https:\/\/schema.org","@graph":[{"@type":"WebPage","@id":"https:\/\/www.emvico.se\/it-partner\/optimize-development\/","url":"https:\/\/www.emvico.se\/it-partner\/optimize-development\/","name":"Optimera mjukvaruutveckling med erfarna experter","isPartOf":{"@id":"https:\/\/www.emvico.se\/#website"},"datePublished":"2025-10-22T08:13:44+00:00","description":"Vi hj\u00e4lper er att effektivisera och modernisera mjukvaruutvecklingen \u2013 fr\u00e5n arkitektur till team och processer.","breadcrumb":{"@id":"https:\/\/www.emvico.se\/it-partner\/optimize-development\/#breadcrumb"},"inLanguage":"en-US","potentialAction":[{"@type":"ReadAction","target":["https:\/\/www.emvico.se\/it-partner\/optimize-development\/"]}]},{"@type":"BreadcrumbList","@id":"https:\/\/www.emvico.se\/it-partner\/optimize-development\/#breadcrumb","itemListElement":[{"@type":"ListItem","position":1,"name":"Home","item":"https:\/\/www.emvico.se\/"},{"@type":"ListItem","position":2,"name":"IT-partner","item":"https:\/\/www.emvico.se\/it-partner\/"},{"@type":"ListItem","position":3,"name":"Optimize development"}]},{"@type":"WebSite","@id":"https:\/\/www.emvico.se\/#website","url":"https:\/\/www.emvico.se\/","name":"Emvico.se","description":"When it is important","publisher":{"@id":"https:\/\/www.emvico.se\/#organization"},"alternateName":"Emvico","potentialAction":[{"@type":"SearchAction","target":{"@type":"EntryPoint","urlTemplate":"https:\/\/www.emvico.se\/?s={search_term_string}"},"query-input":{"@type":"PropertyValueSpecification","valueRequired":true,"valueName":"search_term_string"}}],"inLanguage":"en-US"},{"@type":"Organization","@id":"https:\/\/www.emvico.se\/#organization","name":"Emvico AB","alternateName":"Emvico","url":"https:\/\/www.emvico.se\/","logo":{"@type":"ImageObject","inLanguage":"en-US","@id":"https:\/\/www.emvico.se\/#\/schema\/logo\/image\/","url":"https:\/\/www.emvico.se\/wp-content\/uploads\/2024\/05\/emvico_logo_black.svg","contentUrl":"https:\/\/www.emvico.se\/wp-content\/uploads\/2024\/05\/emvico_logo_black.svg","width":200,"height":48,"caption":"Emvico AB"},"image":{"@id":"https:\/\/www.emvico.se\/#\/schema\/logo\/image\/"},"sameAs":["https:\/\/www.linkedin.com\/company\/emvico-ab\/"]}]}},"_links":{"self":[{"href":"https:\/\/www.emvico.se\/en\/wp-json\/wp\/v2\/pages\/6921","targetHints":{"allow":["GET"]}}],"collection":[{"href":"https:\/\/www.emvico.se\/en\/wp-json\/wp\/v2\/pages"}],"about":[{"href":"https:\/\/www.emvico.se\/en\/wp-json\/wp\/v2\/types\/page"}],"author":[{"embeddable":true,"href":"https:\/\/www.emvico.se\/en\/wp-json\/wp\/v2\/users\/2"}],"replies":[{"embeddable":true,"href":"https:\/\/www.emvico.se\/en\/wp-json\/wp\/v2\/comments?post=6921"}],"version-history":[{"count":5,"href":"https:\/\/www.emvico.se\/en\/wp-json\/wp\/v2\/pages\/6921\/revisions"}],"predecessor-version":[{"id":6937,"href":"https:\/\/www.emvico.se\/en\/wp-json\/wp\/v2\/pages\/6921\/revisions\/6937"}],"up":[{"embeddable":true,"href":"https:\/\/www.emvico.se\/en\/wp-json\/wp\/v2\/pages\/6814"}],"wp:attachment":[{"href":"https:\/\/www.emvico.se\/en\/wp-json\/wp\/v2\/media?parent=6921"}],"curies":[{"name":"wp","href":"https:\/\/api.w.org\/{rel}","templated":true}]}}