{"id":7172,"date":"2026-04-21T12:02:42","date_gmt":"2026-04-21T11:02:42","guid":{"rendered":"https:\/\/www.emvico.se\/?page_id=7172"},"modified":"2026-04-28T08:23:11","modified_gmt":"2026-04-28T07:23:11","slug":"inflyttningsmingel","status":"publish","type":"page","link":"https:\/\/www.emvico.se\/en\/inflyttningsmingel\/","title":{"rendered":"Inflyttningsmingel"},"content":{"rendered":"<p>[et_pb_section fb_built=&#8221;1&#8243; disabled_on=&#8221;on|off|off&#8221; admin_label=&#8221;Desktop&#8221; _builder_version=&#8221;4.27.6&#8243; _module_preset=&#8221;default&#8221; background_color=&#8221;#ffffff&#8221; background_image=&#8221;https:\/\/www.emvico.se\/wp-content\/uploads\/2026\/04\/dot-background.png&#8221; background_size=&#8221;initial&#8221; background_repeat=&#8221;repeat&#8221; width=&#8221;100vw&#8221; min_height=&#8221;100vh&#8221; custom_margin=&#8221;0px|0px|0px|0px|false|false&#8221; custom_padding=&#8221;3rem|0px|0px|0px|false|false&#8221; global_colors_info=&#8221;{}&#8221;][et_pb_row column_structure=&#8221;1_2,1_2&#8243; _builder_version=&#8221;4.27.6&#8243; _module_preset=&#8221;default&#8221; use_background_color_gradient=&#8221;on&#8221; background_color_gradient_direction=&#8221;135deg&#8221; background_color_gradient_stops=&#8221;#f0f0f0 0%|#ffffff 67%|#f0f0f0 89%&#8221; width=&#8221;1364px&#8221; max_width=&#8221;1364px&#8221; height=&#8221;804px&#8221; max_height=&#8221;804px&#8221; custom_margin=&#8221;||||false|false&#8221; custom_padding=&#8221;0px|0px|0px|0px|false|false&#8221; custom_css_main_element=&#8221;display:flex;||align-items: center;&#8221; global_colors_info=&#8221;{}&#8221;][et_pb_column type=&#8221;1_2&#8243; _builder_version=&#8221;4.27.6&#8243; _module_preset=&#8221;default&#8221; custom_css_main_element=&#8221;flex: 1;||margin-right: 0!important;&#8221; global_colors_info=&#8221;{}&#8221;][et_pb_image src=&#8221;https:\/\/www.emvico.se\/wp-content\/uploads\/2026\/04\/Inflyttningsmingel-header.svg&#8221; title_text=&#8221;Inflyttningsmingel-header&#8221; align=&#8221;center&#8221; _builder_version=&#8221;4.27.6&#8243; _module_preset=&#8221;default&#8221; width=&#8221;27.25rem&#8221; height=&#8221;9.25rem&#8221; hover_enabled=&#8221;0&#8243; global_colors_info=&#8221;{}&#8221; sticky_enabled=&#8221;0&#8243;][\/et_pb_image][et_pb_text _builder_version=&#8221;4.27.6&#8243; _module_preset=&#8221;default&#8221; text_font=&#8221;&#8211;et_global_body_font|600|||||||&#8221; text_font_size=&#8221;1.75rem&#8221; text_line_height=&#8221;2em&#8221; global_colors_info=&#8221;{}&#8221;]<\/p>\n<p style=\"font-size: 1.75rem !important; text-align: center;\">Onsdag 13 maj<br \/>Start 16:00<\/p>\n<p>[\/et_pb_text][et_pb_text _builder_version=&#8221;4.27.6&#8243; _module_preset=&#8221;default&#8221; text_font=&#8221;&#8211;et_global_body_font|600|||||||&#8221; text_font_size=&#8221;1.75rem&#8221; global_colors_info=&#8221;{}&#8221;]<\/p>\n<p style=\"font-size: 1.75rem !important; text-align: center;\">\u00d6l, vin och enkel f\u00f6rt\u00e4ring med grillning om v\u00e4dret till\u00e5ter<\/p>\n<p>[\/et_pb_text][et_pb_text _builder_version=&#8221;4.27.6&#8243; _module_preset=&#8221;default&#8221; text_font=&#8221;&#8211;et_global_body_font|600|||||||&#8221; text_font_size=&#8221;1.75rem&#8221; global_colors_info=&#8221;{}&#8221;]<\/p>\n<p style=\"font-size: 1.25rem !important; text-align: center;\">Skicka anm\u00e4lan till aw@emvico.se (OSA 10 maj)<\/p>\n<p>[\/et_pb_text][et_pb_divider color=&#8221;RGBA(255,255,255,0)&#8221; _builder_version=&#8221;4.27.6&#8243; _module_preset=&#8221;default&#8221; global_colors_info=&#8221;{}&#8221;][\/et_pb_divider][et_pb_image src=&#8221;https:\/\/www.emvico.se\/wp-content\/uploads\/2026\/04\/emvico_logo_offensiv_it_centrerad_svart.svg&#8221; title_text=&#8221;Emvico logo offensiv it centrerad svart&#8221; align=&#8221;center&#8221; _builder_version=&#8221;4.27.6&#8243; _module_preset=&#8221;default&#8221; width=&#8221;16.5rem&#8221; height=&#8221;4rem&#8221; custom_margin=&#8221;||2rem||false|false&#8221; custom_padding=&#8221;||||false|false&#8221; global_colors_info=&#8221;{}&#8221;][\/et_pb_image][et_pb_text _builder_version=&#8221;4.27.6&#8243; _module_preset=&#8221;default&#8221; text_font=&#8221;&#8211;et_global_body_font|700||on|||||&#8221; text_font_size=&#8221;1.25rem&#8221; global_colors_info=&#8221;{}&#8221;]<\/p>\n<p style=\"text-align: center;\">Hufvudsta G\u00e5rd, Wagnshuset<br \/>Hufvudsta All\u00e9 21<\/p>\n<p>[\/et_pb_text][\/et_pb_column][et_pb_column type=&#8221;1_2&#8243; _builder_version=&#8221;4.27.6&#8243; _module_preset=&#8221;default&#8221; custom_css_main_element=&#8221;flex: 0 0 28rem;||height: 100%;&#8221; global_colors_info=&#8221;{}&#8221;][et_pb_image src=&#8221;https:\/\/www.emvico.se\/wp-content\/uploads\/2026\/04\/Ribbon.svg&#8221; title_text=&#8221;Ribbon cutting&#8221; _builder_version=&#8221;4.27.6&#8243; _module_preset=&#8221;default&#8221; positioning=&#8221;absolute&#8221; position_origin_a=&#8221;top_right&#8221; vertical_offset=&#8221;-2.5rem&#8221; horizontal_offset=&#8221;-5.5rem&#8221; width=&#8221;525px&#8221; height=&#8221;671px&#8221; global_colors_info=&#8221;{}&#8221;][\/et_pb_image][\/et_pb_column][\/et_pb_row][\/et_pb_section][et_pb_section fb_built=&#8221;1&#8243; disabled_on=&#8221;off|on|on&#8221; admin_label=&#8221;Mobile&#8221; _builder_version=&#8221;4.27.6&#8243; _module_preset=&#8221;default&#8221; background_color=&#8221;#ffffff&#8221; background_image=&#8221;https:\/\/www.emvico.se\/wp-content\/uploads\/2026\/04\/dot-background.png&#8221; background_size=&#8221;initial&#8221; background_repeat=&#8221;repeat&#8221; width=&#8221;100%&#8221; min_height=&#8221;100%&#8221; custom_margin=&#8221;0px|0px|0px|0px|false|false&#8221; custom_padding=&#8221;0px|0px|0px|0px|false|false&#8221; global_colors_info=&#8221;{}&#8221;][et_pb_row _builder_version=&#8221;4.27.6&#8243; _module_preset=&#8221;default&#8221; width=&#8221;100%&#8221; min_height=&#8221;100%&#8221; custom_margin=&#8221;||||false|false&#8221; custom_padding=&#8221;0px|1rem|4rem|1rem|false|false&#8221; custom_css_main_element=&#8221;display:flex;||align-items: center;&#8221; global_colors_info=&#8221;{}&#8221;][et_pb_column type=&#8221;4_4&#8243; _builder_version=&#8221;4.27.6&#8243; _module_preset=&#8221;default&#8221; custom_css_main_element=&#8221;flex: 1;||margin-right: 0!important;&#8221; global_colors_info=&#8221;{}&#8221;][et_pb_image src=&#8221;https:\/\/www.emvico.se\/wp-content\/uploads\/2026\/04\/Ribbon.svg&#8221; title_text=&#8221;Ribbon cutting&#8221; _builder_version=&#8221;4.27.6&#8243; _module_preset=&#8221;default&#8221; positioning=&#8221;relative&#8221; position_origin_a=&#8221;top_right&#8221; vertical_offset=&#8221;-6rem&#8221; horizontal_offset=&#8221;0px&#8221; width=&#8221;525px&#8221; height=&#8221;671px&#8221; global_colors_info=&#8221;{}&#8221;][\/et_pb_image][et_pb_image src=&#8221;https:\/\/www.emvico.se\/wp-content\/uploads\/2026\/04\/Inflyttningsmingel.svg&#8221; title_text=&#8221;Inflyttningsmingel&#8221; align=&#8221;center&#8221; _builder_version=&#8221;4.27.6&#8243; _module_preset=&#8221;default&#8221; height=&#8221;8rem&#8221; max_height=&#8221;8rem&#8221; global_colors_info=&#8221;{}&#8221;][\/et_pb_image][et_pb_text _builder_version=&#8221;4.27.6&#8243; _module_preset=&#8221;default&#8221; text_font=&#8221;&#8211;et_global_body_font|600|||||||&#8221; text_font_size=&#8221;1.5rem&#8221; text_line_height=&#8221;2em&#8221; global_colors_info=&#8221;{}&#8221;]<\/p>\n<p style=\"font-size: 1.5rem !important; line-height: 2.25rem; text-align: center;\">Onsdag 13 maj<br \/>\nStart 16:00<\/p>\n<p>[\/et_pb_text][et_pb_text _builder_version=&#8221;4.27.6&#8243; _module_preset=&#8221;default&#8221; text_font=&#8221;&#8211;et_global_body_font|600|||||||&#8221; text_font_size=&#8221;1.5rem&#8221; global_colors_info=&#8221;{}&#8221;]<\/p>\n<p style=\"font-size: 1.5rem !important; text-align: center;\">\u00d6l, vin och enkel f\u00f6rt\u00e4ring med grillning om v\u00e4dret till\u00e5ter<\/p>\n<p>[\/et_pb_text][et_pb_text _builder_version=&#8221;4.27.6&#8243; _module_preset=&#8221;default&#8221; text_font=&#8221;&#8211;et_global_body_font|600|||||||&#8221; text_font_size=&#8221;1.5rem&#8221; hover_enabled=&#8221;0&#8243; global_colors_info=&#8221;{}&#8221; sticky_enabled=&#8221;0&#8243;]<\/p>\n<p style=\"font-size: 1rem !important; text-align: center;\">Skicka anm\u00e4lan till aw@emvico.se (OSA 10 maj)<\/p>\n<p>[\/et_pb_text][et_pb_divider color=&#8221;RGBA(255,255,255,0)&#8221; _builder_version=&#8221;4.27.6&#8243; _module_preset=&#8221;default&#8221; global_colors_info=&#8221;{}&#8221;][\/et_pb_divider][et_pb_image src=&#8221;https:\/\/www.emvico.se\/wp-content\/uploads\/2026\/04\/emvico_logo_offensiv_it_centrerad_svart.svg&#8221; title_text=&#8221;Emvico logo offensiv it centrerad svart&#8221; align=&#8221;center&#8221; _builder_version=&#8221;4.27.6&#8243; _module_preset=&#8221;default&#8221; height=&#8221;3.25rem&#8221; global_colors_info=&#8221;{}&#8221;][\/et_pb_image][et_pb_text _builder_version=&#8221;4.27.6&#8243; _module_preset=&#8221;default&#8221; text_font=&#8221;&#8211;et_global_body_font|700||on|||||&#8221; text_font_size=&#8221;1.15rem&#8221; global_colors_info=&#8221;{}&#8221;]<\/p>\n<p style=\"text-align: center;\">Hufvudsta G\u00e5rd, Wagnshuset<br \/>Hufvudsta All\u00e9 21<\/p>\n<p>[\/et_pb_text][\/et_pb_column][\/et_pb_row][\/et_pb_section]<\/p>\n","protected":false},"excerpt":{"rendered":"<p>Onsdag 13 majStart 16:00\u00d6l, vin och enkel f\u00f6rt\u00e4ring med grillning om v\u00e4dret till\u00e5terSkicka anm\u00e4lan till aw@emvico.se (OSA 10 maj)Hufvudsta G\u00e5rd, WagnshusetHufvudsta All\u00e9 21Onsdag 13 maj Start 16:00\u00d6l, vin och enkel f\u00f6rt\u00e4ring med grillning om v\u00e4dret till\u00e5terSkicka anm\u00e4lan till aw@emvico.se (OSA 10 maj)Hufvudsta G\u00e5rd, WagnshusetHufvudsta All\u00e9 21<\/p>","protected":false},"author":2,"featured_media":0,"parent":0,"menu_order":0,"comment_status":"closed","ping_status":"closed","template":"","meta":{"_et_pb_use_builder":"on","_et_pb_old_content":"","_et_gb_content_width":"","inline_featured_image":false,"footnotes":""},"class_list":["post-7172","page","type-page","status-publish","hentry"],"yoast_head":"<!-- This site is optimized with the Yoast SEO plugin v27.3 - https:\/\/yoast.com\/product\/yoast-seo-wordpress\/ -->\n<title>Inflyttningsmingel |<\/title>\n<meta name=\"robots\" content=\"index, follow, max-snippet:-1, max-image-preview:large, max-video-preview:-1\" \/>\n<link rel=\"canonical\" href=\"https:\/\/www.emvico.se\/en\/inflyttningsmingel\/\" \/>\n<meta property=\"og:locale\" content=\"en_US\" \/>\n<meta property=\"og:type\" content=\"article\" \/>\n<meta property=\"og:title\" content=\"Inflyttningsmingel |\" \/>\n<meta property=\"og:description\" content=\"Onsdag 13 majStart 16:00\u00d6l, vin och enkel f\u00f6rt\u00e4ring med grillning om v\u00e4dret till\u00e5terSkicka anm\u00e4lan till aw@emvico.se (OSA 10 maj)Hufvudsta G\u00e5rd, WagnshusetHufvudsta All\u00e9 21Onsdag 13 maj Start 16:00\u00d6l, vin och enkel f\u00f6rt\u00e4ring med grillning om v\u00e4dret till\u00e5terSkicka anm\u00e4lan till aw@emvico.se (OSA 10 maj)Hufvudsta G\u00e5rd, WagnshusetHufvudsta All\u00e9 21\" \/>\n<meta property=\"og:url\" content=\"https:\/\/www.emvico.se\/en\/inflyttningsmingel\/\" \/>\n<meta property=\"article:modified_time\" content=\"2026-04-28T07:23:11+00:00\" \/>\n<meta property=\"og:image\" content=\"https:\/\/www.emvico.se\/wp-content\/uploads\/2025\/08\/open-graph-default-image.jpg\" \/>\n\t<meta property=\"og:image:width\" content=\"1200\" \/>\n\t<meta property=\"og:image:height\" content=\"675\" \/>\n\t<meta property=\"og:image:type\" content=\"image\/jpeg\" \/>\n<script type=\"application\/ld+json\" class=\"yoast-schema-graph\">{\"@context\":\"https:\\\/\\\/schema.org\",\"@graph\":[{\"@type\":\"WebPage\",\"@id\":\"https:\\\/\\\/www.emvico.se\\\/inflyttningsmingel\\\/\",\"url\":\"https:\\\/\\\/www.emvico.se\\\/inflyttningsmingel\\\/\",\"name\":\"Inflyttningsmingel |\",\"isPartOf\":{\"@id\":\"https:\\\/\\\/www.emvico.se\\\/#website\"},\"datePublished\":\"2026-04-21T11:02:42+00:00\",\"dateModified\":\"2026-04-28T07:23:11+00:00\",\"breadcrumb\":{\"@id\":\"https:\\\/\\\/www.emvico.se\\\/inflyttningsmingel\\\/#breadcrumb\"},\"inLanguage\":\"en-US\",\"potentialAction\":[{\"@type\":\"ReadAction\",\"target\":[\"https:\\\/\\\/www.emvico.se\\\/inflyttningsmingel\\\/\"]}]},{\"@type\":\"BreadcrumbList\",\"@id\":\"https:\\\/\\\/www.emvico.se\\\/inflyttningsmingel\\\/#breadcrumb\",\"itemListElement\":[{\"@type\":\"ListItem\",\"position\":1,\"name\":\"Home\",\"item\":\"https:\\\/\\\/www.emvico.se\\\/\"},{\"@type\":\"ListItem\",\"position\":2,\"name\":\"Inflyttningsmingel\"}]},{\"@type\":\"WebSite\",\"@id\":\"https:\\\/\\\/www.emvico.se\\\/#website\",\"url\":\"https:\\\/\\\/www.emvico.se\\\/\",\"name\":\"Emvico.se\",\"description\":\"When it is important\",\"publisher\":{\"@id\":\"https:\\\/\\\/www.emvico.se\\\/#organization\"},\"alternateName\":\"Emvico\",\"potentialAction\":[{\"@type\":\"SearchAction\",\"target\":{\"@type\":\"EntryPoint\",\"urlTemplate\":\"https:\\\/\\\/www.emvico.se\\\/?s={search_term_string}\"},\"query-input\":{\"@type\":\"PropertyValueSpecification\",\"valueRequired\":true,\"valueName\":\"search_term_string\"}}],\"inLanguage\":\"en-US\"},{\"@type\":\"Organization\",\"@id\":\"https:\\\/\\\/www.emvico.se\\\/#organization\",\"name\":\"Emvico AB\",\"alternateName\":\"Emvico\",\"url\":\"https:\\\/\\\/www.emvico.se\\\/\",\"logo\":{\"@type\":\"ImageObject\",\"inLanguage\":\"en-US\",\"@id\":\"https:\\\/\\\/www.emvico.se\\\/#\\\/schema\\\/logo\\\/image\\\/\",\"url\":\"https:\\\/\\\/www.emvico.se\\\/wp-content\\\/uploads\\\/2024\\\/05\\\/emvico_logo_black.svg\",\"contentUrl\":\"https:\\\/\\\/www.emvico.se\\\/wp-content\\\/uploads\\\/2024\\\/05\\\/emvico_logo_black.svg\",\"width\":200,\"height\":48,\"caption\":\"Emvico AB\"},\"image\":{\"@id\":\"https:\\\/\\\/www.emvico.se\\\/#\\\/schema\\\/logo\\\/image\\\/\"},\"sameAs\":[\"https:\\\/\\\/www.linkedin.com\\\/company\\\/emvico-ab\\\/\"]}]}<\/script>\n<!-- \/ Yoast SEO plugin. -->","yoast_head_json":{"title":"Inflyttningsmingel |","robots":{"index":"index","follow":"follow","max-snippet":"max-snippet:-1","max-image-preview":"max-image-preview:large","max-video-preview":"max-video-preview:-1"},"canonical":"https:\/\/www.emvico.se\/en\/inflyttningsmingel\/","og_locale":"en_US","og_type":"article","og_title":"Inflyttningsmingel |","og_description":"Onsdag 13 majStart 16:00\u00d6l, vin och enkel f\u00f6rt\u00e4ring med grillning om v\u00e4dret till\u00e5terSkicka anm\u00e4lan till aw@emvico.se (OSA 10 maj)Hufvudsta G\u00e5rd, WagnshusetHufvudsta All\u00e9 21Onsdag 13 maj Start 16:00\u00d6l, vin och enkel f\u00f6rt\u00e4ring med grillning om v\u00e4dret till\u00e5terSkicka anm\u00e4lan till aw@emvico.se (OSA 10 maj)Hufvudsta G\u00e5rd, WagnshusetHufvudsta All\u00e9 21","og_url":"https:\/\/www.emvico.se\/en\/inflyttningsmingel\/","article_modified_time":"2026-04-28T07:23:11+00:00","og_image":[{"width":1200,"height":675,"url":"https:\/\/www.emvico.se\/wp-content\/uploads\/2025\/08\/open-graph-default-image.jpg","type":"image\/jpeg"}],"schema":{"@context":"https:\/\/schema.org","@graph":[{"@type":"WebPage","@id":"https:\/\/www.emvico.se\/inflyttningsmingel\/","url":"https:\/\/www.emvico.se\/inflyttningsmingel\/","name":"Inflyttningsmingel |","isPartOf":{"@id":"https:\/\/www.emvico.se\/#website"},"datePublished":"2026-04-21T11:02:42+00:00","dateModified":"2026-04-28T07:23:11+00:00","breadcrumb":{"@id":"https:\/\/www.emvico.se\/inflyttningsmingel\/#breadcrumb"},"inLanguage":"en-US","potentialAction":[{"@type":"ReadAction","target":["https:\/\/www.emvico.se\/inflyttningsmingel\/"]}]},{"@type":"BreadcrumbList","@id":"https:\/\/www.emvico.se\/inflyttningsmingel\/#breadcrumb","itemListElement":[{"@type":"ListItem","position":1,"name":"Home","item":"https:\/\/www.emvico.se\/"},{"@type":"ListItem","position":2,"name":"Inflyttningsmingel"}]},{"@type":"WebSite","@id":"https:\/\/www.emvico.se\/#website","url":"https:\/\/www.emvico.se\/","name":"Emvico.se","description":"When it is important","publisher":{"@id":"https:\/\/www.emvico.se\/#organization"},"alternateName":"Emvico","potentialAction":[{"@type":"SearchAction","target":{"@type":"EntryPoint","urlTemplate":"https:\/\/www.emvico.se\/?s={search_term_string}"},"query-input":{"@type":"PropertyValueSpecification","valueRequired":true,"valueName":"search_term_string"}}],"inLanguage":"en-US"},{"@type":"Organization","@id":"https:\/\/www.emvico.se\/#organization","name":"Emvico AB","alternateName":"Emvico","url":"https:\/\/www.emvico.se\/","logo":{"@type":"ImageObject","inLanguage":"en-US","@id":"https:\/\/www.emvico.se\/#\/schema\/logo\/image\/","url":"https:\/\/www.emvico.se\/wp-content\/uploads\/2024\/05\/emvico_logo_black.svg","contentUrl":"https:\/\/www.emvico.se\/wp-content\/uploads\/2024\/05\/emvico_logo_black.svg","width":200,"height":48,"caption":"Emvico AB"},"image":{"@id":"https:\/\/www.emvico.se\/#\/schema\/logo\/image\/"},"sameAs":["https:\/\/www.linkedin.com\/company\/emvico-ab\/"]}]}},"_links":{"self":[{"href":"https:\/\/www.emvico.se\/en\/wp-json\/wp\/v2\/pages\/7172","targetHints":{"allow":["GET"]}}],"collection":[{"href":"https:\/\/www.emvico.se\/en\/wp-json\/wp\/v2\/pages"}],"about":[{"href":"https:\/\/www.emvico.se\/en\/wp-json\/wp\/v2\/types\/page"}],"author":[{"embeddable":true,"href":"https:\/\/www.emvico.se\/en\/wp-json\/wp\/v2\/users\/2"}],"replies":[{"embeddable":true,"href":"https:\/\/www.emvico.se\/en\/wp-json\/wp\/v2\/comments?post=7172"}],"version-history":[{"count":34,"href":"https:\/\/www.emvico.se\/en\/wp-json\/wp\/v2\/pages\/7172\/revisions"}],"predecessor-version":[{"id":7243,"href":"https:\/\/www.emvico.se\/en\/wp-json\/wp\/v2\/pages\/7172\/revisions\/7243"}],"wp:attachment":[{"href":"https:\/\/www.emvico.se\/en\/wp-json\/wp\/v2\/media?parent=7172"}],"curies":[{"name":"wp","href":"https:\/\/api.w.org\/{rel}","templated":true}]}}